{"id":2933,"date":"2022-06-17T14:59:29","date_gmt":"2022-06-17T17:59:29","guid":{"rendered":"https:\/\/startcircular.obreal.net\/sorodne-pobude\/"},"modified":"2023-11-23T16:48:13","modified_gmt":"2023-11-23T19:48:13","slug":"sorodne-pobude","status":"publish","type":"page","link":"https:\/\/startcircular.obreal.org\/sl\/sorodne-pobude\/","title":{"rendered":"Sorodne pobude"},"content":{"rendered":"\n  <div id=\"page-header-148955279\" class=\"page-header-wrapper\">\n  <div class=\"page-title light featured-title\">\n\n        <div class=\"page-title-bg\">\n      <div class=\"title-bg fill bg-fill\"\n        data-parallax-container=\".page-title\"\n        data-parallax-background\n        data-parallax=\"-\">\n      <\/div>\n      <div class=\"title-overlay fill\"><\/div>\n    <\/div>\n    \n    <div class=\"page-title-inner container align-center text-center flex-row-col medium-flex-wrap\" >\n              <div class=\"title-wrapper flex-col\">\n          <h1 class=\"entry-title mb-0\">\n            POVEZANE POBUDE          <\/h1>\n        <\/div>\n                    <div class=\"title-content flex-col\">\n        <ul class=\"nav sm-touch-scroll nav-line nav-uppercase text-center nav-center\"><li class=\"nav-single-page hidden\"><\/li><\/ul>      <\/div>\n    <\/div>\n\n     \n<style>\n#page-header-148955279 .page-title-inner {\n  min-height: 200px;\n}\n#page-header-148955279 .title-bg {\n  background-image: url(https:\/\/startcircular.obreal.org\/wp-content\/uploads\/sites\/3\/2022\/06\/banner-5.jpg);\n  background-position: 49% 82%;\n}\n#page-header-148955279 .title-overlay {\n  background-color: rgba(0, 0, 0, 0);\n}\n@media (min-width:550px) {\n  #page-header-148955279 .page-title-inner {\n    min-height: 300px;\n  }\n}\n<\/style>\n  <\/div>\n    <\/div>\n  \n\n\t<section class=\"section\" id=\"section_337303330\">\n\t\t<div class=\"bg section-bg fill bg-fill  bg-loaded\" >\n\n\t\t\t\n\t\t\t\n\t\t\t\n\n\t\t<\/div>\n\n\t\t\n\n\t\t<div class=\"section-content relative\">\n\t\t\t\n\n<div class=\"row\"  id=\"row-710808940\">\n\n\n\t<div id=\"col-30767555\" class=\"col small-12 large-12\"  >\n\t\t\t\t<div class=\"col-inner\" style=\"background-color:rgb(255,255,255);\" >\n\t\t\t\n\t\t\t\n\n<div class=\"row align-center\"  id=\"row-166812060\">\n\n\n\t<div id=\"col-1893587140\" class=\"col medium-9 small-10 large-11\"  >\n\t\t\t\t<div class=\"col-inner text-center\"  >\n\t\t\t\n\t\t\t\n\n\t<div id=\"text-2116561823\" class=\"text\">\n\t\t\n\n<h3> <\/h3>\n<h3><span data-text-color=\"primary\"><strong>Circular Start: <\/strong><\/span><\/h3>\n<p><span style=\"font-weight: 400\">Veliko novoustanovljenih podjetij in mladih podjetnikov, ki na trg prina\u0161ajo sve\u017ee in prelomne ideje, nimajo strokovnega znanja o kro\u017enih poslovnih modelih in ne morejo izkoristiti trajnostnih tr\u017enih prilo\u017enosti. <\/span><\/p>\n<p><span style=\"font-weight: 400\">CircularStart obravnava ta izziv in \u017eeli ponuditi novo inovativno gradivo za usposabljanje o trajnostnih in kro\u017enih poslovnih modelih. Med projektom bo u\u010dno gradivo testirano z inkubatorji in na koncu objavljeno na spletni strani.<\/span><\/p>\n<p><a href=\"https:\/\/www.circularstart.eu\/\" target=\"_blank\" rel=\"noopener\"><span style=\"font-weight: 400\">https:\/\/www.circularstart.eu\/<\/span><\/a><\/p>\n\t\t\n<style>\n#text-2116561823 {\n  text-align: left;\n}\n<\/style>\n\t<\/div>\n\t\n\n\t\t<\/div>\n\t\t\t\t\n<style>\n#col-1893587140 > .col-inner {\n  margin: -25px 0px 20px 0px;\n}\n@media (min-width:550px) {\n  #col-1893587140 > .col-inner {\n    margin: 20px 0px 20px 0px;\n  }\n}\n<\/style>\n\t<\/div>\n\n\t\n\n<\/div>\n\n\t\t<\/div>\n\t\t\t\t\n<style>\n#col-30767555 > .col-inner {\n  padding: 50px 0px 0px 0px;\n  margin: -70px 0px 0px 0px;\n}\n<\/style>\n\t<\/div>\n\n\t\n\n<\/div>\n\n\t\t<\/div>\n\n\t\t\n<style>\n#section_337303330 {\n  padding-top: 0px;\n  padding-bottom: 0px;\n}\n@media (min-width:550px) {\n  #section_337303330 {\n    padding-top: 30px;\n    padding-bottom: 30px;\n  }\n}\n<\/style>\n\t<\/section>\n\t\n","protected":false},"excerpt":{"rendered":"","protected":false},"author":3,"featured_media":0,"parent":0,"menu_order":0,"comment_status":"closed","ping_status":"closed","template":"page-blank.php","meta":{"_kad_blocks_custom_css":"","_kad_blocks_head_custom_js":"","_kad_blocks_body_custom_js":"","_kad_blocks_footer_custom_js":"","footnotes":""},"class_list":["post-2933","page","type-page","status-publish","hentry"],"taxonomy_info":[],"featured_image_src_large":false,"author_info":{"display_name":"Bea King","author_link":"https:\/\/startcircular.obreal.org\/sl\/author\/beaking\/"},"comment_info":"","_links":{"self":[{"href":"https:\/\/startcircular.obreal.org\/sl\/wp-json\/wp\/v2\/pages\/2933","targetHints":{"allow":["GET"]}}],"collection":[{"href":"https:\/\/startcircular.obreal.org\/sl\/wp-json\/wp\/v2\/pages"}],"about":[{"href":"https:\/\/startcircular.obreal.org\/sl\/wp-json\/wp\/v2\/types\/page"}],"author":[{"embeddable":true,"href":"https:\/\/startcircular.obreal.org\/sl\/wp-json\/wp\/v2\/users\/3"}],"replies":[{"embeddable":true,"href":"https:\/\/startcircular.obreal.org\/sl\/wp-json\/wp\/v2\/comments?post=2933"}],"version-history":[{"count":4,"href":"https:\/\/startcircular.obreal.org\/sl\/wp-json\/wp\/v2\/pages\/2933\/revisions"}],"predecessor-version":[{"id":5514,"href":"https:\/\/startcircular.obreal.org\/sl\/wp-json\/wp\/v2\/pages\/2933\/revisions\/5514"}],"wp:attachment":[{"href":"https:\/\/startcircular.obreal.org\/sl\/wp-json\/wp\/v2\/media?parent=2933"}],"curies":[{"name":"wp","href":"https:\/\/api.w.org\/{rel}","templated":true}]}}