{"id":2927,"date":"2021-06-11T18:08:48","date_gmt":"2021-06-11T21:08:48","guid":{"rendered":"https:\/\/startcircular.obreal.net\/cilji\/"},"modified":"2023-11-23T16:08:31","modified_gmt":"2023-11-23T19:08:31","slug":"cilji","status":"publish","type":"page","link":"https:\/\/startcircular.obreal.org\/sl\/cilji\/","title":{"rendered":"Cilji"},"content":{"rendered":"\n  <div id=\"page-header-1166435561\" class=\"page-header-wrapper\">\n  <div class=\"page-title light featured-title\">\n\n        <div class=\"page-title-bg\">\n      <div class=\"title-bg fill bg-fill\"\n        data-parallax-container=\".page-title\"\n        data-parallax-background\n        data-parallax=\"-\">\n      <\/div>\n      <div class=\"title-overlay fill\"><\/div>\n    <\/div>\n    \n    <div class=\"page-title-inner container align-center text-center flex-row-col medium-flex-wrap\" >\n              <div class=\"title-wrapper flex-col\">\n          <h1 class=\"entry-title mb-0\">\n            CILJI          <\/h1>\n        <\/div>\n                    <div class=\"title-content flex-col\">\n        <ul class=\"nav sm-touch-scroll nav-line nav-uppercase text-center nav-center\"><li class=\"nav-single-page hidden\"><\/li><\/ul>      <\/div>\n    <\/div>\n\n     \n<style>\n#page-header-1166435561 .page-title-inner {\n  min-height: 200px;\n}\n#page-header-1166435561 .title-bg {\n  background-image: url(https:\/\/startcircular.obreal.org\/wp-content\/uploads\/sites\/3\/2022\/06\/banner-5.jpg);\n  background-position: 50% 53%;\n}\n#page-header-1166435561 .title-overlay {\n  background-color: rgba(0, 0, 0, 0);\n}\n@media (min-width:550px) {\n  #page-header-1166435561 .page-title-inner {\n    min-height: 300px;\n  }\n}\n<\/style>\n  <\/div>\n    <\/div>\n  \n\n\t<section class=\"section\" id=\"section_180195838\">\n\t\t<div class=\"bg section-bg fill bg-fill  bg-loaded\" >\n\n\t\t\t\n\t\t\t\n\t\t\t\n\n\t\t<\/div>\n\n\t\t\n\n\t\t<div class=\"section-content relative\">\n\t\t\t\n\n<div class=\"row\"  id=\"row-1812251851\">\n\n\n\t<div id=\"col-1115756854\" class=\"col small-12 large-12\"  >\n\t\t\t\t<div class=\"col-inner\" style=\"background-color:rgb(255,255,255);\" >\n\t\t\t\n\t\t\t\n\n<div class=\"row align-center\"  id=\"row-288707707\">\n\n\n\t<div id=\"col-2012137808\" class=\"col medium-9 small-10 large-9\"  >\n\t\t\t\t<div class=\"col-inner text-center\"  >\n\t\t\t\n\t\t\t\n\n<h3> <\/h3>\n<p class=\"font_8\" style=\"text-align: left\"><span style=\"font-weight: 400\">START CIRCULAR se za\u010denja v pravem \u010dasu. Zagovarja bolj celostni pristop k upravljanju odnosov med univerzitetno industrijo, podpornih storitev in pou\u010devanja za podjetni\u0161tvo in trajnost, pri \u010demer se osredoto\u010da na to, kako naj to podpirajo na\u010dela kro\u017enega gospodarstva. Z vklju\u010devanjem mestnih in regionalnih univerz razli\u010dnih zmogljivosti, MSP in nevladnih organizacij bo slu\u017eil kot platforma za izmenjavo praks pri usposabljanju mladih &#8216;zelenih&#8217; podjetnikov in vodij.<\/span><\/p>\n<p> <\/p>\n<p class=\"font_8\" style=\"text-align: left\"><span data-text-color=\"primary\"><strong>Cilji projekta so naslednji: <\/strong><\/span><\/p>\n<p class=\"font_8\" style=\"text-align: left\"><span style=\"font-weight: 400\"><span data-text-color=\"primary\"><strong>1.<\/strong><\/span> 1. Razviti celostni model upravljanja podjetni\u0161tva, ki temelji na kro\u017enem gospodarstvu, izvajajo pa ga univerze in mala in srednje velika podjetja v partnerstvu, da bi okrepili razvoj spretnosti in ustvarjanje delovnih mest, povezanih z na\u010deli kro\u017enega gospodarstva. <\/span><\/p>\n<p class=\"font_8\" style=\"text-align: left\"><span style=\"font-weight: 400\"><span data-text-color=\"primary\"><strong>2.<\/strong><\/span> 2. Uporabiti ta model na univerzah z razli\u010dnimi zmogljivostmi in potrebami v Evropi, kot sredstvo za pove\u010danje \u0161tevila diplomantov, ki so pripravljeni postati podjetniki ali bodo\u010di voditelji v kro\u017enem gospodarstvu. <\/span><\/p>\n<p class=\"font_8\" style=\"text-align: left\"><span style=\"font-weight: 400\"><span data-text-color=\"primary\"><strong>3.<\/strong><\/span> 3. V okviru njegove uporabe usposabljati univerzitetno pedago\u0161ko in administrativno osebje ter osebje malih in srednje velikih podjetij o sorazvoju \u0161tudijskih programov in pristopov u\u010denja, integriranega v delo, povezanih s kro\u017enim gospodarstvom. <\/span><\/p>\n<p class=\"font_8\" style=\"text-align: left\"><span style=\"font-weight: 400\"><span data-text-color=\"primary\"><strong>4.<\/strong><\/span> Vzpostaviti,<\/span><span style=\"font-weight: 400\">povezati in internacionalizirati Sustainability Labs na partnerskih univerzah, za pomo\u010d\/usposabljanje \u0161tudentov in mladih diplomantov pri razvoju podjetij, ki vklju\u010dujejo kro\u017eno gospodarstvo in soodgovornost.<\/span><\/p>\n\n\t\t<\/div>\n\t\t\t\t\n<style>\n#col-2012137808 > .col-inner {\n  margin: 20px 0px 20px 0px;\n}\n<\/style>\n\t<\/div>\n\n\t\n\n<\/div>\n\n\t\t<\/div>\n\t\t\t\t\n<style>\n#col-1115756854 > .col-inner {\n  padding: 0px 0px 0px 0px;\n  margin: -70px 0px 0px 0px;\n}\n@media (min-width:550px) {\n  #col-1115756854 > .col-inner {\n    padding: 50px 0px 0px 0px;\n  }\n}\n<\/style>\n\t<\/div>\n\n\t\n\n<\/div>\n\n\t\t<\/div>\n\n\t\t\n<style>\n#section_180195838 {\n  padding-top: 30px;\n  padding-bottom: 30px;\n}\n<\/style>\n\t<\/section>\n\t\n","protected":false},"excerpt":{"rendered":"","protected":false},"author":3,"featured_media":0,"parent":0,"menu_order":0,"comment_status":"closed","ping_status":"closed","template":"page-blank.php","meta":{"_kad_blocks_custom_css":"","_kad_blocks_head_custom_js":"","_kad_blocks_body_custom_js":"","_kad_blocks_footer_custom_js":"","footnotes":""},"class_list":["post-2927","page","type-page","status-publish","hentry"],"taxonomy_info":[],"featured_image_src_large":false,"author_info":{"display_name":"Bea King","author_link":"https:\/\/startcircular.obreal.org\/sl\/author\/beaking\/"},"comment_info":"","_links":{"self":[{"href":"https:\/\/startcircular.obreal.org\/sl\/wp-json\/wp\/v2\/pages\/2927","targetHints":{"allow":["GET"]}}],"collection":[{"href":"https:\/\/startcircular.obreal.org\/sl\/wp-json\/wp\/v2\/pages"}],"about":[{"href":"https:\/\/startcircular.obreal.org\/sl\/wp-json\/wp\/v2\/types\/page"}],"author":[{"embeddable":true,"href":"https:\/\/startcircular.obreal.org\/sl\/wp-json\/wp\/v2\/users\/3"}],"replies":[{"embeddable":true,"href":"https:\/\/startcircular.obreal.org\/sl\/wp-json\/wp\/v2\/comments?post=2927"}],"version-history":[{"count":4,"href":"https:\/\/startcircular.obreal.org\/sl\/wp-json\/wp\/v2\/pages\/2927\/revisions"}],"predecessor-version":[{"id":5491,"href":"https:\/\/startcircular.obreal.org\/sl\/wp-json\/wp\/v2\/pages\/2927\/revisions\/5491"}],"wp:attachment":[{"href":"https:\/\/startcircular.obreal.org\/sl\/wp-json\/wp\/v2\/media?parent=2927"}],"curies":[{"name":"wp","href":"https:\/\/api.w.org\/{rel}","templated":true}]}}