{"id":2919,"date":"2021-06-11T20:01:33","date_gmt":"2021-06-11T23:01:33","guid":{"rendered":"https:\/\/startcircular.obreal.net\/dejavnosti\/"},"modified":"2023-11-23T16:17:34","modified_gmt":"2023-11-23T19:17:34","slug":"dejavnosti","status":"publish","type":"page","link":"https:\/\/startcircular.obreal.org\/sl\/dejavnosti\/","title":{"rendered":"Dejavnosti"},"content":{"rendered":"\n  <div id=\"page-header-1428363242\" class=\"page-header-wrapper\">\n  <div class=\"page-title light featured-title\">\n\n        <div class=\"page-title-bg\">\n      <div class=\"title-bg fill bg-fill\"\n        data-parallax-container=\".page-title\"\n        data-parallax-background\n        data-parallax=\"-\">\n      <\/div>\n      <div class=\"title-overlay fill\"><\/div>\n    <\/div>\n    \n    <div class=\"page-title-inner container align-center text-center flex-row-col medium-flex-wrap\" >\n              <div class=\"title-wrapper flex-col\">\n          <h1 class=\"entry-title mb-0\">\n            PROJEKTNE AKTIVNOSTI IN FAZE          <\/h1>\n        <\/div>\n                    <div class=\"title-content flex-col\">\n        <ul class=\"nav sm-touch-scroll nav-line nav-uppercase text-center nav-center\"><li class=\"nav-single-page hidden\"><\/li><\/ul>      <\/div>\n    <\/div>\n\n     \n<style>\n#page-header-1428363242 .page-title-inner {\n  min-height: 261px;\n}\n#page-header-1428363242 .title-bg {\n  background-image: url(https:\/\/startcircular.obreal.org\/wp-content\/uploads\/sites\/3\/2022\/06\/banner-5.jpg);\n  background-position: 49% 82%;\n}\n#page-header-1428363242 .title-overlay {\n  background-color: rgba(0, 0, 0, 0);\n}\n@media (min-width:550px) {\n  #page-header-1428363242 .page-title-inner {\n    min-height: 300px;\n  }\n}\n<\/style>\n  <\/div>\n    <\/div>\n  \n\n\t<section class=\"section\" id=\"section_1571341820\">\n\t\t<div class=\"bg section-bg fill bg-fill  bg-loaded\" >\n\n\t\t\t\n\t\t\t\n\t\t\t\n\n\t\t<\/div>\n\n\t\t\n\n\t\t<div class=\"section-content relative\">\n\t\t\t\n\n<div class=\"row\"  id=\"row-1337459206\">\n\n\n\t<div id=\"col-327157058\" class=\"col small-12 large-12\"  >\n\t\t\t\t<div class=\"col-inner\" style=\"background-color:rgb(255,255,255);\" >\n\t\t\t\n\t\t\t\n\n<div class=\"row align-center\"  id=\"row-830357062\">\n\n\n\t<div id=\"col-2031658538\" class=\"col medium-9 small-10 large-11\"  >\n\t\t\t\t<div class=\"col-inner text-center\"  >\n\t\t\t\n\t\t\t\n\n\t<div id=\"text-3446486146\" class=\"text\">\n\t\t\n\n<h3> <\/h3>\n<h3><span data-text-color=\"primary\"><strong>Projekt Start Circular je razdeljen na 5 FAZ: <\/strong><\/span><\/h3>\n<p><span style=\"font-weight: 400\"><span data-text-color=\"primary\" data-line-height=\"s\"><strong>1. faza:<\/strong> <span data-text-color=\"success\"><strong>M1-2 \u2013 Priprava:<\/strong><\/span><\/span> Utrditev delovnih metod in operativnega na\u010drta,<\/span><\/p>\n<p><span style=\"font-weight: 400\"> <span data-text-color=\"primary\"><strong>2. faza: <\/strong> <span style=\"color: #339966\" data-text-color=\"success\"><strong>M3 \u2013 M10 \u2013 <\/strong><\/span><\/span> Razvoj in implementacija Integriranega modela podjetni\u0161kega upravljanja za kro\u017eno gospodarstvo <\/span><\/p>\n<p><span style=\"font-weight: 400\"><span data-text-color=\"primary\"><strong>Faza 3: <\/strong> <span data-text-color=\"success\"><strong>M10 \u2013 M20 Usposabljanje osebja: <\/strong><\/span><\/span>Univerze in MSP v partnerstvu za izvajanje modela \u00bc M20 \u2013 28 \u2013 Laboratoriji za trajnostno rast<\/span><\/p>\n<p><span style=\"font-weight: 400\"><span data-text-color=\"primary\"><strong>4. faza:<\/strong><\/span>Izvedba laboratorija za trajnost.<\/span><\/p>\n<p><span style=\"font-weight: 400\"><span data-text-color=\"primary\"><strong>Faza 5:<\/strong> <span data-text-color=\"success\"><strong>M28-M36 \u2013 Konsolidacija in trajnost:<\/strong><\/span><\/span> Platforma za povezovanje laboratorijev trajnostne rasti. Faze, ki nadgrajujejo druga drugo. <\/span><\/p>\n<p><span style=\"font-weight: 400\">Faza 1 je bistvena za soglasje k operativnemu na\u010drtu, na\u010drtu vrednotenja ter za utrjevanje delovnih odnosov in gradnjo zaupanja. To vklju\u010duje KOM in usposabljanje o na\u010drtu vrednotenja. <\/span><\/p>\n<p><span style=\"font-weight: 400\">2. faza bo namenjena razvoju model <\/span><b>podjetni\u0161kega upravljanja za kro\u017eno gospodarstvo (rezultat projekta \u2013 PR1). <\/b><span style=\"font-weight: 400\">Vklju\u010devalo bo fokusne skupine, ki se izvajajo v partnerstvu, v vsaki partnerski dr\u017eavi\/regiji, ki preu\u010duje: <\/span> <\/p>\n<p><span style=\"font-weight: 400\">1) univerzitetni pou\u010devanje za podjetni\u0161tvo v kro\u017enem gospodarstvu, <\/span><\/p>\n<p><span style=\"font-weight: 400\">2) izku\u0161nje z obstoje\u010dimi inovacijskimi laboratoriji, inkubatorji in podobnimi strukturami ter <\/span><\/p>\n<p><span style=\"font-weight: 400\">3) pri\u010dakovanja in dojemanja delodajalca. <\/span><\/p>\n<p><span style=\"font-weight: 400\">Poleg tega bo za partnerje organiziran \u0161tudijski obisk UBI, kjer bodo koncepti, povezani z modelom, podrobneje preu\u010deni in preu\u010den bo primer laboratorija za inovacije. V povezavi s \u0161tudijskim obiskom bodo organizirana sre\u010danja za ozave\u0161\u010danje z MSP, da bi raz\u0161irili nabor sodelovanja in povratnih informacij MSP. Za preoblikovanje teh informacij v uporaben model bo delovna skupina (RENCIS, ULPCG, Renteh in ELUM) pripravila poro\u010dilo o obsegu, ki bo navzkri\u017eno ocenilo in analiziralo rezultate fokusnih skupin in \u0161tudijskega obiska ter predlagalo osnutek modela, ki bo biti strokovno pregledan in dokon\u010dno potrjen s strani PMG. Nato bo vsaka partnerska univerza ocenila, katere elemente modela \u017ee ima in katere elemente je treba \u0161e razviti ali artikulirati. Vsaka partnerska univerza bo nato izdelala \u201eizvedbeni na\u010drt\u201c, kjer bodo opisani takoj\u0161nji in dolgoro\u010dni ukrepi. <\/span><\/p>\n<p><span style=\"font-weight: 400\">Faza 3 vklju\u010duje <\/span><b>celovit paket usposabljanja, ki je namenjen univerzitetnemu u\u010diteljskemu in administrativnemu osebju ter srednjemu vodstvu v MSP (PR2). <\/b><span style=\"font-weight: 400\">. Zasnovan je za opremljanje univerzitetnega osebja in MSP z orodji, potrebnimi za izvajanje razli\u010dnih komponent modela: sodelovalno, transdisciplinarno pou\u010devanje, \u0161tudentske storitve za podjetni\u0161tvo in laboratoriji za trajnost. Komisija za usposabljanje bo oblikovala program, sestavljen iz 3 virtualnih in 1 fizi\u010dne delavnice (me\u0161an pristop). Izbrano osebje partnerjev univerze in MSP bo izpolnilo u\u010dne na\u010drte. Uveden bo dinami\u010dni portal za usposabljanje, ki bo temeljil na napredni konferen\u010dni programski opremi, ki bo sredstvo za spodbujanje komunikacije in izmenjave virov. <\/span><\/p>\n<p><span style=\"font-weight: 400\">V 4. fazi bodo partnerji uresni\u010devali vidik modela v obliki: <\/span><b>Trajnostnega laboratorija (PR3).<\/b><span style=\"font-weight: 400\">. S tem bodo lahko podprli svoje diplomante s prakti\u010dnimi poslovnimi orodji za trajnostno gospodarstvo. V enem semestru se bodo izbrani \u0161tudenti usposabljali o oblikovanju poslovnega koncepta ali projekta, ki ga bodo imeli prilo\u017enost predstaviti na multiplikacijskem dogodku, kjer bodo sodelovali z MSP. Ob koncu pilotnega semestra bo opravljeno ocenjevanje tega, kaj so se \u0161tudenti nau\u010dili, v kolik\u0161ni meri so ustvarili izvedljive poslovne na\u010drte in perspektive za Lab Platform. Kon\u010dno bo projekt zagotovil tudi <\/span><b>platformo, prek katere bo povezan Sustainability Lab (PR4). <\/b><span style=\"font-weight: 400\">To bo sredstvo za izmenjavo virov in omogo\u010danje \u0161tudentom ter MSP v eni dr\u017eavi ali regiji, da delijo ideje in celo sodelujejo pri razvoju s tistimi, ki sodelujejo v laboratoriju v drugi regiji. To bo internacionaliziralo laboratorije in zagotovilo tudi platformo za nadaljnje sodelovanje in povezljivost.<\/span><\/p>\n\t\t\n<style>\n#text-3446486146 {\n  text-align: left;\n}\n<\/style>\n\t<\/div>\n\t\n\n\t\t<\/div>\n\t\t\t\t\n<style>\n#col-2031658538 > .col-inner {\n  margin: -25px 0px 20px 0px;\n}\n@media (min-width:550px) {\n  #col-2031658538 > .col-inner {\n    margin: 20px 0px 20px 0px;\n  }\n}\n<\/style>\n\t<\/div>\n\n\t\n\n<\/div>\n\n\t\t<\/div>\n\t\t\t\t\n<style>\n#col-327157058 > .col-inner {\n  padding: 50px 0px 0px 0px;\n  margin: -70px 0px 0px 0px;\n}\n<\/style>\n\t<\/div>\n\n\t\n\n<\/div>\n\n\t\t<\/div>\n\n\t\t\n<style>\n#section_1571341820 {\n  padding-top: 0px;\n  padding-bottom: 0px;\n}\n@media (min-width:550px) {\n  #section_1571341820 {\n    padding-top: 30px;\n    padding-bottom: 30px;\n  }\n}\n<\/style>\n\t<\/section>\n\t\n","protected":false},"excerpt":{"rendered":"","protected":false},"author":3,"featured_media":0,"parent":0,"menu_order":0,"comment_status":"closed","ping_status":"closed","template":"page-blank.php","meta":{"_kad_blocks_custom_css":"","_kad_blocks_head_custom_js":"","_kad_blocks_body_custom_js":"","_kad_blocks_footer_custom_js":"","footnotes":""},"class_list":["post-2919","page","type-page","status-publish","hentry"],"taxonomy_info":[],"featured_image_src_large":false,"author_info":{"display_name":"Bea King","author_link":"https:\/\/startcircular.obreal.org\/sl\/author\/beaking\/"},"comment_info":"","_links":{"self":[{"href":"https:\/\/startcircular.obreal.org\/sl\/wp-json\/wp\/v2\/pages\/2919","targetHints":{"allow":["GET"]}}],"collection":[{"href":"https:\/\/startcircular.obreal.org\/sl\/wp-json\/wp\/v2\/pages"}],"about":[{"href":"https:\/\/startcircular.obreal.org\/sl\/wp-json\/wp\/v2\/types\/page"}],"author":[{"embeddable":true,"href":"https:\/\/startcircular.obreal.org\/sl\/wp-json\/wp\/v2\/users\/3"}],"replies":[{"embeddable":true,"href":"https:\/\/startcircular.obreal.org\/sl\/wp-json\/wp\/v2\/comments?post=2919"}],"version-history":[{"count":6,"href":"https:\/\/startcircular.obreal.org\/sl\/wp-json\/wp\/v2\/pages\/2919\/revisions"}],"predecessor-version":[{"id":5493,"href":"https:\/\/startcircular.obreal.org\/sl\/wp-json\/wp\/v2\/pages\/2919\/revisions\/5493"}],"wp:attachment":[{"href":"https:\/\/startcircular.obreal.org\/sl\/wp-json\/wp\/v2\/media?parent=2919"}],"curies":[{"name":"wp","href":"https:\/\/api.w.org\/{rel}","templated":true}]}}