{"id":2917,"date":"2021-06-11T18:08:29","date_gmt":"2021-06-11T21:08:29","guid":{"rendered":"https:\/\/startcircular.obreal.net\/o-nas\/"},"modified":"2023-11-23T16:35:41","modified_gmt":"2023-11-23T19:35:41","slug":"o-nas","status":"publish","type":"page","link":"https:\/\/startcircular.obreal.org\/sl\/o-nas\/","title":{"rendered":"O nas"},"content":{"rendered":"\n  <div id=\"page-header-1809486049\" class=\"page-header-wrapper\">\n  <div class=\"page-title light featured-title\">\n\n        <div class=\"page-title-bg\">\n      <div class=\"title-bg fill bg-fill\"\n        data-parallax-container=\".page-title\"\n        data-parallax-background\n        data-parallax=\"-\">\n      <\/div>\n      <div class=\"title-overlay fill\"><\/div>\n    <\/div>\n    \n    <div class=\"page-title-inner container align-center text-center flex-row-col medium-flex-wrap\" >\n              <div class=\"title-wrapper flex-col\">\n          <h1 class=\"entry-title mb-0\">\n            O ZA\u010cETNEM KRO\u017dNEM          <\/h1>\n        <\/div>\n                    <div class=\"title-content flex-col\">\n        <ul class=\"nav sm-touch-scroll nav-line nav-uppercase text-center nav-center\"><li class=\"nav-single-page hidden\"><\/li><\/ul>      <\/div>\n    <\/div>\n\n     \n<style>\n#page-header-1809486049 .page-title-inner {\n  min-height: 200px;\n}\n#page-header-1809486049 .title-bg {\n  background-image: url(https:\/\/startcircular.obreal.org\/wp-content\/uploads\/sites\/3\/2022\/06\/banner-5.jpg);\n  background-position: 40% 39%;\n}\n#page-header-1809486049 .title-overlay {\n  background-color: rgba(0, 0, 0, 0);\n}\n#page-header-1809486049 .featured-title {\n  background-color: rgba(0, 0, 0, 0.14);\n}\n@media (min-width:550px) {\n  #page-header-1809486049 .page-title-inner {\n    min-height: 300px;\n  }\n}\n<\/style>\n  <\/div>\n    <\/div>\n  \n\n\t<section class=\"section\" id=\"section_1733111471\">\n\t\t<div class=\"bg section-bg fill bg-fill  bg-loaded\" >\n\n\t\t\t\n\t\t\t\n\t\t\t\n\n\t\t<\/div>\n\n\t\t\n\n\t\t<div class=\"section-content relative\">\n\t\t\t\n\n<div class=\"row\"  id=\"row-1591398089\">\n\n\n\t<div id=\"col-1867105242\" class=\"col small-12 large-12\"  >\n\t\t\t\t<div class=\"col-inner\" style=\"background-color:rgb(255,255,255);\" >\n\t\t\t\n\t\t\t\n\n<div class=\"row align-center\"  id=\"row-1016319525\">\n\n\n\t<div id=\"col-1450552795\" class=\"col medium-9 small-10 large-10\"  >\n\t\t\t\t<div class=\"col-inner text-center\"  >\n\t\t\t\n\t\t\t\n\n\t<div id=\"text-2505385060\" class=\"text\">\n\t\t\n\n<p style=\"text-align: left\"><span style=\"font-weight: 400\" data-line-height=\"xl\">Cilj START CIRCULAR je zdru\u017eiti dve klju\u010dni temi v Evropi: pripravo diplomantov podjetnikov za delo in razvoj trajnostnih podjetij ter krepitev sodelovanja med univerzo in malih in srednjih podjetij (MSP) pri pou\u010devanju, u\u010denju in usposabljanju. Za ustvarjanje zelenih delovnih mest mora zato Evropa vlagati v regenerativni pristop, ki je v nasprotju s tradicionalnim linearnim gospodarstvom. V skladu z evropskim zelenim dogovorom je treba pove\u010dati u\u010dinkovito rabo virov s prehodom na \u010disto, kro\u017eno gospodarstvo. Zmanj\u0161evanje odpadkov in uhajanja v na\u0161i trenutni proizvodnji in porabi ter poslovnih modelih ohranja vire in pomaga zmanj\u0161ati onesna\u017eevanje okolja. START CIRCULAR temelji na dejstvu, da je ta prehod odvisen od robustnih visoko\u0161olskih sistemov, ki ustvarjajo voditelje in podjetnike v sodelovanju z industrijo in nevladnimi organizacijami. Projekt se posebej odziva na evropski akcijski na\u010drt za kro\u017eno gospodarstvo (CEAP 2021), nedavni na\u010drt EU za prehod na kro\u017eno gospodarstvo, ki poudarja ustvarjanje trajnostne rasti in delovnih mest. To je \u0161e posebej pomembno v \u010dasu, ko a) so evropske univerze postavljene pred izziv, da sodelujejo na nove in inovativne na\u010dine ter na novo opredelijo \u010dezmejno pou\u010devanje in u\u010denje (glej sporo\u010dilo EU o evropskem izobra\u017eevalnem prostoru) in b) policy makers are faced with a health and economic crisis of astronomical proportions, dramatically affecting our work, teaching, learning and lives. O\u010ditno je jasno, da sta gospodarsko okrevanje in kon\u010dna rast Evrope odvisna od njene sposobnosti ustvarjanja inovativnih in trajnostnih odzivov na gospodarske izzive. Podjetni\u0161tvo in poslovni modeli, osredoto\u010deni na trajnost, so zato bistveni. Cilj Komisije je spodbuditi ljudi k ustanovitvi in rasti svojih podjetij (akcijski na\u010drt Podjetni\u0161tvo 2020). Hkrati se pove\u010dujejo zahteve potro\u0161nikov po trajnostnem razvoju in zanimanje za zmanj\u0161anje vplivov MSP na okolje. Zmanj\u0161evanje okoljskega odtisa se lahko obravnava tudi kot pomembna poslovna prilo\u017enost za MSP; vendar se pogosto sre\u010dujejo z omejitvami pri izbolj\u0161anju svoje okoljske uspe\u0161nosti, kot so ovire, povezane z velikostjo, finan\u010dne omejitve, pomanjkanje spretnosti in znanja. \u0160e ve\u010d, ker se je trenutna gospodarska upo\u010dasnitev zmanj\u0161ala zaradi pandemije, so oblikovalci politik in podjetja pod pritiskom, da za vsako ceno znova za\u017eenejo gospodarsko dejavnost. To lahko ogrozi prej\u0161nji napredek, ki je bil dose\u017een pri ustvarjanju zelenih delovnih mest. Ustvarjanje inovativnih diplomantov, zavezanih trajnosti v poslovnem razvoju, je zato klju\u010dnega pomena. Medtem ko je ve\u010d univerz v Evropi dokazalo inovativnost pri podjetni\u0161kem pou\u010devanju in sposobnost pou\u010devanja na\u010del trajnostnega in kro\u017enega poslovanja, Evropa potrebuje ve\u010d strate\u0161kih, interdisciplinarnih, \u010dezmejnih in uporabnih pristopov in virov za spopadanje s temi podro\u010dji, pri \u010demer je kro\u017eno gospodarstvo v ospredju. Integrirani model upravljanja podjetni\u0161tva za kro\u017eno gospodarstvo\u00ab za univerze in mala in srednja podjetja, eden od glavnih rezultatov tega projekta, se bo lotil tega, tako kot usposabljanje za njegovo izvajanje in laboratoriji za trajnost, ki so jim zavezani vsi partnerji.<\/span><\/p>\n\t\t\n<style>\n#text-2505385060 {\n  line-height: 1.4;\n}\n@media (min-width:550px) {\n  #text-2505385060 {\n    line-height: 1.85;\n  }\n}\n<\/style>\n\t<\/div>\n\t\n\t<div id=\"gap-1603959041\" class=\"gap-element clearfix\" style=\"display:block; height:auto;\">\n\t\t\n<style>\n#gap-1603959041 {\n  padding-top: 30px;\n}\n<\/style>\n\t<\/div>\n\t\n\n\n\t\t<\/div>\n\t\t\t\t\n<style>\n#col-1450552795 > .col-inner {\n  margin: 20px 0px 20px 0px;\n}\n<\/style>\n\t<\/div>\n\n\t\n\n<\/div>\n\n\t\t<\/div>\n\t\t\t\t\n<style>\n#col-1867105242 > .col-inner {\n  padding: 25px 0px 0px 0px;\n  margin: -70px 0px 0px 0px;\n}\n@media (min-width:550px) {\n  #col-1867105242 > .col-inner {\n    padding: 50px 0px 0px 0px;\n  }\n}\n<\/style>\n\t<\/div>\n\n\t\n\n<\/div>\n\n\t\t<\/div>\n\n\t\t\n<style>\n#section_1733111471 {\n  padding-top: 30px;\n  padding-bottom: 30px;\n}\n<\/style>\n\t<\/section>\n\t\n","protected":false},"excerpt":{"rendered":"","protected":false},"author":3,"featured_media":0,"parent":0,"menu_order":0,"comment_status":"closed","ping_status":"closed","template":"page-blank.php","meta":{"_kad_blocks_custom_css":"","_kad_blocks_head_custom_js":"","_kad_blocks_body_custom_js":"","_kad_blocks_footer_custom_js":"","footnotes":""},"class_list":["post-2917","page","type-page","status-publish","hentry"],"taxonomy_info":[],"featured_image_src_large":false,"author_info":{"display_name":"Bea King","author_link":"https:\/\/startcircular.obreal.org\/sl\/author\/beaking\/"},"comment_info":"","_links":{"self":[{"href":"https:\/\/startcircular.obreal.org\/sl\/wp-json\/wp\/v2\/pages\/2917","targetHints":{"allow":["GET"]}}],"collection":[{"href":"https:\/\/startcircular.obreal.org\/sl\/wp-json\/wp\/v2\/pages"}],"about":[{"href":"https:\/\/startcircular.obreal.org\/sl\/wp-json\/wp\/v2\/types\/page"}],"author":[{"embeddable":true,"href":"https:\/\/startcircular.obreal.org\/sl\/wp-json\/wp\/v2\/users\/3"}],"replies":[{"embeddable":true,"href":"https:\/\/startcircular.obreal.org\/sl\/wp-json\/wp\/v2\/comments?post=2917"}],"version-history":[{"count":6,"href":"https:\/\/startcircular.obreal.org\/sl\/wp-json\/wp\/v2\/pages\/2917\/revisions"}],"predecessor-version":[{"id":5505,"href":"https:\/\/startcircular.obreal.org\/sl\/wp-json\/wp\/v2\/pages\/2917\/revisions\/5505"}],"wp:attachment":[{"href":"https:\/\/startcircular.obreal.org\/sl\/wp-json\/wp\/v2\/media?parent=2917"}],"curies":[{"name":"wp","href":"https:\/\/api.w.org\/{rel}","templated":true}]}}