{"id":2868,"date":"2022-06-17T14:59:29","date_gmt":"2022-06-17T17:59:29","guid":{"rendered":"https:\/\/startcircular.obreal.net\/iniciativas-relacionadas\/"},"modified":"2023-11-23T16:24:20","modified_gmt":"2023-11-23T19:24:20","slug":"iniciativas-relacionadas","status":"publish","type":"page","link":"https:\/\/startcircular.obreal.org\/pt-pt\/iniciativas-relacionadas\/","title":{"rendered":"Iniciativas relacionadas"},"content":{"rendered":"\n  <div id=\"page-header-433813592\" class=\"page-header-wrapper\">\n  <div class=\"page-title light featured-title\">\n\n        <div class=\"page-title-bg\">\n      <div class=\"title-bg fill bg-fill\"\n        data-parallax-container=\".page-title\"\n        data-parallax-background\n        data-parallax=\"-\">\n      <\/div>\n      <div class=\"title-overlay fill\"><\/div>\n    <\/div>\n    \n    <div class=\"page-title-inner container align-center text-center flex-row-col medium-flex-wrap\" >\n              <div class=\"title-wrapper flex-col\">\n          <h1 class=\"entry-title mb-0\">\n            INICIATIVAS RELACIONADAS          <\/h1>\n        <\/div>\n                    <div class=\"title-content flex-col\">\n        <ul class=\"nav sm-touch-scroll nav-line nav-uppercase text-center nav-center\"><li class=\"nav-single-page hidden\"><\/li><\/ul>      <\/div>\n    <\/div>\n\n     \n<style>\n#page-header-433813592 .page-title-inner {\n  min-height: 200px;\n}\n#page-header-433813592 .title-bg {\n  background-image: url(https:\/\/startcircular.obreal.org\/wp-content\/uploads\/sites\/3\/2022\/06\/banner-5.jpg);\n  background-position: 49% 82%;\n}\n#page-header-433813592 .title-overlay {\n  background-color: rgba(0, 0, 0, 0);\n}\n@media (min-width:550px) {\n  #page-header-433813592 .page-title-inner {\n    min-height: 300px;\n  }\n}\n<\/style>\n  <\/div>\n    <\/div>\n  \n\n\t<section class=\"section\" id=\"section_474917649\">\n\t\t<div class=\"bg section-bg fill bg-fill  bg-loaded\" >\n\n\t\t\t\n\t\t\t\n\t\t\t\n\n\t\t<\/div>\n\n\t\t\n\n\t\t<div class=\"section-content relative\">\n\t\t\t\n\n<div class=\"row\"  id=\"row-1436240408\">\n\n\n\t<div id=\"col-1248700988\" class=\"col small-12 large-12\"  >\n\t\t\t\t<div class=\"col-inner\" style=\"background-color:rgb(255,255,255);\" >\n\t\t\t\n\t\t\t\n\n<div class=\"row align-center\"  id=\"row-1768472717\">\n\n\n\t<div id=\"col-1012744214\" class=\"col medium-9 small-10 large-11\"  >\n\t\t\t\t<div class=\"col-inner text-center\"  >\n\t\t\t\n\t\t\t\n\n\t<div id=\"text-590018051\" class=\"text\">\n\t\t\n\n<h3> <\/h3>\n<h3><span data-text-color=\"primary\"><strong>Circular Start: <\/strong><\/span><\/h3>\n<p><span style=\"font-weight: 400\">Muitas start-ups e jovens empreendendores que trazem ideias novas e pertubadoras ao Mercado carecem de experi\u00eancia em modelos de neg\u00f3cios circulares e n\u00e3o podem se beneficiar de oportunidades de mercados sustent\u00e1veis. <\/span><\/p>\n<p><span style=\"font-weight: 400\">CircularStart aborda este desafio e tem como objetivo fornecer novos e inovadores materiais de forma\u00e7\u00e3o sobre modelos de neg\u00f3cio sustent\u00e1veis e circulares. Durante o projeto, o material de aprendizagem ser\u00e1 testado com incubadoras e, finalmente publicado neste site.<\/span><\/p>\n<p><a href=\"https:\/\/www.circularstart.eu\/\" target=\"_blank\" rel=\"noopener\"><span style=\"font-weight: 400\">https:\/\/www.circularstart.eu\/<\/span><\/a><\/p>\n\t\t\n<style>\n#text-590018051 {\n  text-align: left;\n}\n<\/style>\n\t<\/div>\n\t\n\n\t\t<\/div>\n\t\t\t\t\n<style>\n#col-1012744214 > .col-inner {\n  margin: -25px 0px 20px 0px;\n}\n@media (min-width:550px) {\n  #col-1012744214 > .col-inner {\n    margin: 20px 0px 20px 0px;\n  }\n}\n<\/style>\n\t<\/div>\n\n\t\n\n<\/div>\n\n\t\t<\/div>\n\t\t\t\t\n<style>\n#col-1248700988 > .col-inner {\n  padding: 50px 0px 0px 0px;\n  margin: -70px 0px 0px 0px;\n}\n<\/style>\n\t<\/div>\n\n\t\n\n<\/div>\n\n\t\t<\/div>\n\n\t\t\n<style>\n#section_474917649 {\n  padding-top: 0px;\n  padding-bottom: 0px;\n}\n@media (min-width:550px) {\n  #section_474917649 {\n    padding-top: 30px;\n    padding-bottom: 30px;\n  }\n}\n<\/style>\n\t<\/section>\n\t\n","protected":false},"excerpt":{"rendered":"","protected":false},"author":3,"featured_media":0,"parent":0,"menu_order":0,"comment_status":"closed","ping_status":"closed","template":"page-blank.php","meta":{"_kad_blocks_custom_css":"","_kad_blocks_head_custom_js":"","_kad_blocks_body_custom_js":"","_kad_blocks_footer_custom_js":"","footnotes":""},"class_list":["post-2868","page","type-page","status-publish","hentry"],"taxonomy_info":[],"featured_image_src_large":false,"author_info":{"display_name":"Bea King","author_link":"https:\/\/startcircular.obreal.org\/pt-pt\/author\/beaking\/"},"comment_info":"","_links":{"self":[{"href":"https:\/\/startcircular.obreal.org\/pt-pt\/wp-json\/wp\/v2\/pages\/2868","targetHints":{"allow":["GET"]}}],"collection":[{"href":"https:\/\/startcircular.obreal.org\/pt-pt\/wp-json\/wp\/v2\/pages"}],"about":[{"href":"https:\/\/startcircular.obreal.org\/pt-pt\/wp-json\/wp\/v2\/types\/page"}],"author":[{"embeddable":true,"href":"https:\/\/startcircular.obreal.org\/pt-pt\/wp-json\/wp\/v2\/users\/3"}],"replies":[{"embeddable":true,"href":"https:\/\/startcircular.obreal.org\/pt-pt\/wp-json\/wp\/v2\/comments?post=2868"}],"version-history":[{"count":3,"href":"https:\/\/startcircular.obreal.org\/pt-pt\/wp-json\/wp\/v2\/pages\/2868\/revisions"}],"predecessor-version":[{"id":5498,"href":"https:\/\/startcircular.obreal.org\/pt-pt\/wp-json\/wp\/v2\/pages\/2868\/revisions\/5498"}],"wp:attachment":[{"href":"https:\/\/startcircular.obreal.org\/pt-pt\/wp-json\/wp\/v2\/media?parent=2868"}],"curies":[{"name":"wp","href":"https:\/\/api.w.org\/{rel}","templated":true}]}}