{"id":2850,"date":"2021-06-11T18:08:29","date_gmt":"2021-06-11T21:08:29","guid":{"rendered":"https:\/\/startcircular.obreal.net\/sobre-nos\/"},"modified":"2023-11-23T16:45:17","modified_gmt":"2023-11-23T19:45:17","slug":"sobre-nos","status":"publish","type":"page","link":"https:\/\/startcircular.obreal.org\/pt-pt\/sobre-nos\/","title":{"rendered":"Sobre n\u00f3s"},"content":{"rendered":"\n  <div id=\"page-header-1105830395\" class=\"page-header-wrapper\">\n  <div class=\"page-title light featured-title\">\n\n        <div class=\"page-title-bg\">\n      <div class=\"title-bg fill bg-fill\"\n        data-parallax-container=\".page-title\"\n        data-parallax-background\n        data-parallax=\"-\">\n      <\/div>\n      <div class=\"title-overlay fill\"><\/div>\n    <\/div>\n    \n    <div class=\"page-title-inner container align-center text-center flex-row-col medium-flex-wrap\" >\n              <div class=\"title-wrapper flex-col\">\n          <h1 class=\"entry-title mb-0\">\n            SOBRE O START CIRCULAR          <\/h1>\n        <\/div>\n                    <div class=\"title-content flex-col\">\n        <ul class=\"nav sm-touch-scroll nav-line nav-uppercase text-center nav-center\"><li class=\"nav-single-page hidden\"><\/li><\/ul>      <\/div>\n    <\/div>\n\n     \n<style>\n#page-header-1105830395 .page-title-inner {\n  min-height: 200px;\n}\n#page-header-1105830395 .title-bg {\n  background-image: url(https:\/\/startcircular.obreal.org\/wp-content\/uploads\/sites\/3\/2022\/06\/banner-5.jpg);\n  background-position: 40% 39%;\n}\n#page-header-1105830395 .title-overlay {\n  background-color: rgba(0, 0, 0, 0);\n}\n#page-header-1105830395 .featured-title {\n  background-color: rgba(0, 0, 0, 0.14);\n}\n@media (min-width:550px) {\n  #page-header-1105830395 .page-title-inner {\n    min-height: 300px;\n  }\n}\n<\/style>\n  <\/div>\n    <\/div>\n  \n\n\t<section class=\"section\" id=\"section_61718175\">\n\t\t<div class=\"bg section-bg fill bg-fill  bg-loaded\" >\n\n\t\t\t\n\t\t\t\n\t\t\t\n\n\t\t<\/div>\n\n\t\t\n\n\t\t<div class=\"section-content relative\">\n\t\t\t\n\n<div class=\"row\"  id=\"row-1420166886\">\n\n\n\t<div id=\"col-846581524\" class=\"col small-12 large-12\"  >\n\t\t\t\t<div class=\"col-inner\" style=\"background-color:rgb(255,255,255);\" >\n\t\t\t\n\t\t\t\n\n<div class=\"row align-center\"  id=\"row-788941326\">\n\n\n\t<div id=\"col-2066963057\" class=\"col medium-9 small-10 large-10\"  >\n\t\t\t\t<div class=\"col-inner text-center\"  >\n\t\t\t\n\t\t\t\n\n\t<div id=\"text-3531843844\" class=\"text\">\n\t\t\n\n<p style=\"text-align: left\"><span style=\"font-weight: 400\" data-line-height=\"xl\">O START CIRCULAR visa fundir dois t\u00f3picos-chave na Europa: Preparar empreendedores licenciados para trabalhar e desenvolver empresas sustent\u00e1veis, e refor\u00e7ar a colabora\u00e7\u00e3o Universidade-PMEs no ensino, aprendizagem e forma\u00e7\u00e3o para esse efeito. Para criar empregos verdes, a Europa tem de investir numa abordagem regenerativa que contrasta com a economia linear tradicional. De acordo com o Green Deal europeu, \u00e9 necess\u00e1rio impulsionar a utiliza\u00e7\u00e3o eficiente dos recursos, passando para uma economia limpa e circular. A redu\u00e7\u00e3o do desperd\u00edcio e das fugas na nossa produ\u00e7\u00e3o e consumo atuais e nos nossos modelos de neg\u00f3cio preserva os recursos e ajuda a reduzir a polui\u00e7\u00e3o ambiental. A premissa do START CIRCULAR \u00e9 que esta transi\u00e7\u00e3o depende de sistemas s\u00f3lidos de ensino superior que gerem l\u00edderes e empres\u00e1rios neste campo, em colabora\u00e7\u00e3o com a ind\u00fastria e as ONGs. O projeto responde especificamente ao Plano de Ac\u00e7\u00e3o da Economia Circular Europeia (CEAP 2021), o recente plano de transi\u00e7\u00e3o para economia circular da EU, que destaca a cria\u00e7\u00e3o de crescimento sustent\u00e1vel e de emprego. \u00c9 particularmente pertinente numa altura em que: a) as universidades europeias foram desafiadas a cooperar de formas novas e inovadoras e a redefinir o ensino e a aprendizagem al\u00e9m-fronteiras (ver comunica\u00e7\u00e3o da EU sobre os Espa\u00e7o Europeu da Educa\u00e7\u00e3o); e b) os decisores pol\u00edticos s\u00e3o confrontados com uma crise sanit\u00e1ria e econ\u00f3mica de escala astron\u00f3mica (COVID19), que est\u00e1 a ter um impacto dram\u00e1tico na forma como trabalhamos, ensinamos, aprendemos e vivemos. O que \u00e9 evidente \u00e9 que a recupera\u00e7\u00e3o econ\u00f3mica da Europa e o seu eventual crescimento depende da sua capacidade de gerar respostas inovadoras e sustent\u00e1veis aos desafios econ\u00f3micos. O empreendedorismo e os modelos empresariais focados na sustentabilidade s\u00e3o, portanto, ess\u00eanciais. O objetivo da Comiss\u00e3o \u00e9 incentivar as pessoas a criarem e a fazerem os seus neg\u00f3cios (Plano de A\u00e7\u00e3o Empreendedorismo 2020). Ao mesmo tempo, aumenta a press\u00e3o dos consumidores para o desenvolvimento sustent\u00e1vel, assim como, o interesse em reduzir o impacto ambiental das PMEs. A diminui\u00e7\u00e3o da pegada ambiental tamb\u00e9m pode ser vista como uma importante oportunidade de neg\u00f3cio para as PMEs; no entanto, estas enfrentam frequentemente uma limita\u00e7\u00e3o na melhoria do seu desempenho ambiental, tais como obst\u00e1culos relacionados com o tamanho, limita\u00e7\u00f5es financeiras, d\u00e9fices de compet\u00eancias e limita\u00e7\u00f5es de conhecimento. Al\u00e9m disso, como o atual abrandamento econ\u00f3mico foi contra\u00eddo devido \u00e0 pandemia, os decisores pol\u00edticos e as empresas est\u00e3o sob press\u00e3o para relan\u00e7ar a atividade econ\u00f3mica a qualquer custo. Isto pode colocar em risco os avan\u00e7os anteriores que foram feitos na gera\u00e7\u00e3o de empregos verdes. A gera\u00e7\u00e3o de graduados inovadores, comprometidos com a sustentabilidade no desenvolvimento do neg\u00f3cio \u00e9, portanto, fundamental. Embora v\u00e1rias universidades na Europa tenham demostrado inova\u00e7\u00e3o no ensino empresarial e capacidade de ensinar princ\u00edpios empresariais sustent\u00e1veis e circulares, a Europa precisa de abordagens e recursos mais estrat\u00e9gicos, interdisciplinares, transfronteiri\u00e7os e aplicados para abordar estas \u00e1reas, mantendo a economia circular em primeiro plano. Um \u201cmodelo integrado de gest\u00e3o empresarial para a economia circular\u201d para universidades e PMEs, um dos principais resultados deste projeto, ir\u00e1 abordar esta quest\u00e3o, bem como a forma\u00e7\u00e3o para a sua implementa\u00e7\u00e3o e os Laborat\u00f3rios de Sustentabilidade, com os quais todos os parceiros partilham um compromisso.<\/span><\/p>\n\t\t\n<style>\n#text-3531843844 {\n  line-height: 1.4;\n}\n@media (min-width:550px) {\n  #text-3531843844 {\n    line-height: 1.85;\n  }\n}\n<\/style>\n\t<\/div>\n\t\n\t<div id=\"gap-455355166\" class=\"gap-element clearfix\" style=\"display:block; height:auto;\">\n\t\t\n<style>\n#gap-455355166 {\n  padding-top: 30px;\n}\n<\/style>\n\t<\/div>\n\t\n\n\n\t\t<\/div>\n\t\t\t\t\n<style>\n#col-2066963057 > .col-inner {\n  margin: 20px 0px 20px 0px;\n}\n<\/style>\n\t<\/div>\n\n\t\n\n<\/div>\n\n\t\t<\/div>\n\t\t\t\t\n<style>\n#col-846581524 > .col-inner {\n  padding: 25px 0px 0px 0px;\n  margin: -70px 0px 0px 0px;\n}\n@media (min-width:550px) {\n  #col-846581524 > .col-inner {\n    padding: 50px 0px 0px 0px;\n  }\n}\n<\/style>\n\t<\/div>\n\n\t\n\n<\/div>\n\n\t\t<\/div>\n\n\t\t\n<style>\n#section_61718175 {\n  padding-top: 30px;\n  padding-bottom: 30px;\n}\n<\/style>\n\t<\/section>\n\t\n","protected":false},"excerpt":{"rendered":"","protected":false},"author":3,"featured_media":0,"parent":0,"menu_order":0,"comment_status":"closed","ping_status":"closed","template":"page-blank.php","meta":{"_kad_blocks_custom_css":"","_kad_blocks_head_custom_js":"","_kad_blocks_body_custom_js":"","_kad_blocks_footer_custom_js":"","footnotes":""},"class_list":["post-2850","page","type-page","status-publish","hentry"],"taxonomy_info":[],"featured_image_src_large":false,"author_info":{"display_name":"Bea King","author_link":"https:\/\/startcircular.obreal.org\/pt-pt\/author\/beaking\/"},"comment_info":"","_links":{"self":[{"href":"https:\/\/startcircular.obreal.org\/pt-pt\/wp-json\/wp\/v2\/pages\/2850","targetHints":{"allow":["GET"]}}],"collection":[{"href":"https:\/\/startcircular.obreal.org\/pt-pt\/wp-json\/wp\/v2\/pages"}],"about":[{"href":"https:\/\/startcircular.obreal.org\/pt-pt\/wp-json\/wp\/v2\/types\/page"}],"author":[{"embeddable":true,"href":"https:\/\/startcircular.obreal.org\/pt-pt\/wp-json\/wp\/v2\/users\/3"}],"replies":[{"embeddable":true,"href":"https:\/\/startcircular.obreal.org\/pt-pt\/wp-json\/wp\/v2\/comments?post=2850"}],"version-history":[{"count":4,"href":"https:\/\/startcircular.obreal.org\/pt-pt\/wp-json\/wp\/v2\/pages\/2850\/revisions"}],"predecessor-version":[{"id":5511,"href":"https:\/\/startcircular.obreal.org\/pt-pt\/wp-json\/wp\/v2\/pages\/2850\/revisions\/5511"}],"wp:attachment":[{"href":"https:\/\/startcircular.obreal.org\/pt-pt\/wp-json\/wp\/v2\/media?parent=2850"}],"curies":[{"name":"wp","href":"https:\/\/api.w.org\/{rel}","templated":true}]}}