{"id":2776,"date":"2021-06-11T20:01:34","date_gmt":"2021-06-11T23:01:34","guid":{"rendered":"https:\/\/startcircular.obreal.net\/actualites-et-evenements\/"},"modified":"2023-11-23T16:12:24","modified_gmt":"2023-11-23T19:12:24","slug":"actualites-et-evenements","status":"publish","type":"page","link":"https:\/\/startcircular.obreal.org\/fr\/actualites-et-evenements\/","title":{"rendered":"Actualit\u00e9s et \u00e9v\u00e9nements"},"content":{"rendered":"\n  <div id=\"page-header-88381620\" class=\"page-header-wrapper\">\n  <div class=\"page-title light featured-title\">\n\n        <div class=\"page-title-bg\">\n      <div class=\"title-bg fill bg-fill\"\n        data-parallax-container=\".page-title\"\n        data-parallax-background\n        data-parallax=\"-\">\n      <\/div>\n      <div class=\"title-overlay fill\"><\/div>\n    <\/div>\n    \n    <div class=\"page-title-inner container align-center text-center flex-row-col medium-flex-wrap\" >\n              <div class=\"title-wrapper flex-col\">\n          <h1 class=\"entry-title mb-0\">\n            Actualit\u00e9s et \u00e9v\u00e9nements          <\/h1>\n        <\/div>\n                    <div class=\"title-content flex-col\">\n        <ul class=\"nav sm-touch-scroll nav-line nav-uppercase text-center nav-center\"><li class=\"nav-single-page hidden\"><\/li><\/ul>      <\/div>\n    <\/div>\n\n     \n<style>\n#page-header-88381620 .page-title-inner {\n  min-height: 200px;\n}\n#page-header-88381620 .title-bg {\n  background-image: url(https:\/\/startcircular.obreal.org\/wp-content\/uploads\/sites\/3\/2022\/06\/banner-5.jpg);\n  background-position: 42% 31%;\n}\n#page-header-88381620 .title-overlay {\n  background-color: rgba(0, 0, 0, 0);\n}\n@media (min-width:550px) {\n  #page-header-88381620 .page-title-inner {\n    min-height: 300px;\n  }\n}\n<\/style>\n  <\/div>\n    <\/div>\n  \n\n\t<div id=\"gap-1961252407\" class=\"gap-element clearfix\" style=\"display:block; height:auto;\">\n\t\t\n<style>\n#gap-1961252407 {\n  padding-top: 40px;\n}\n<\/style>\n\t<\/div>\n\t\n\n\n  \n    <div class=\"row large-columns-1 medium-columns- small-columns-1 row-large has-shadow row-box-shadow-2\" >\n  <div class=\"col post-item\" >\n\t\t\t<div class=\"col-inner\">\n\t\t\t\t<div class=\"box box-vertical box-text-bottom box-blog-post has-hover\">\n            \t\t\t\t\t<div class=\"box-image\" style=\"width:35%;\">\n  \t\t\t\t\t\t<div class=\"image-cover\" style=\"padding-top:70%;\">\n\t\t\t\t\t\t\t<a href=\"https:\/\/startcircular.obreal.org\/fr\/startcircular-celebre-sa-conference-finale-et-une-session-publique-a-effet-multiplicateur-a-barcelone\/\" class=\"plain\" aria-label=\"StartCircular c\u00e9l\u00e8bre sa conf\u00e9rence finale et une session publique \u00e0 effet multiplicateur \u00e0 Barcelone\">\n\t\t\t\t\t\t\t\t<img loading=\"lazy\" decoding=\"async\" width=\"600\" height=\"360\" src=\"https:\/\/startcircular.obreal.org\/wp-content\/uploads\/sites\/3\/2024\/10\/Feaztured-Image-article-SC.jpg\" class=\"attachment-original size-original wp-post-image\" alt=\"\" srcset=\"https:\/\/startcircular.obreal.org\/wp-content\/uploads\/sites\/3\/2024\/10\/Feaztured-Image-article-SC.jpg 600w, https:\/\/startcircular.obreal.org\/wp-content\/uploads\/sites\/3\/2024\/10\/Feaztured-Image-article-SC-300x180.jpg 300w\" sizes=\"auto, (max-width: 600px) 100vw, 600px\" \/>\t\t\t\t\t\t\t<\/a>\n  \t\t\t\t\t\t\t  \t\t\t\t\t\t\t  \t\t\t\t\t\t<\/div>\n  \t\t\t\t\t\t  \t\t\t\t\t<\/div>\n          \t\t\t\t\t<div class=\"box-text text-left\" style=\"padding:0px 0px 0px 45px;\">\n\t\t\t\t\t<div class=\"box-text-inner blog-post-inner\">\n\n\t\t\t\t\t\n\t\t\t\t\t\t\t\t\t\t<h5 class=\"post-title is-large \">\n\t\t\t\t\t\t<a href=\"https:\/\/startcircular.obreal.org\/fr\/startcircular-celebre-sa-conference-finale-et-une-session-publique-a-effet-multiplicateur-a-barcelone\/\" class=\"plain\">StartCircular c\u00e9l\u00e8bre sa conf\u00e9rence finale et une session publique \u00e0 effet multiplicateur \u00e0 Barcelone<\/a>\n\t\t\t\t\t<\/h5>\n\t\t\t\t\t\t\t\t\t\t<div class=\"is-divider\"><\/div>\n\t\t\t\t\t\t\t\t\t\t<p class=\"from_the_blog_excerpt \">\n\t\t\t\t\t\tLe projet Start Circular touche \u00e0 sa fin et les [...]\t\t\t\t\t<\/p>\n\t\t\t\t\t                    \n\t\t\t\t\t\t\t\t\t\t\t<a href=\"https:\/\/startcircular.obreal.org\/fr\/startcircular-celebre-sa-conference-finale-et-une-session-publique-a-effet-multiplicateur-a-barcelone\/\" class=\"button secondary is-shade is-small mb-0\">\n\t\t\t\t\t\t\tMore information\t\t\t\t\t\t<\/a>\n\t\t\t\t\t\n\t\t\t\t\t\n\t\t\t\t\t<\/div>\n\t\t\t\t\t<\/div>\n\t\t\t\t\t\t\t\t\t<\/div>\n\t\t\t<\/div>\n\t\t<\/div><div class=\"col post-item\" >\n\t\t\t<div class=\"col-inner\">\n\t\t\t\t<div class=\"box box-vertical box-text-bottom box-blog-post has-hover\">\n            \t\t\t\t\t<div class=\"box-image\" style=\"width:35%;\">\n  \t\t\t\t\t\t<div class=\"image-cover\" style=\"padding-top:70%;\">\n\t\t\t\t\t\t\t<a href=\"https:\/\/startcircular.obreal.org\/fr\/startcircular-organise-avec-succes-le-festival-ecocircular\/\" class=\"plain\" aria-label=\"StartCircular organise avec succ\u00e8s le festival EcoCircular\">\n\t\t\t\t\t\t\t\t<img loading=\"lazy\" decoding=\"async\" width=\"600\" height=\"450\" src=\"https:\/\/startcircular.obreal.org\/wp-content\/uploads\/sites\/3\/2024\/05\/Diseno-sin-titulo-59.jpg\" class=\"attachment-original size-original wp-post-image\" alt=\"StartCircular successfully organises the EcoCircular Festival\" srcset=\"https:\/\/startcircular.obreal.org\/wp-content\/uploads\/sites\/3\/2024\/05\/Diseno-sin-titulo-59.jpg 600w, https:\/\/startcircular.obreal.org\/wp-content\/uploads\/sites\/3\/2024\/05\/Diseno-sin-titulo-59-300x225.jpg 300w\" sizes=\"auto, (max-width: 600px) 100vw, 600px\" \/>\t\t\t\t\t\t\t<\/a>\n  \t\t\t\t\t\t\t  \t\t\t\t\t\t\t  \t\t\t\t\t\t<\/div>\n  \t\t\t\t\t\t  \t\t\t\t\t<\/div>\n          \t\t\t\t\t<div class=\"box-text text-left\" style=\"padding:0px 0px 0px 45px;\">\n\t\t\t\t\t<div class=\"box-text-inner blog-post-inner\">\n\n\t\t\t\t\t\n\t\t\t\t\t\t\t\t\t\t<h5 class=\"post-title is-large \">\n\t\t\t\t\t\t<a href=\"https:\/\/startcircular.obreal.org\/fr\/startcircular-organise-avec-succes-le-festival-ecocircular\/\" class=\"plain\">StartCircular organise avec succ\u00e8s le festival EcoCircular<\/a>\n\t\t\t\t\t<\/h5>\n\t\t\t\t\t\t\t\t\t\t<div class=\"is-divider\"><\/div>\n\t\t\t\t\t\t\t\t\t\t<p class=\"from_the_blog_excerpt \">\n\t\t\t\t\t\tLe projet Start Circular a organis\u00e9 avec succ\u00e8s le festival [...]\t\t\t\t\t<\/p>\n\t\t\t\t\t                    \n\t\t\t\t\t\t\t\t\t\t\t<a href=\"https:\/\/startcircular.obreal.org\/fr\/startcircular-organise-avec-succes-le-festival-ecocircular\/\" class=\"button secondary is-shade is-small mb-0\">\n\t\t\t\t\t\t\tMore information\t\t\t\t\t\t<\/a>\n\t\t\t\t\t\n\t\t\t\t\t\n\t\t\t\t\t<\/div>\n\t\t\t\t\t<\/div>\n\t\t\t\t\t\t\t\t\t<\/div>\n\t\t\t<\/div>\n\t\t<\/div><div class=\"col post-item\" >\n\t\t\t<div class=\"col-inner\">\n\t\t\t\t<div class=\"box box-vertical box-text-bottom box-blog-post has-hover\">\n            \t\t\t\t\t<div class=\"box-image\" style=\"width:35%;\">\n  \t\t\t\t\t\t<div class=\"image-cover\" style=\"padding-top:70%;\">\n\t\t\t\t\t\t\t<a href=\"https:\/\/startcircular.obreal.org\/fr\/les-partenaires-du-projet-start-circular-sont-les-protagonistes-du-podcast-obreal\/\" class=\"plain\" aria-label=\"Les partenaires du projet Start Circular sont les protagonistes du podcast OBREAL\">\n\t\t\t\t\t\t\t\t<img loading=\"lazy\" decoding=\"async\" width=\"600\" height=\"450\" src=\"https:\/\/startcircular.obreal.org\/wp-content\/uploads\/sites\/3\/2024\/03\/E2-FEATURED-IMAGE-600x450-1.jpg\" class=\"attachment-original size-original wp-post-image\" alt=\"\" srcset=\"https:\/\/startcircular.obreal.org\/wp-content\/uploads\/sites\/3\/2024\/03\/E2-FEATURED-IMAGE-600x450-1.jpg 600w, https:\/\/startcircular.obreal.org\/wp-content\/uploads\/sites\/3\/2024\/03\/E2-FEATURED-IMAGE-600x450-1-300x225.jpg 300w\" sizes=\"auto, (max-width: 600px) 100vw, 600px\" \/>\t\t\t\t\t\t\t<\/a>\n  \t\t\t\t\t\t\t  \t\t\t\t\t\t\t  \t\t\t\t\t\t<\/div>\n  \t\t\t\t\t\t  \t\t\t\t\t<\/div>\n          \t\t\t\t\t<div class=\"box-text text-left\" style=\"padding:0px 0px 0px 45px;\">\n\t\t\t\t\t<div class=\"box-text-inner blog-post-inner\">\n\n\t\t\t\t\t\n\t\t\t\t\t\t\t\t\t\t<h5 class=\"post-title is-large \">\n\t\t\t\t\t\t<a href=\"https:\/\/startcircular.obreal.org\/fr\/les-partenaires-du-projet-start-circular-sont-les-protagonistes-du-podcast-obreal\/\" class=\"plain\">Les partenaires du projet Start Circular sont les protagonistes du podcast OBREAL<\/a>\n\t\t\t\t\t<\/h5>\n\t\t\t\t\t\t\t\t\t\t<div class=\"is-divider\"><\/div>\n\t\t\t\t\t\t\t\t\t\t<p class=\"from_the_blog_excerpt \">\n\t\t\t\t\t\tMarcos Segovia, directeur de l&rsquo;ONG Circular Change ; Valdis Bisters, [...]\t\t\t\t\t<\/p>\n\t\t\t\t\t                    \n\t\t\t\t\t\t\t\t\t\t\t<a href=\"https:\/\/startcircular.obreal.org\/fr\/les-partenaires-du-projet-start-circular-sont-les-protagonistes-du-podcast-obreal\/\" class=\"button secondary is-shade is-small mb-0\">\n\t\t\t\t\t\t\tMore information\t\t\t\t\t\t<\/a>\n\t\t\t\t\t\n\t\t\t\t\t\n\t\t\t\t\t<\/div>\n\t\t\t\t\t<\/div>\n\t\t\t\t\t\t\t\t\t<\/div>\n\t\t\t<\/div>\n\t\t<\/div><div class=\"col post-item\" >\n\t\t\t<div class=\"col-inner\">\n\t\t\t\t<div class=\"box box-vertical box-text-bottom box-blog-post has-hover\">\n            \t\t\t\t\t<div class=\"box-image\" style=\"width:35%;\">\n  \t\t\t\t\t\t<div class=\"image-cover\" style=\"padding-top:70%;\">\n\t\t\t\t\t\t\t<a href=\"https:\/\/startcircular.obreal.org\/fr\/festival-ecocircular-une-journee-de-celebration-de-la-durabilite\/\" class=\"plain\" aria-label=\"Festival EcoCircular : une journ\u00e9e de c\u00e9l\u00e9bration de la durabilit\u00e9\">\n\t\t\t\t\t\t\t\t<img loading=\"lazy\" decoding=\"async\" width=\"600\" height=\"450\" src=\"https:\/\/startcircular.obreal.org\/wp-content\/uploads\/sites\/3\/2024\/02\/Diseno-sin-titulo-25.jpg\" class=\"attachment-original size-original wp-post-image\" alt=\"\" srcset=\"https:\/\/startcircular.obreal.org\/wp-content\/uploads\/sites\/3\/2024\/02\/Diseno-sin-titulo-25.jpg 600w, https:\/\/startcircular.obreal.org\/wp-content\/uploads\/sites\/3\/2024\/02\/Diseno-sin-titulo-25-300x225.jpg 300w\" sizes=\"auto, (max-width: 600px) 100vw, 600px\" \/>\t\t\t\t\t\t\t<\/a>\n  \t\t\t\t\t\t\t  \t\t\t\t\t\t\t  \t\t\t\t\t\t<\/div>\n  \t\t\t\t\t\t  \t\t\t\t\t<\/div>\n          \t\t\t\t\t<div class=\"box-text text-left\" style=\"padding:0px 0px 0px 45px;\">\n\t\t\t\t\t<div class=\"box-text-inner blog-post-inner\">\n\n\t\t\t\t\t\n\t\t\t\t\t\t\t\t\t\t<h5 class=\"post-title is-large \">\n\t\t\t\t\t\t<a href=\"https:\/\/startcircular.obreal.org\/fr\/festival-ecocircular-une-journee-de-celebration-de-la-durabilite\/\" class=\"plain\">Festival EcoCircular : une journ\u00e9e de c\u00e9l\u00e9bration de la durabilit\u00e9<\/a>\n\t\t\t\t\t<\/h5>\n\t\t\t\t\t\t\t\t\t\t<div class=\"is-divider\"><\/div>\n\t\t\t\t\t\t\t\t\t\t<p class=\"from_the_blog_excerpt \">\n\t\t\t\t\t\tPr\u00e9parez-vous \u00e0 une journ\u00e9e remplie d&rsquo;initiatives vertes et de sensibilisation [...]\t\t\t\t\t<\/p>\n\t\t\t\t\t                    \n\t\t\t\t\t\t\t\t\t\t\t<a href=\"https:\/\/startcircular.obreal.org\/fr\/festival-ecocircular-une-journee-de-celebration-de-la-durabilite\/\" class=\"button secondary is-shade is-small mb-0\">\n\t\t\t\t\t\t\tMore information\t\t\t\t\t\t<\/a>\n\t\t\t\t\t\n\t\t\t\t\t\n\t\t\t\t\t<\/div>\n\t\t\t\t\t<\/div>\n\t\t\t\t\t\t\t\t\t<\/div>\n\t\t\t<\/div>\n\t\t<\/div><div class=\"col post-item\" >\n\t\t\t<div class=\"col-inner\">\n\t\t\t\t<div class=\"box box-vertical box-text-bottom box-blog-post has-hover\">\n            \t\t\t\t\t<div class=\"box-image\" style=\"width:35%;\">\n  \t\t\t\t\t\t<div class=\"image-cover\" style=\"padding-top:70%;\">\n\t\t\t\t\t\t\t<a href=\"https:\/\/startcircular.obreal.org\/fr\/renforcer-leducation-et-lesprit-dentreprise-devoilement-de-la-formation-de-trois-jours-de-start-circular\/\" class=\"plain\" aria-label=\"Renforcer l&rsquo;\u00e9ducation et l&rsquo;esprit d&rsquo;entreprise : D\u00e9voilement de la formation de trois jours de Start Circular\">\n\t\t\t\t\t\t\t\t<img loading=\"lazy\" decoding=\"async\" width=\"600\" height=\"450\" src=\"https:\/\/startcircular.obreal.org\/wp-content\/uploads\/sites\/3\/2024\/02\/Diseno-sin-titulo-10.jpg\" class=\"attachment-original size-original wp-post-image\" alt=\"\" srcset=\"https:\/\/startcircular.obreal.org\/wp-content\/uploads\/sites\/3\/2024\/02\/Diseno-sin-titulo-10.jpg 600w, https:\/\/startcircular.obreal.org\/wp-content\/uploads\/sites\/3\/2024\/02\/Diseno-sin-titulo-10-300x225.jpg 300w\" sizes=\"auto, (max-width: 600px) 100vw, 600px\" \/>\t\t\t\t\t\t\t<\/a>\n  \t\t\t\t\t\t\t  \t\t\t\t\t\t\t  \t\t\t\t\t\t<\/div>\n  \t\t\t\t\t\t  \t\t\t\t\t<\/div>\n          \t\t\t\t\t<div class=\"box-text text-left\" style=\"padding:0px 0px 0px 45px;\">\n\t\t\t\t\t<div class=\"box-text-inner blog-post-inner\">\n\n\t\t\t\t\t\n\t\t\t\t\t\t\t\t\t\t<h5 class=\"post-title is-large \">\n\t\t\t\t\t\t<a href=\"https:\/\/startcircular.obreal.org\/fr\/renforcer-leducation-et-lesprit-dentreprise-devoilement-de-la-formation-de-trois-jours-de-start-circular\/\" class=\"plain\">Renforcer l&rsquo;\u00e9ducation et l&rsquo;esprit d&rsquo;entreprise : D\u00e9voilement de la formation de trois jours de Start Circular<\/a>\n\t\t\t\t\t<\/h5>\n\t\t\t\t\t\t\t\t\t\t<div class=\"is-divider\"><\/div>\n\t\t\t\t\t\t\t\t\t\t<p class=\"from_the_blog_excerpt \">\n\t\t\t\t\t\tNous sommes ravis de vous pr\u00e9senter la formation Start Circular [...]\t\t\t\t\t<\/p>\n\t\t\t\t\t                    \n\t\t\t\t\t\t\t\t\t\t\t<a href=\"https:\/\/startcircular.obreal.org\/fr\/renforcer-leducation-et-lesprit-dentreprise-devoilement-de-la-formation-de-trois-jours-de-start-circular\/\" class=\"button secondary is-shade is-small mb-0\">\n\t\t\t\t\t\t\tMore information\t\t\t\t\t\t<\/a>\n\t\t\t\t\t\n\t\t\t\t\t\n\t\t\t\t\t<\/div>\n\t\t\t\t\t<\/div>\n\t\t\t\t\t\t\t\t\t<\/div>\n\t\t\t<\/div>\n\t\t<\/div><div class=\"col post-item\" >\n\t\t\t<div class=\"col-inner\">\n\t\t\t\t<div class=\"box box-vertical box-text-bottom box-blog-post has-hover\">\n            \t\t\t\t\t<div class=\"box-image\" style=\"width:35%;\">\n  \t\t\t\t\t\t<div class=\"image-cover\" style=\"padding-top:70%;\">\n\t\t\t\t\t\t\t<a href=\"https:\/\/startcircular.obreal.org\/fr\/le-projet-start-circular-organise-des-sessions-de-formation-en-ligne-de-trois-jours\/\" class=\"plain\" aria-label=\"Le projet Start Circular organise des sessions de formation en ligne de trois jours.\">\n\t\t\t\t\t\t\t\t<img loading=\"lazy\" decoding=\"async\" width=\"500\" height=\"500\" src=\"https:\/\/startcircular.obreal.org\/wp-content\/uploads\/sites\/3\/2023\/12\/22.png\" class=\"attachment-original size-original wp-post-image\" alt=\"\" srcset=\"https:\/\/startcircular.obreal.org\/wp-content\/uploads\/sites\/3\/2023\/12\/22.png 500w, https:\/\/startcircular.obreal.org\/wp-content\/uploads\/sites\/3\/2023\/12\/22-300x300.png 300w, https:\/\/startcircular.obreal.org\/wp-content\/uploads\/sites\/3\/2023\/12\/22-150x150.png 150w\" sizes=\"auto, (max-width: 500px) 100vw, 500px\" \/>\t\t\t\t\t\t\t<\/a>\n  \t\t\t\t\t\t\t  \t\t\t\t\t\t\t  \t\t\t\t\t\t<\/div>\n  \t\t\t\t\t\t  \t\t\t\t\t<\/div>\n          \t\t\t\t\t<div class=\"box-text text-left\" style=\"padding:0px 0px 0px 45px;\">\n\t\t\t\t\t<div class=\"box-text-inner blog-post-inner\">\n\n\t\t\t\t\t\n\t\t\t\t\t\t\t\t\t\t<h5 class=\"post-title is-large \">\n\t\t\t\t\t\t<a href=\"https:\/\/startcircular.obreal.org\/fr\/le-projet-start-circular-organise-des-sessions-de-formation-en-ligne-de-trois-jours\/\" class=\"plain\">Le projet Start Circular organise des sessions de formation en ligne de trois jours.<\/a>\n\t\t\t\t\t<\/h5>\n\t\t\t\t\t\t\t\t\t\t<div class=\"is-divider\"><\/div>\n\t\t\t\t\t\t\t\t\t\t<p class=\"from_the_blog_excerpt \">\n\t\t\t\t\t\t\t\t\t\t\t<\/p>\n\t\t\t\t\t                    \n\t\t\t\t\t\t\t\t\t\t\t<a href=\"https:\/\/startcircular.obreal.org\/fr\/le-projet-start-circular-organise-des-sessions-de-formation-en-ligne-de-trois-jours\/\" class=\"button secondary is-shade is-small mb-0\">\n\t\t\t\t\t\t\tMore information\t\t\t\t\t\t<\/a>\n\t\t\t\t\t\n\t\t\t\t\t\n\t\t\t\t\t<\/div>\n\t\t\t\t\t<\/div>\n\t\t\t\t\t\t\t\t\t<\/div>\n\t\t\t<\/div>\n\t\t<\/div><div class=\"col post-item\" >\n\t\t\t<div class=\"col-inner\">\n\t\t\t\t<div class=\"box box-vertical box-text-bottom box-blog-post has-hover\">\n            \t\t\t\t\t<div class=\"box-image\" style=\"width:35%;\">\n  \t\t\t\t\t\t<div class=\"image-cover\" style=\"padding-top:70%;\">\n\t\t\t\t\t\t\t<a href=\"https:\/\/startcircular.obreal.org\/fr\/arminda-do-paco-coordinatrice-de-start-circular-a-presente-le-projet-a-nece-talks\/\" class=\"plain\" aria-label=\"Arminda do Pa\u00e7o, coordinatrice de Start Circular, a pr\u00e9sent\u00e9 le projet \u00e0 NECE TALKS.\">\n\t\t\t\t\t\t\t\t<img loading=\"lazy\" decoding=\"async\" width=\"1080\" height=\"810\" src=\"https:\/\/startcircular.obreal.org\/wp-content\/uploads\/sites\/3\/2023\/12\/processed-1.jpeg\" class=\"attachment-original size-original wp-post-image\" alt=\"\" srcset=\"https:\/\/startcircular.obreal.org\/wp-content\/uploads\/sites\/3\/2023\/12\/processed-1.jpeg 1080w, https:\/\/startcircular.obreal.org\/wp-content\/uploads\/sites\/3\/2023\/12\/processed-1-300x225.jpeg 300w, https:\/\/startcircular.obreal.org\/wp-content\/uploads\/sites\/3\/2023\/12\/processed-1-1024x768.jpeg 1024w, https:\/\/startcircular.obreal.org\/wp-content\/uploads\/sites\/3\/2023\/12\/processed-1-768x576.jpeg 768w\" sizes=\"auto, (max-width: 1080px) 100vw, 1080px\" \/>\t\t\t\t\t\t\t<\/a>\n  \t\t\t\t\t\t\t  \t\t\t\t\t\t\t  \t\t\t\t\t\t<\/div>\n  \t\t\t\t\t\t  \t\t\t\t\t<\/div>\n          \t\t\t\t\t<div class=\"box-text text-left\" style=\"padding:0px 0px 0px 45px;\">\n\t\t\t\t\t<div class=\"box-text-inner blog-post-inner\">\n\n\t\t\t\t\t\n\t\t\t\t\t\t\t\t\t\t<h5 class=\"post-title is-large \">\n\t\t\t\t\t\t<a href=\"https:\/\/startcircular.obreal.org\/fr\/arminda-do-paco-coordinatrice-de-start-circular-a-presente-le-projet-a-nece-talks\/\" class=\"plain\">Arminda do Pa\u00e7o, coordinatrice de Start Circular, a pr\u00e9sent\u00e9 le projet \u00e0 NECE TALKS.<\/a>\n\t\t\t\t\t<\/h5>\n\t\t\t\t\t\t\t\t\t\t<div class=\"is-divider\"><\/div>\n\t\t\t\t\t\t\t\t\t\t<p class=\"from_the_blog_excerpt \">\n\t\t\t\t\t\t\t\t\t\t\t<\/p>\n\t\t\t\t\t                    \n\t\t\t\t\t\t\t\t\t\t\t<a href=\"https:\/\/startcircular.obreal.org\/fr\/arminda-do-paco-coordinatrice-de-start-circular-a-presente-le-projet-a-nece-talks\/\" class=\"button secondary is-shade is-small mb-0\">\n\t\t\t\t\t\t\tMore information\t\t\t\t\t\t<\/a>\n\t\t\t\t\t\n\t\t\t\t\t\n\t\t\t\t\t<\/div>\n\t\t\t\t\t<\/div>\n\t\t\t\t\t\t\t\t\t<\/div>\n\t\t\t<\/div>\n\t\t<\/div><div class=\"col post-item\" >\n\t\t\t<div class=\"col-inner\">\n\t\t\t\t<div class=\"box box-vertical box-text-bottom box-blog-post has-hover\">\n            \t\t\t\t\t<div class=\"box-image\" style=\"width:35%;\">\n  \t\t\t\t\t\t<div class=\"image-cover\" style=\"padding-top:70%;\">\n\t\t\t\t\t\t\t<a href=\"https:\/\/startcircular.obreal.org\/fr\/visite-detude-et-reunion-de-partenaires-a-luniversite-de-beira-interior\/\" class=\"plain\" aria-label=\"Visite d&rsquo;\u00e9tude et r\u00e9union de partenaires \u00e0 l&rsquo;Universit\u00e9 de Beira Interior\">\n\t\t\t\t\t\t\t\t<img loading=\"lazy\" decoding=\"async\" width=\"1600\" height=\"1200\" src=\"https:\/\/startcircular.obreal.org\/wp-content\/uploads\/sites\/3\/2024\/03\/WhatsApp-Image-2023-02-24-at-11.02.01-1.jpeg\" class=\"attachment-original size-original wp-post-image\" alt=\"\" srcset=\"https:\/\/startcircular.obreal.org\/wp-content\/uploads\/sites\/3\/2024\/03\/WhatsApp-Image-2023-02-24-at-11.02.01-1.jpeg 1600w, https:\/\/startcircular.obreal.org\/wp-content\/uploads\/sites\/3\/2024\/03\/WhatsApp-Image-2023-02-24-at-11.02.01-1-300x225.jpeg 300w, https:\/\/startcircular.obreal.org\/wp-content\/uploads\/sites\/3\/2024\/03\/WhatsApp-Image-2023-02-24-at-11.02.01-1-1024x768.jpeg 1024w, https:\/\/startcircular.obreal.org\/wp-content\/uploads\/sites\/3\/2024\/03\/WhatsApp-Image-2023-02-24-at-11.02.01-1-768x576.jpeg 768w, https:\/\/startcircular.obreal.org\/wp-content\/uploads\/sites\/3\/2024\/03\/WhatsApp-Image-2023-02-24-at-11.02.01-1-1536x1152.jpeg 1536w\" sizes=\"auto, (max-width: 1600px) 100vw, 1600px\" \/>\t\t\t\t\t\t\t<\/a>\n  \t\t\t\t\t\t\t  \t\t\t\t\t\t\t  \t\t\t\t\t\t<\/div>\n  \t\t\t\t\t\t  \t\t\t\t\t<\/div>\n          \t\t\t\t\t<div class=\"box-text text-left\" style=\"padding:0px 0px 0px 45px;\">\n\t\t\t\t\t<div class=\"box-text-inner blog-post-inner\">\n\n\t\t\t\t\t\n\t\t\t\t\t\t\t\t\t\t<h5 class=\"post-title is-large \">\n\t\t\t\t\t\t<a href=\"https:\/\/startcircular.obreal.org\/fr\/visite-detude-et-reunion-de-partenaires-a-luniversite-de-beira-interior\/\" class=\"plain\">Visite d&rsquo;\u00e9tude et r\u00e9union de partenaires \u00e0 l&rsquo;Universit\u00e9 de Beira Interior<\/a>\n\t\t\t\t\t<\/h5>\n\t\t\t\t\t\t\t\t\t\t<div class=\"is-divider\"><\/div>\n\t\t\t\t\t\t\t\t\t\t<p class=\"from_the_blog_excerpt \">\n\t\t\t\t\t\tLes 23 et 24 f\u00e9vrier, le projet Start Circular a [...]\t\t\t\t\t<\/p>\n\t\t\t\t\t                    \n\t\t\t\t\t\t\t\t\t\t\t<a href=\"https:\/\/startcircular.obreal.org\/fr\/visite-detude-et-reunion-de-partenaires-a-luniversite-de-beira-interior\/\" class=\"button secondary is-shade is-small mb-0\">\n\t\t\t\t\t\t\tMore information\t\t\t\t\t\t<\/a>\n\t\t\t\t\t\n\t\t\t\t\t\n\t\t\t\t\t<\/div>\n\t\t\t\t\t<\/div>\n\t\t\t\t\t\t\t\t\t<\/div>\n\t\t\t<\/div>\n\t\t<\/div><div class=\"col post-item\" >\n\t\t\t<div class=\"col-inner\">\n\t\t\t\t<div class=\"box box-vertical box-text-bottom box-blog-post has-hover\">\n            \t\t\t\t\t<div class=\"box-image\" style=\"width:35%;\">\n  \t\t\t\t\t\t<div class=\"image-cover\" style=\"padding-top:70%;\">\n\t\t\t\t\t\t\t<a href=\"https:\/\/startcircular.obreal.org\/fr\/lancement-du-projet-start-circular\/\" class=\"plain\" aria-label=\"Lancement du projet Start Circular\">\n\t\t\t\t\t\t\t\t<img loading=\"lazy\" decoding=\"async\" width=\"512\" height=\"512\" src=\"https:\/\/startcircular.obreal.org\/wp-content\/uploads\/sites\/3\/2022\/06\/cropped-24.png\" class=\"attachment-original size-original wp-post-image\" alt=\"\" srcset=\"https:\/\/startcircular.obreal.org\/wp-content\/uploads\/sites\/3\/2022\/06\/cropped-24.png 512w, https:\/\/startcircular.obreal.org\/wp-content\/uploads\/sites\/3\/2022\/06\/cropped-24-300x300.png 300w, https:\/\/startcircular.obreal.org\/wp-content\/uploads\/sites\/3\/2022\/06\/cropped-24-150x150.png 150w, https:\/\/startcircular.obreal.org\/wp-content\/uploads\/sites\/3\/2022\/06\/cropped-24-270x270.png 270w, https:\/\/startcircular.obreal.org\/wp-content\/uploads\/sites\/3\/2022\/06\/cropped-24-192x192.png 192w, https:\/\/startcircular.obreal.org\/wp-content\/uploads\/sites\/3\/2022\/06\/cropped-24-180x180.png 180w, https:\/\/startcircular.obreal.org\/wp-content\/uploads\/sites\/3\/2022\/06\/cropped-24-32x32.png 32w\" sizes=\"auto, (max-width: 512px) 100vw, 512px\" \/>\t\t\t\t\t\t\t<\/a>\n  \t\t\t\t\t\t\t  \t\t\t\t\t\t\t  \t\t\t\t\t\t<\/div>\n  \t\t\t\t\t\t  \t\t\t\t\t<\/div>\n          \t\t\t\t\t<div class=\"box-text text-left\" style=\"padding:0px 0px 0px 45px;\">\n\t\t\t\t\t<div class=\"box-text-inner blog-post-inner\">\n\n\t\t\t\t\t\n\t\t\t\t\t\t\t\t\t\t<h5 class=\"post-title is-large \">\n\t\t\t\t\t\t<a href=\"https:\/\/startcircular.obreal.org\/fr\/lancement-du-projet-start-circular\/\" class=\"plain\">Lancement du projet Start Circular<\/a>\n\t\t\t\t\t<\/h5>\n\t\t\t\t\t\t\t\t\t\t<div class=\"is-divider\"><\/div>\n\t\t\t\t\t\t\t\t\t\t<p class=\"from_the_blog_excerpt \">\n\t\t\t\t\t\tLe projet Start Circular vise \u00e0 fusionner deux th\u00e8mes cl\u00e9s [...]\t\t\t\t\t<\/p>\n\t\t\t\t\t                    \n\t\t\t\t\t\t\t\t\t\t\t<a href=\"https:\/\/startcircular.obreal.org\/fr\/lancement-du-projet-start-circular\/\" class=\"button secondary is-shade is-small mb-0\">\n\t\t\t\t\t\t\tMore information\t\t\t\t\t\t<\/a>\n\t\t\t\t\t\n\t\t\t\t\t\n\t\t\t\t\t<\/div>\n\t\t\t\t\t<\/div>\n\t\t\t\t\t\t\t\t\t<\/div>\n\t\t\t<\/div>\n\t\t<\/div><\/div>\n","protected":false},"excerpt":{"rendered":"","protected":false},"author":3,"featured_media":0,"parent":0,"menu_order":0,"comment_status":"closed","ping_status":"closed","template":"page-blank.php","meta":{"_kad_blocks_custom_css":"","_kad_blocks_head_custom_js":"","_kad_blocks_body_custom_js":"","_kad_blocks_footer_custom_js":"","footnotes":""},"class_list":["post-2776","page","type-page","status-publish","hentry"],"taxonomy_info":[],"featured_image_src_large":false,"author_info":{"display_name":"Bea King","author_link":"https:\/\/startcircular.obreal.org\/fr\/author\/beaking\/"},"comment_info":"","_links":{"self":[{"href":"https:\/\/startcircular.obreal.org\/fr\/wp-json\/wp\/v2\/pages\/2776","targetHints":{"allow":["GET"]}}],"collection":[{"href":"https:\/\/startcircular.obreal.org\/fr\/wp-json\/wp\/v2\/pages"}],"about":[{"href":"https:\/\/startcircular.obreal.org\/fr\/wp-json\/wp\/v2\/types\/page"}],"author":[{"embeddable":true,"href":"https:\/\/startcircular.obreal.org\/fr\/wp-json\/wp\/v2\/users\/3"}],"replies":[{"embeddable":true,"href":"https:\/\/startcircular.obreal.org\/fr\/wp-json\/wp\/v2\/comments?post=2776"}],"version-history":[{"count":2,"href":"https:\/\/startcircular.obreal.org\/fr\/wp-json\/wp\/v2\/pages\/2776\/revisions"}],"predecessor-version":[{"id":5489,"href":"https:\/\/startcircular.obreal.org\/fr\/wp-json\/wp\/v2\/pages\/2776\/revisions\/5489"}],"wp:attachment":[{"href":"https:\/\/startcircular.obreal.org\/fr\/wp-json\/wp\/v2\/media?parent=2776"}],"curies":[{"name":"wp","href":"https:\/\/api.w.org\/{rel}","templated":true}]}}