{"id":2772,"date":"2021-06-11T18:08:48","date_gmt":"2021-06-11T21:08:48","guid":{"rendered":"https:\/\/startcircular.obreal.net\/buts-et-objectifs-du-projet\/"},"modified":"2024-01-10T11:28:52","modified_gmt":"2024-01-10T14:28:52","slug":"buts-et-objectifs-du-projet","status":"publish","type":"page","link":"https:\/\/startcircular.obreal.org\/fr\/buts-et-objectifs-du-projet\/","title":{"rendered":"Objectifs"},"content":{"rendered":"\n  <div id=\"page-header-303712380\" class=\"page-header-wrapper\">\n  <div class=\"page-title light featured-title\">\n\n        <div class=\"page-title-bg\">\n      <div class=\"title-bg fill bg-fill\"\n        data-parallax-container=\".page-title\"\n        data-parallax-background\n        data-parallax=\"-\">\n      <\/div>\n      <div class=\"title-overlay fill\"><\/div>\n    <\/div>\n    \n    <div class=\"page-title-inner container align-center text-center flex-row-col medium-flex-wrap\" >\n              <div class=\"title-wrapper flex-col\">\n          <h1 class=\"entry-title mb-0\">\n            OBJECTIFS          <\/h1>\n        <\/div>\n                    <div class=\"title-content flex-col\">\n        <ul class=\"nav sm-touch-scroll nav-line nav-uppercase text-center nav-center\"><li class=\"nav-single-page hidden\"><\/li><\/ul>      <\/div>\n    <\/div>\n\n     \n<style>\n#page-header-303712380 .page-title-inner {\n  min-height: 200px;\n}\n#page-header-303712380 .title-bg {\n  background-image: url(https:\/\/startcircular.obreal.org\/wp-content\/uploads\/sites\/3\/2022\/06\/banner-5.jpg);\n  background-position: 50% 53%;\n}\n#page-header-303712380 .title-overlay {\n  background-color: rgba(0, 0, 0, 0);\n}\n@media (min-width:550px) {\n  #page-header-303712380 .page-title-inner {\n    min-height: 300px;\n  }\n}\n<\/style>\n  <\/div>\n    <\/div>\n  \n\n\t<section class=\"section\" id=\"section_1616987453\">\n\t\t<div class=\"bg section-bg fill bg-fill  bg-loaded\" >\n\n\t\t\t\n\t\t\t\n\t\t\t\n\n\t\t<\/div>\n\n\t\t\n\n\t\t<div class=\"section-content relative\">\n\t\t\t\n\n<div class=\"row\"  id=\"row-1153831970\">\n\n\n\t<div id=\"col-534605928\" class=\"col small-12 large-12\"  >\n\t\t\t\t<div class=\"col-inner\" style=\"background-color:rgb(255,255,255);\" >\n\t\t\t\n\t\t\t\n\n<div class=\"row align-center\"  id=\"row-856546387\">\n\n\n\t<div id=\"col-582269753\" class=\"col medium-9 small-10 large-9\"  >\n\t\t\t\t<div class=\"col-inner text-center\"  >\n\t\t\t\n\t\t\t\n\n<h3> <\/h3>\n<p class=\"font_8\" style=\"text-align: left;\"><span style=\"font-weight: 400;\">START CIRCULAR arrive au bon moment. Le projet pr\u00e9conise une approche plus int\u00e9gr\u00e9e de la gestion des relations entre les universit\u00e9s et l&rsquo;industrie, des services de soutien et de l&rsquo;enseignement de l&rsquo;entrepreneuriat et de la durabilit\u00e9, en mettant l&rsquo;accent sur la fa\u00e7on dont les principes de l&rsquo;\u00e9conomie circulaire devraient sous-tendre cette approche. En impliquant des universit\u00e9s urbaines et r\u00e9gionales de diff\u00e9rentes capacit\u00e9s, des PME et des ONG, il servira de plateforme pour le partage de pratiques dans la formation de jeunes entrepreneurs et dirigeants \u00ab\u00a0verts\u00a0\u00bb.<\/span><\/p>\n<p> <\/p>\n<p class=\"font_8\" style=\"text-align: left;\"><span data-text-color=\"primary\"><strong>Les objectifs du projet sont les suivants: <\/strong><\/span><\/p>\n<p class=\"font_8\" style=\"text-align: left;\"><span style=\"font-weight: 400;\"><span data-text-color=\"primary\"><strong>1.<\/strong><\/span> D\u00e9velopper un mod\u00e8le int\u00e9gr\u00e9 de gestion de l&rsquo;entrepreneuriat fond\u00e9 sur l&rsquo;\u00e9conomie circulaire, mis en \u0153uvre par les universit\u00e9s et les PME en partenariat, afin d&rsquo;am\u00e9liorer le d\u00e9veloppement des comp\u00e9tences et la cr\u00e9ation d&#8217;emplois li\u00e9s aux principes de l&rsquo;\u00e9conomie circulaire. <\/span><\/p>\n<p class=\"font_8\" style=\"text-align: left;\"><span style=\"font-weight: 400;\"><span data-text-color=\"primary\"><strong>2.<\/strong><\/span> Appliquer ce mod\u00e8le dans des universit\u00e9s aux capacit\u00e9s et aux besoins divers en Europe, afin d&rsquo;augmenter le nombre de dipl\u00f4m\u00e9s pr\u00e9par\u00e9s \u00e0 devenir des entrepreneurs ou de futurs leaders en \u00e9conomie circulaire. <\/span><\/p>\n<p class=\"font_8\" style=\"text-align: left;\"><span style=\"font-weight: 400;\"><span data-text-color=\"primary\"><strong>3.<\/strong><\/span> Dans le cadre de son application, former \u00e0 la fois le personnel enseignant et administratif des universit\u00e9s et le personnel des PME au co-d\u00e9veloppement de programmes d&rsquo;\u00e9tudes et d&rsquo;approches d&rsquo;apprentissage int\u00e9gr\u00e9 au travail li\u00e9s \u00e0 l&rsquo;\u00e9conomie circulaire. <\/span><\/p>\n<p class=\"font_8\" style=\"text-align: left;\"><span style=\"font-weight: 400;\"><span data-text-color=\"primary\"><strong>4.<\/strong><\/span> Mettre en place,<\/span><span style=\"font-weight: 400;\">connecter et internationaliser les Sustainability Labs dans les universit\u00e9s partenaires, afin d&rsquo;aider\/former les \u00e9tudiants et les jeunes dipl\u00f4m\u00e9s \u00e0 d\u00e9velopper des entreprises int\u00e9grant l&rsquo;\u00e9conomie circulaire et la coresponsabilit\u00e9.<\/span><\/p>\n\n\t\t<\/div>\n\t\t\t\t\n<style>\n#col-582269753 > .col-inner {\n  margin: 20px 0px 20px 0px;\n}\n<\/style>\n\t<\/div>\n\n\t\n\n<\/div>\n\n\t\t<\/div>\n\t\t\t\t\n<style>\n#col-534605928 > .col-inner {\n  padding: 0px 0px 0px 0px;\n  margin: -70px 0px 0px 0px;\n}\n@media (min-width:550px) {\n  #col-534605928 > .col-inner {\n    padding: 50px 0px 0px 0px;\n  }\n}\n<\/style>\n\t<\/div>\n\n\t\n\n<\/div>\n\n\t\t<\/div>\n\n\t\t\n<style>\n#section_1616987453 {\n  padding-top: 30px;\n  padding-bottom: 30px;\n}\n<\/style>\n\t<\/section>\n\t\n\n","protected":false},"excerpt":{"rendered":"","protected":false},"author":3,"featured_media":0,"parent":0,"menu_order":0,"comment_status":"closed","ping_status":"closed","template":"page-blank.php","meta":{"_kad_blocks_custom_css":"","_kad_blocks_head_custom_js":"","_kad_blocks_body_custom_js":"","_kad_blocks_footer_custom_js":"","footnotes":""},"class_list":["post-2772","page","type-page","status-publish","hentry"],"taxonomy_info":[],"featured_image_src_large":false,"author_info":{"display_name":"Bea King","author_link":"https:\/\/startcircular.obreal.org\/fr\/author\/beaking\/"},"comment_info":"","_links":{"self":[{"href":"https:\/\/startcircular.obreal.org\/fr\/wp-json\/wp\/v2\/pages\/2772","targetHints":{"allow":["GET"]}}],"collection":[{"href":"https:\/\/startcircular.obreal.org\/fr\/wp-json\/wp\/v2\/pages"}],"about":[{"href":"https:\/\/startcircular.obreal.org\/fr\/wp-json\/wp\/v2\/types\/page"}],"author":[{"embeddable":true,"href":"https:\/\/startcircular.obreal.org\/fr\/wp-json\/wp\/v2\/users\/3"}],"replies":[{"embeddable":true,"href":"https:\/\/startcircular.obreal.org\/fr\/wp-json\/wp\/v2\/comments?post=2772"}],"version-history":[{"count":6,"href":"https:\/\/startcircular.obreal.org\/fr\/wp-json\/wp\/v2\/pages\/2772\/revisions"}],"predecessor-version":[{"id":5618,"href":"https:\/\/startcircular.obreal.org\/fr\/wp-json\/wp\/v2\/pages\/2772\/revisions\/5618"}],"wp:attachment":[{"href":"https:\/\/startcircular.obreal.org\/fr\/wp-json\/wp\/v2\/media?parent=2772"}],"curies":[{"name":"wp","href":"https:\/\/api.w.org\/{rel}","templated":true}]}}