{"id":2770,"date":"2022-06-17T14:59:29","date_gmt":"2022-06-17T17:59:29","guid":{"rendered":"https:\/\/startcircular.obreal.net\/initiatives-connexes\/"},"modified":"2023-11-23T16:28:21","modified_gmt":"2023-11-23T19:28:21","slug":"initiatives-connexes","status":"publish","type":"page","link":"https:\/\/startcircular.obreal.org\/fr\/initiatives-connexes\/","title":{"rendered":"Initiatives connexes"},"content":{"rendered":"\n  <div id=\"page-header-1761542554\" class=\"page-header-wrapper\">\n  <div class=\"page-title light featured-title\">\n\n        <div class=\"page-title-bg\">\n      <div class=\"title-bg fill bg-fill\"\n        data-parallax-container=\".page-title\"\n        data-parallax-background\n        data-parallax=\"-\">\n      <\/div>\n      <div class=\"title-overlay fill\"><\/div>\n    <\/div>\n    \n    <div class=\"page-title-inner container align-center text-center flex-row-col medium-flex-wrap\" >\n              <div class=\"title-wrapper flex-col\">\n          <h1 class=\"entry-title mb-0\">\n            INITIATIVES CONNEXES          <\/h1>\n        <\/div>\n                    <div class=\"title-content flex-col\">\n        <ul class=\"nav sm-touch-scroll nav-line nav-uppercase text-center nav-center\"><li class=\"nav-single-page hidden\"><\/li><\/ul>      <\/div>\n    <\/div>\n\n     \n<style>\n#page-header-1761542554 .page-title-inner {\n  min-height: 200px;\n}\n#page-header-1761542554 .title-bg {\n  background-image: url(https:\/\/startcircular.obreal.org\/wp-content\/uploads\/sites\/3\/2022\/06\/banner-5.jpg);\n  background-position: 49% 82%;\n}\n#page-header-1761542554 .title-overlay {\n  background-color: rgba(0, 0, 0, 0);\n}\n@media (min-width:550px) {\n  #page-header-1761542554 .page-title-inner {\n    min-height: 300px;\n  }\n}\n<\/style>\n  <\/div>\n    <\/div>\n  \n\n\t<section class=\"section\" id=\"section_905415805\">\n\t\t<div class=\"bg section-bg fill bg-fill  bg-loaded\" >\n\n\t\t\t\n\t\t\t\n\t\t\t\n\n\t\t<\/div>\n\n\t\t\n\n\t\t<div class=\"section-content relative\">\n\t\t\t\n\n<div class=\"row\"  id=\"row-923538591\">\n\n\n\t<div id=\"col-1070641810\" class=\"col small-12 large-12\"  >\n\t\t\t\t<div class=\"col-inner\" style=\"background-color:rgb(255,255,255);\" >\n\t\t\t\n\t\t\t\n\n<div class=\"row align-center\"  id=\"row-1473013324\">\n\n\n\t<div id=\"col-2034156517\" class=\"col medium-9 small-10 large-11\"  >\n\t\t\t\t<div class=\"col-inner text-center\"  >\n\t\t\t\n\t\t\t\n\n\t<div id=\"text-3496936825\" class=\"text\">\n\t\t\n\n<h3> <\/h3>\n<h3><span data-text-color=\"primary\"><strong>Circular Start: <\/strong><\/span><\/h3>\n<p><span style=\"font-weight: 400\">De nombreuses start-ups et jeunes entrepreneurs apportant des id\u00e9es nouvelles et disruptives sur le march\u00e9 manquent d&rsquo;expertise sur les mod\u00e8les commerciaux d\u2019\u00e9conomie circulaire et ne peuvent ainsi pas b\u00e9n\u00e9ficier d&rsquo;opportunit\u00e9s de nouveaux march\u00e9s orient\u00e9s vers le \u201cdurable\u201d. <\/span><\/p>\n<p><span style=\"font-weight: 400\">CircularStart rel\u00e8ve ce d\u00e9fi et veux fournir un nouveau mat\u00e9riel de formation innovant bas\u00e9 sur un mod\u00e8le d&rsquo;entreprise durables et circulaires. Au cours du projet, le mat\u00e9riel d&rsquo;apprentissage sera d\u2019abord test\u00e9 aupr\u00e8s de diff\u00e9rents volontaires, pour ensuite \u00eatre publi\u00e9 sur notre site web :<\/span><\/p>\n<p><a href=\"https:\/\/www.circularstart.eu\/\" target=\"_blank\" rel=\"noopener\"><span style=\"font-weight: 400\">https:\/\/www.circularstart.eu\/<\/span><\/a><\/p>\n\t\t\n<style>\n#text-3496936825 {\n  text-align: left;\n}\n<\/style>\n\t<\/div>\n\t\n\n\t\t<\/div>\n\t\t\t\t\n<style>\n#col-2034156517 > .col-inner {\n  margin: -25px 0px 20px 0px;\n}\n@media (min-width:550px) {\n  #col-2034156517 > .col-inner {\n    margin: 20px 0px 20px 0px;\n  }\n}\n<\/style>\n\t<\/div>\n\n\t\n\n<\/div>\n\n\t\t<\/div>\n\t\t\t\t\n<style>\n#col-1070641810 > .col-inner {\n  padding: 50px 0px 0px 0px;\n  margin: -70px 0px 0px 0px;\n}\n<\/style>\n\t<\/div>\n\n\t\n\n<\/div>\n\n\t\t<\/div>\n\n\t\t\n<style>\n#section_905415805 {\n  padding-top: 0px;\n  padding-bottom: 0px;\n}\n@media (min-width:550px) {\n  #section_905415805 {\n    padding-top: 30px;\n    padding-bottom: 30px;\n  }\n}\n<\/style>\n\t<\/section>\n\t\n","protected":false},"excerpt":{"rendered":"","protected":false},"author":3,"featured_media":0,"parent":0,"menu_order":0,"comment_status":"closed","ping_status":"closed","template":"page-blank.php","meta":{"_kad_blocks_custom_css":"","_kad_blocks_head_custom_js":"","_kad_blocks_body_custom_js":"","_kad_blocks_footer_custom_js":"","footnotes":""},"class_list":["post-2770","page","type-page","status-publish","hentry"],"taxonomy_info":[],"featured_image_src_large":false,"author_info":{"display_name":"Bea King","author_link":"https:\/\/startcircular.obreal.org\/fr\/author\/beaking\/"},"comment_info":"","_links":{"self":[{"href":"https:\/\/startcircular.obreal.org\/fr\/wp-json\/wp\/v2\/pages\/2770","targetHints":{"allow":["GET"]}}],"collection":[{"href":"https:\/\/startcircular.obreal.org\/fr\/wp-json\/wp\/v2\/pages"}],"about":[{"href":"https:\/\/startcircular.obreal.org\/fr\/wp-json\/wp\/v2\/types\/page"}],"author":[{"embeddable":true,"href":"https:\/\/startcircular.obreal.org\/fr\/wp-json\/wp\/v2\/users\/3"}],"replies":[{"embeddable":true,"href":"https:\/\/startcircular.obreal.org\/fr\/wp-json\/wp\/v2\/comments?post=2770"}],"version-history":[{"count":2,"href":"https:\/\/startcircular.obreal.org\/fr\/wp-json\/wp\/v2\/pages\/2770\/revisions"}],"predecessor-version":[{"id":5501,"href":"https:\/\/startcircular.obreal.org\/fr\/wp-json\/wp\/v2\/pages\/2770\/revisions\/5501"}],"wp:attachment":[{"href":"https:\/\/startcircular.obreal.org\/fr\/wp-json\/wp\/v2\/media?parent=2770"}],"curies":[{"name":"wp","href":"https:\/\/api.w.org\/{rel}","templated":true}]}}