{"id":2693,"date":"2021-06-11T18:08:29","date_gmt":"2021-06-11T21:08:29","guid":{"rendered":"https:\/\/startcircular.obreal.net\/a-propos-de-nous\/"},"modified":"2023-02-15T10:25:56","modified_gmt":"2023-02-15T13:25:56","slug":"a-propos-de-nous","status":"publish","type":"page","link":"https:\/\/startcircular.obreal.org\/fr\/a-propos-de-nous\/","title":{"rendered":"A propos de nous"},"content":{"rendered":"\n  <div id=\"page-header-68216229\" class=\"page-header-wrapper\">\n  <div class=\"page-title light featured-title\">\n\n        <div class=\"page-title-bg\">\n      <div class=\"title-bg fill bg-fill\"\n        data-parallax-container=\".page-title\"\n        data-parallax-background\n        data-parallax=\"-\">\n      <\/div>\n      <div class=\"title-overlay fill\"><\/div>\n    <\/div>\n    \n    <div class=\"page-title-inner container align-center text-center flex-row-col medium-flex-wrap\" >\n              <div class=\"title-wrapper flex-col\">\n          <h1 class=\"entry-title mb-0\">\n            A propos de STAR CIRCULAR          <\/h1>\n        <\/div>\n                    <div class=\"title-content flex-col\">\n        <ul class=\"nav sm-touch-scroll nav-line nav-uppercase text-center nav-center\"><li class=\"nav-single-page hidden\"><\/li><\/ul>      <\/div>\n    <\/div>\n\n     \n<style>\n#page-header-68216229 .page-title-inner {\n  min-height: 200px;\n}\n#page-header-68216229 .title-bg {\n  background-image: url(https:\/\/startcircular.obreal.org\/wp-content\/uploads\/sites\/3\/2022\/06\/banner-5.jpg);\n  background-position: 40% 39%;\n}\n#page-header-68216229 .title-overlay {\n  background-color: rgba(0, 0, 0, 0);\n}\n#page-header-68216229 .featured-title {\n  background-color: rgba(0, 0, 0, 0.14);\n}\n@media (min-width:550px) {\n  #page-header-68216229 .page-title-inner {\n    min-height: 300px;\n  }\n}\n<\/style>\n  <\/div>\n    <\/div>\n  \n\n\t<section class=\"section\" id=\"section_2053051435\">\n\t\t<div class=\"bg section-bg fill bg-fill  bg-loaded\" >\n\n\t\t\t\n\t\t\t\n\t\t\t\n\n\t\t<\/div>\n\n\t\t\n\n\t\t<div class=\"section-content relative\">\n\t\t\t\n\n<div class=\"row\"  id=\"row-905608345\">\n\n\n\t<div id=\"col-1294592933\" class=\"col small-12 large-12\"  >\n\t\t\t\t<div class=\"col-inner\" style=\"background-color:rgb(255,255,255);\" >\n\t\t\t\n\t\t\t\n\n<div class=\"row align-center\"  id=\"row-769143826\">\n\n\n\t<div id=\"col-1161181677\" class=\"col medium-9 small-10 large-10\"  >\n\t\t\t\t<div class=\"col-inner text-center\"  >\n\t\t\t\n\t\t\t\n\n\t<div id=\"text-1131595693\" class=\"text\">\n\t\t\n\n<p style=\"text-align: left;\"><span style=\"font-weight: 400;\" data-line-height=\"xl\">START CIRCULAR vise \u00e0 fusionner deux sujets cl\u00e9s en Europe : Pr\u00e9parer des dipl\u00f4m\u00e9s ayant l&rsquo;esprit d&rsquo;entreprise \u00e0 travailler pour et \u00e0 d\u00e9velopper des entreprises durables et renforcer la collaboration entre les universit\u00e9s et les PME dans l&rsquo;enseignement, l&rsquo;apprentissage et la formation \u00e0 cet effet. Pour cr\u00e9er des emplois verts, l&rsquo;Europe doit donc investir dans une approche r\u00e9g\u00e9n\u00e9ratrice qui contraste avec l&rsquo;\u00e9conomie lin\u00e9aire traditionnelle. Selon le \u00ab\u00a0Green Deal\u00a0\u00bb europ\u00e9en, il est n\u00e9cessaire de stimuler l&rsquo;utilisation efficace des ressources en passant \u00e0 une \u00e9conomie propre et circulaire. La r\u00e9duction des d\u00e9chets et des fuites dans nos mod\u00e8les actuels de production, de consommation et d&rsquo;entreprise permet de pr\u00e9server les ressources et de r\u00e9duire la pollution environnementale. START CIRCULAR part du principe que cette transition d\u00e9pend de syst\u00e8mes d&rsquo;enseignement sup\u00e9rieur solides qui g\u00e9n\u00e8rent des leaders et des entrepreneurs dans ce domaine, en collaboration avec l&rsquo;industrie et les ONG. Le projet r\u00e9pond sp\u00e9cifiquement au Plan d&rsquo;action europ\u00e9en pour l&rsquo;\u00e9conomie circulaire (PAEC 2021), le r\u00e9cent plan de l&rsquo;UE pour la transition vers l&rsquo;\u00e9conomie circulaire qui met en avant la cr\u00e9ation d&rsquo;une croissance et d&#8217;emplois durables. Il est particuli\u00e8rement pertinent \u00e0 une \u00e9poque o\u00f9 a) les universit\u00e9s europ\u00e9ennes ont \u00e9t\u00e9 mises au d\u00e9fi de coop\u00e9rer de mani\u00e8re nouvelle et innovante et de red\u00e9finir l&rsquo;enseignement et l&rsquo;apprentissage par-del\u00e0 les fronti\u00e8res (voir la communication de l&rsquo;UE sur l&rsquo;espace europ\u00e9en de l&rsquo;\u00e9ducation) et b) les d\u00e9cideurs politiques sont confront\u00e9s \u00e0 une crise sanitaire et \u00e9conomique d&rsquo;une ampleur astronomique (COVID 19), qui a un impact consid\u00e9rable sur la mani\u00e8re dont nous travaillons, enseignons, apprenons et vivons. Il est \u00e9vident que la reprise \u00e9conomique et la croissance \u00e9ventuelle de l&rsquo;Europe d\u00e9pendent de sa capacit\u00e9 \u00e0 g\u00e9n\u00e9rer des solutions innovantes et durables aux d\u00e9fis \u00e9conomiques. L&rsquo;esprit d&rsquo;entreprise et les mod\u00e8les commerciaux ax\u00e9s sur la durabilit\u00e9 sont donc essentiels. L&rsquo;objectif de la Commission est d&rsquo;encourager les citoyens \u00e0 cr\u00e9er et \u00e0 d\u00e9velopper leurs entreprises (plan d&rsquo;action \u00ab\u00a0Entrepreneuriat 2020\u00a0\u00bb). Parall\u00e8lement, la pression des consommateurs en faveur du d\u00e9veloppement durable augmente, de m\u00eame que l&rsquo;int\u00e9r\u00eat pour la r\u00e9duction de l&rsquo;impact environnemental des PME. La r\u00e9duction de l&#8217;empreinte environnementale peut \u00e9galement \u00eatre consid\u00e9r\u00e9e comme une opportunit\u00e9 commerciale importante pour les PME ; cependant, elles sont souvent confront\u00e9es \u00e0 des limites dans l&rsquo;am\u00e9lioration de leur performance environnementale, telles que des obstacles li\u00e9s \u00e0 la taille, des limitations financi\u00e8res, des d\u00e9ficits de comp\u00e9tences et des contraintes de connaissances. De plus, comme le ralentissement \u00e9conomique actuel a \u00e9t\u00e9 contract\u00e9 en raison de la pand\u00e9mie, les d\u00e9cideurs politiques et les entreprises sont sous pression pour relancer l&rsquo;activit\u00e9 \u00e9conomique \u00e0 tout prix. Cela pourrait mettre en p\u00e9ril les progr\u00e8s r\u00e9alis\u00e9s dans la cr\u00e9ation d&#8217;emplois verts. Il est donc essentiel de former des dipl\u00f4m\u00e9s innovants et engag\u00e9s dans le d\u00e9veloppement durable des entreprises. Si plusieurs universit\u00e9s europ\u00e9ennes ont fait preuve d&rsquo;innovation en mati\u00e8re d&rsquo;enseignement de l&rsquo;entrepreneuriat et de capacit\u00e9 \u00e0 enseigner les principes du commerce durable et circulaire, l&rsquo;Europe a besoin d&rsquo;approches et de ressources plus strat\u00e9giques, interdisciplinaires, transfrontali\u00e8res et appliqu\u00e9es pour aborder ces domaines, en maintenant l&rsquo;\u00e9conomie circulaire au premier plan. Un \u00ab\u00a0mod\u00e8le int\u00e9gr\u00e9 de gestion de l&rsquo;esprit d&rsquo;entreprise pour l&rsquo;\u00e9conomie circulaire\u00a0\u00bb pour les universit\u00e9s et les PME, l&rsquo;un des principaux r\u00e9sultats de ce projet, abordera cette question, tout comme la formation pour le mettre en \u0153uvre et les laboratoires de durabilit\u00e9, pour lesquels tous les partenaires partagent un engagement.<\/span><\/p>\n\t\t\n<style>\n#text-1131595693 {\n  line-height: 1.4;\n}\n@media (min-width:550px) {\n  #text-1131595693 {\n    line-height: 1.85;\n  }\n}\n<\/style>\n\t<\/div>\n\t\n\t<div id=\"gap-1653974822\" class=\"gap-element clearfix\" style=\"display:block; height:auto;\">\n\t\t\n<style>\n#gap-1653974822 {\n  padding-top: 30px;\n}\n<\/style>\n\t<\/div>\n\t\n\n\n\t\t<\/div>\n\t\t\t\t\n<style>\n#col-1161181677 > .col-inner {\n  margin: 20px 0px 20px 0px;\n}\n<\/style>\n\t<\/div>\n\n\t\n\n<\/div>\n\n\t\t<\/div>\n\t\t\t\t\n<style>\n#col-1294592933 > .col-inner {\n  padding: 25px 0px 0px 0px;\n  margin: -70px 0px 0px 0px;\n}\n@media (min-width:550px) {\n  #col-1294592933 > .col-inner {\n    padding: 50px 0px 0px 0px;\n  }\n}\n<\/style>\n\t<\/div>\n\n\t\n\n<\/div>\n\n\t\t<\/div>\n\n\t\t\n<style>\n#section_2053051435 {\n  padding-top: 30px;\n  padding-bottom: 30px;\n}\n<\/style>\n\t<\/section>\n\t\n\n","protected":false},"excerpt":{"rendered":"","protected":false},"author":3,"featured_media":0,"parent":0,"menu_order":0,"comment_status":"closed","ping_status":"closed","template":"page-blank.php","meta":{"_kad_blocks_custom_css":"","_kad_blocks_head_custom_js":"","_kad_blocks_body_custom_js":"","_kad_blocks_footer_custom_js":"","footnotes":""},"class_list":["post-2693","page","type-page","status-publish","hentry"],"taxonomy_info":[],"featured_image_src_large":false,"author_info":{"display_name":"Bea King","author_link":"https:\/\/startcircular.obreal.org\/fr\/author\/beaking\/"},"comment_info":"","_links":{"self":[{"href":"https:\/\/startcircular.obreal.org\/fr\/wp-json\/wp\/v2\/pages\/2693","targetHints":{"allow":["GET"]}}],"collection":[{"href":"https:\/\/startcircular.obreal.org\/fr\/wp-json\/wp\/v2\/pages"}],"about":[{"href":"https:\/\/startcircular.obreal.org\/fr\/wp-json\/wp\/v2\/types\/page"}],"author":[{"embeddable":true,"href":"https:\/\/startcircular.obreal.org\/fr\/wp-json\/wp\/v2\/users\/3"}],"replies":[{"embeddable":true,"href":"https:\/\/startcircular.obreal.org\/fr\/wp-json\/wp\/v2\/comments?post=2693"}],"version-history":[{"count":1,"href":"https:\/\/startcircular.obreal.org\/fr\/wp-json\/wp\/v2\/pages\/2693\/revisions"}],"predecessor-version":[{"id":2694,"href":"https:\/\/startcircular.obreal.org\/fr\/wp-json\/wp\/v2\/pages\/2693\/revisions\/2694"}],"wp:attachment":[{"href":"https:\/\/startcircular.obreal.org\/fr\/wp-json\/wp\/v2\/media?parent=2693"}],"curies":[{"name":"wp","href":"https:\/\/api.w.org\/{rel}","templated":true}]}}