{"id":2691,"date":"2021-05-11T11:01:23","date_gmt":"2021-05-11T14:01:23","guid":{"rendered":"https:\/\/startcircular.obreal.net\/accueil\/"},"modified":"2023-12-12T17:06:40","modified_gmt":"2023-12-12T20:06:40","slug":"accueil","status":"publish","type":"page","link":"https:\/\/startcircular.obreal.org\/fr\/","title":{"rendered":"Accueil"},"content":{"rendered":"\n\t<section class=\"section\" id=\"section_1674234417\">\n\t\t<div class=\"bg section-bg fill bg-fill  bg-loaded\" >\n\n\t\t\t\n\t\t\t\n\t\t\t\n\n\t\t<\/div>\n\n\t\t\n\n\t\t<div class=\"section-content relative\">\n\t\t\t\n\n<div class=\"row row-collapse row-full-width\"  id=\"row-1299786546\">\n\n\n\t<div id=\"col-1092278330\" class=\"col small-12 large-12\"  >\n\t\t\t\t<div class=\"col-inner\"  >\n\t\t\t\n\t\t\t\n\n\n  <div class=\"banner has-hover\" id=\"banner-1052178375\">\n          <div class=\"banner-inner fill\">\n        <div class=\"banner-bg fill\" >\n            <div class=\"bg fill bg-fill \"><\/div>\n                                    \n                    <\/div>\n\t\t\n        <div class=\"banner-layers container\">\n            <div class=\"fill banner-link\"><\/div>            \n\n   <div id=\"text-box-872434389\" class=\"text-box banner-layer x5 md-x5 lg-x5 y80 md-y80 lg-y80 res-text\">\n                                <div class=\"text-box-content text dark\">\n              \n              <div class=\"text-inner text-center\">\n                  \n\n\t<div id=\"text-3144822646\" class=\"text\">\n\t\t\n\n<h2 class=\"font_2\" style=\"text-align: left;\"><span style=\"color: #000000;\" data-text-color=\"primary\"><strong>Bienvenue \u00e0 START CIRCULAR<\/strong><\/span><\/h2>\n<h4 class=\"font_7\" style=\"text-align: left;\"><span style=\"font-weight: 400;\">Mod\u00e8le de gestion int\u00e9gr\u00e9e de l&rsquo;entrepreneuriat pour l&rsquo;\u00e9conomie circulaire<\/span><\/h4>\n\t\t\n<style>\n#text-3144822646 {\n  color: #466175;\n}\n#text-3144822646 > * {\n  color: #466175;\n}\n<\/style>\n\t<\/div>\n\t\n\n              <\/div>\n           <\/div>\n                            \n<style>\n#text-box-872434389 {\n  width: 81%;\n}\n#text-box-872434389 .text-box-content {\n  font-size: 100%;\n}\n<\/style>\n    <\/div>\n \n\n        <\/div>\n      <\/div>\n\n            \n<style>\n#banner-1052178375 {\n  padding-top: 407px;\n}\n#banner-1052178375 .bg.bg-loaded {\n  background-image: url(https:\/\/startcircular.obreal.org\/wp-content\/uploads\/sites\/3\/2022\/06\/banner-4.jpg);\n}\n#banner-1052178375 .bg {\n  background-position: 8% 0%;\n}\n@media (min-width:550px) {\n  #banner-1052178375 {\n    padding-top: 500px;\n  }\n}\n<\/style>\n  <\/div>\n\n\n\n\t\t<\/div>\n\t\t\t\t\t<\/div>\n\n\t\n\n<\/div>\n<div class=\"row row-collapse row-full-width hide-for-small\"  id=\"row-1393771294\">\n\n\n\t<div id=\"col-664686910\" class=\"col medium-4 large-4\"  >\n\t\t\t\t<div class=\"col-inner box-shadow-3-hover\"  >\n\t\t\t\n\t\t\t\n\n\n  <div class=\"banner has-hover\" id=\"banner-28910769\">\n          <div class=\"banner-inner fill\">\n        <div class=\"banner-bg fill\" >\n            <div class=\"bg fill bg-fill \"><\/div>\n                        <div class=\"overlay\"><\/div>            \n                    <\/div>\n\t\t\n        <div class=\"banner-layers container\">\n            <a class=\"fill\" href=\"fr\/activites\/\" ><div class=\"fill banner-link\"><\/div><\/a>            \n\n   <div id=\"text-box-283604394\" class=\"text-box banner-layer x50 md-x50 lg-x50 y50 md-y50 lg-y50 res-text\">\n                                <div class=\"text-box-content text dark\">\n              \n              <div class=\"text-inner text-center\">\n                  \n\n<h1><a href=\"https:\/\/startcircular.obreal.org\/fr\/activites\/\">ACTIVIT\u00c9S<\/a><\/h1>\n\n              <\/div>\n           <\/div>\n                            \n<style>\n#text-box-283604394 {\n  width: 60%;\n}\n#text-box-283604394 .text-box-content {\n  font-size: 100%;\n}\n<\/style>\n    <\/div>\n \n\n        <\/div>\n      <\/div>\n\n            \n<style>\n#banner-28910769 {\n  padding-top: 175px;\n  background-color: rgba(82, 94, 101, 0.25);\n}\n#banner-28910769 .overlay {\n  background-color: rgba(0, 0, 0, 0.076);\n}\n<\/style>\n  <\/div>\n\n\n\n\t\t<\/div>\n\t\t\t\t\t<\/div>\n\n\t\n\n\t<div id=\"col-1722049110\" class=\"col medium-4 large-4\"  >\n\t\t\t\t<div class=\"col-inner box-shadow-3-hover\"  >\n\t\t\t\n\t\t\t\n\n\n  <div class=\"banner has-hover\" id=\"banner-838430014\">\n          <div class=\"banner-inner fill\">\n        <div class=\"banner-bg fill\" >\n            <div class=\"bg fill bg-fill \"><\/div>\n                        <div class=\"overlay\"><\/div>            \n                    <\/div>\n\t\t\n        <div class=\"banner-layers container\">\n            <a class=\"fill\" href=\"\/fr\/actualites-et-evenements\/\" ><div class=\"fill banner-link\"><\/div><\/a>            \n\n   <div id=\"text-box-1922995597\" class=\"text-box banner-layer x50 md-x50 lg-x50 y50 md-y50 lg-y50 res-text\">\n                                <div class=\"text-box-content text dark\">\n              \n              <div class=\"text-inner text-center\">\n                  \n\n<h1><a href=\"https:\/\/startcircular.obreal.org\/fr\/actualites-et-evenements\/\">PROJET EVENEMENTS<\/a><\/h1>\n\n              <\/div>\n           <\/div>\n                            \n<style>\n#text-box-1922995597 {\n  width: 69%;\n}\n#text-box-1922995597 .text-box-content {\n  font-size: 100%;\n}\n<\/style>\n    <\/div>\n \n\n        <\/div>\n      <\/div>\n\n            \n<style>\n#banner-838430014 {\n  padding-top: 175px;\n  background-color: rgba(82, 94, 101, 0.262);\n}\n#banner-838430014 .overlay {\n  background-color: rgba(0, 0, 0, 0.221);\n}\n<\/style>\n  <\/div>\n\n\n\n\t\t<\/div>\n\t\t\t\t\t<\/div>\n\n\t\n\n\t<div id=\"col-1312906057\" class=\"col medium-4 large-4\"  >\n\t\t\t\t<div class=\"col-inner box-shadow-3-hover\"  >\n\t\t\t\n\t\t\t\n\n\n  <div class=\"banner has-hover\" id=\"banner-231497251\">\n          <div class=\"banner-inner fill\">\n        <div class=\"banner-bg fill\" >\n            <div class=\"bg fill bg-fill \"><\/div>\n                        <div class=\"overlay\"><\/div>            \n                    <\/div>\n\t\t\n        <div class=\"banner-layers container\">\n            <a class=\"fill\" href=\"\/fr\/consortium\/\" ><div class=\"fill banner-link\"><\/div><\/a>            \n\n   <div id=\"text-box-537202999\" class=\"text-box banner-layer x50 md-x50 lg-x50 y50 md-y50 lg-y50 res-text\">\n                                <div class=\"text-box-content text dark\">\n              \n              <div class=\"text-inner text-center\">\n                  \n\n<h1 class=\"uppercase\"><a href=\"https:\/\/startcircular.obreal.org\/fr\/consortium\/\">Consortium<\/a><\/h1>\n\n              <\/div>\n           <\/div>\n                            \n<style>\n#text-box-537202999 {\n  width: 60%;\n}\n#text-box-537202999 .text-box-content {\n  font-size: 100%;\n}\n<\/style>\n    <\/div>\n \n\n        <\/div>\n      <\/div>\n\n            \n<style>\n#banner-231497251 {\n  padding-top: 175px;\n  background-color: rgba(82, 94, 101, 0.238);\n}\n#banner-231497251 .overlay {\n  background-color: rgba(0, 0, 0, 0.297);\n}\n<\/style>\n  <\/div>\n\n\n\n\t\t<\/div>\n\t\t\t\t\t<\/div>\n\n\t\n\n<\/div>\n<div class=\"row row-collapse row-full-width show-for-small\"  id=\"row-1025175445\">\n\n\n\t<div id=\"col-295758465\" class=\"col medium-4 small-12 large-4\"  >\n\t\t\t\t<div class=\"col-inner box-shadow-3-hover\"  >\n\t\t\t\n\t\t\t\n\n\n  <div class=\"banner has-hover\" id=\"banner-1785513576\">\n          <div class=\"banner-inner fill\">\n        <div class=\"banner-bg fill\" >\n            <div class=\"bg fill bg-fill \"><\/div>\n                        <div class=\"overlay\"><\/div>            \n                    <\/div>\n\t\t\n        <div class=\"banner-layers container\">\n            <a class=\"fill\" href=\"https:\/\/startcircular.obreal.net\/fr\/activites\/\" target=\"_blank\" rel=\"noopener\"><div class=\"fill banner-link\"><\/div><\/a>            \n\n   <div id=\"text-box-957128888\" class=\"text-box banner-layer x50 md-x50 lg-x50 y50 md-y50 lg-y50 res-text\">\n                                <div class=\"text-box-content text dark\">\n              \n              <div class=\"text-inner text-center\">\n                  \n\n<h2><a href=\"https:\/\/startcircular.obreal.org\/fr\/activites\/\">ACTIVIT\u00c9S<\/a><\/h2>\n\n              <\/div>\n           <\/div>\n                            \n<style>\n#text-box-957128888 {\n  width: 60%;\n}\n#text-box-957128888 .text-box-content {\n  font-size: 100%;\n}\n<\/style>\n    <\/div>\n \n\n        <\/div>\n      <\/div>\n\n            \n<style>\n#banner-1785513576 {\n  padding-top: 150px;\n  background-color: rgba(82, 94, 101, 0.25);\n}\n#banner-1785513576 .overlay {\n  background-color: rgba(0, 0, 0, 0.076);\n}\n@media (min-width:550px) {\n  #banner-1785513576 {\n    padding-top: 260px;\n  }\n}\n<\/style>\n  <\/div>\n\n\n\n\t\t<\/div>\n\t\t\t\t\t<\/div>\n\n\t\n\n\t<div id=\"col-1450982296\" class=\"col medium-4 small-12 large-4\"  >\n\t\t\t\t<div class=\"col-inner box-shadow-3-hover\"  >\n\t\t\t\n\t\t\t\n\n\n  <div class=\"banner has-hover\" id=\"banner-1334622402\">\n          <div class=\"banner-inner fill\">\n        <div class=\"banner-bg fill\" >\n            <div class=\"bg fill bg-fill \"><\/div>\n                        <div class=\"overlay\"><\/div>            \n                    <\/div>\n\t\t\n        <div class=\"banner-layers container\">\n            <a class=\"fill\" href=\"https:\/\/startcircular.obreal.net\/fr\/actualites-et-evenements\/\" target=\"_blank\" rel=\"noopener\"><div class=\"fill banner-link\"><\/div><\/a>            \n\n   <div id=\"text-box-494334976\" class=\"text-box banner-layer x50 md-x50 lg-x50 y50 md-y50 lg-y50 res-text\">\n                                <div class=\"text-box-content text dark\">\n              \n              <div class=\"text-inner text-center\">\n                  \n\n<h2><a href=\"https:\/\/startcircular.obreal.org\/fr\/actualites-et-evenements\/\">PROJET EVENEMENTS<\/a><\/h2>\n\n              <\/div>\n           <\/div>\n                            \n<style>\n#text-box-494334976 {\n  width: 81%;\n}\n#text-box-494334976 .text-box-content {\n  font-size: 100%;\n}\n@media (min-width:550px) {\n  #text-box-494334976 {\n    width: 69%;\n  }\n}\n<\/style>\n    <\/div>\n \n\n        <\/div>\n      <\/div>\n\n            \n<style>\n#banner-1334622402 {\n  padding-top: 150px;\n  background-color: rgba(82, 94, 101, 0.262);\n}\n#banner-1334622402 .overlay {\n  background-color: rgba(0, 0, 0, 0.221);\n}\n@media (min-width:550px) {\n  #banner-1334622402 {\n    padding-top: 260px;\n  }\n}\n<\/style>\n  <\/div>\n\n\n\n\t\t<\/div>\n\t\t\t\t\t<\/div>\n\n\t\n\n\t<div id=\"col-1779224669\" class=\"col medium-4 small-12 large-4\"  >\n\t\t\t\t<div class=\"col-inner box-shadow-3-hover\"  >\n\t\t\t\n\t\t\t\n\n\n  <div class=\"banner has-hover\" id=\"banner-1847610246\">\n          <div class=\"banner-inner fill\">\n        <div class=\"banner-bg fill\" >\n            <div class=\"bg fill bg-fill \"><\/div>\n                        <div class=\"overlay\"><\/div>            \n                    <\/div>\n\t\t\n        <div class=\"banner-layers container\">\n            <a class=\"fill\" href=\"https:\/\/startcircular.obreal.net\/fr\/consortium\/\" target=\"_blank\" rel=\"noopener\"><div class=\"fill banner-link\"><\/div><\/a>            \n\n   <div id=\"text-box-1506695899\" class=\"text-box banner-layer x50 md-x50 lg-x50 y50 md-y50 lg-y50 res-text\">\n                                <div class=\"text-box-content text dark\">\n              \n              <div class=\"text-inner text-center\">\n                  \n\n<h2><a href=\"https:\/\/startcircular.obreal.org\/fr\/consortium\/\">LE CONSORTIUM<\/a><\/h2>\n\n              <\/div>\n           <\/div>\n                            \n<style>\n#text-box-1506695899 {\n  width: 60%;\n}\n#text-box-1506695899 .text-box-content {\n  font-size: 100%;\n}\n<\/style>\n    <\/div>\n \n\n        <\/div>\n      <\/div>\n\n            \n<style>\n#banner-1847610246 {\n  padding-top: 150px;\n  background-color: rgba(82, 94, 101, 0.238);\n}\n#banner-1847610246 .overlay {\n  background-color: rgba(0, 0, 0, 0.297);\n}\n@media (min-width:550px) {\n  #banner-1847610246 {\n    padding-top: 260px;\n  }\n}\n<\/style>\n  <\/div>\n\n\n\n\t\t<\/div>\n\t\t\t\t\t<\/div>\n\n\t\n\n<\/div>\n\n\t\t<\/div>\n\n\t\t\n<style>\n#section_1674234417 {\n  padding-top: 0px;\n  padding-bottom: 0px;\n}\n<\/style>\n\t<\/section>\n\t\n\t<div id=\"gap-1674351046\" class=\"gap-element clearfix\" style=\"display:block; height:auto;\">\n\t\t\n<style>\n#gap-1674351046 {\n  padding-top: 30px;\n}\n<\/style>\n\t<\/div>\n\t\n\n\t<section class=\"section info-card-1\" id=\"section_2074477208\">\n\t\t<div class=\"bg section-bg fill bg-fill  bg-loaded\" >\n\n\t\t\t\n\t\t\t\n\t\t\t\n\n\t\t<\/div>\n\n\t\t\n\n\t\t<div class=\"section-content relative\">\n\t\t\t\n\n<div class=\"row\"  id=\"row-1438574767\">\n\n\n\t<div id=\"col-627672941\" class=\"col small-12 large-12\"  >\n\t\t\t\t<div class=\"col-inner text-center\"  >\n\t\t\t\n\t\t\t\n\n<h2 class=\"font_2\">Derni\u00e8res actualit\u00e9s<\/h2>\n\n\t\t<\/div>\n\t\t\t\t\n<style>\n#col-627672941 > .col-inner {\n  padding: 20px 0px 0px 0px;\n}\n<\/style>\n\t<\/div>\n\n\t\n\n<\/div>\n\n  \n    <div class=\"row large-columns-3 medium-columns-1 small-columns-1 slider row-slider slider-nav-simple slider-nav-push\"  data-flickity-options='{\"imagesLoaded\": true, \"groupCells\": \"100%\", \"dragThreshold\" : 5, \"cellAlign\": \"left\",\"wrapAround\": true,\"prevNextButtons\": true,\"percentPosition\": true,\"pageDots\": false, \"rightToLeft\": false, \"autoPlay\" : false}' >\n\n  <div class=\"col post-item\" >\n\t\t\t<div class=\"col-inner\">\n\t\t\t\t<div class=\"box box-default box-text-bottom box-blog-post has-hover\">\n            \t\t\t\t\t<div class=\"box-image\" >\n  \t\t\t\t\t\t<div class=\"image-cover\" style=\"padding-top:56.25%;\">\n\t\t\t\t\t\t\t<a href=\"https:\/\/startcircular.obreal.org\/fr\/startcircular-celebre-sa-conference-finale-et-une-session-publique-a-effet-multiplicateur-a-barcelone\/\" class=\"plain\" aria-label=\"StartCircular c\u00e9l\u00e8bre sa conf\u00e9rence finale et une session publique \u00e0 effet multiplicateur \u00e0 Barcelone\">\n\t\t\t\t\t\t\t\t<img loading=\"lazy\" decoding=\"async\" width=\"300\" height=\"180\" src=\"https:\/\/startcircular.obreal.org\/wp-content\/uploads\/sites\/3\/2024\/10\/Feaztured-Image-article-SC-300x180.jpg\" class=\"attachment-medium size-medium wp-post-image\" alt=\"\" srcset=\"https:\/\/startcircular.obreal.org\/wp-content\/uploads\/sites\/3\/2024\/10\/Feaztured-Image-article-SC-300x180.jpg 300w, https:\/\/startcircular.obreal.org\/wp-content\/uploads\/sites\/3\/2024\/10\/Feaztured-Image-article-SC.jpg 600w\" sizes=\"auto, (max-width: 300px) 100vw, 300px\" \/>\t\t\t\t\t\t\t<\/a>\n  \t\t\t\t\t\t\t  \t\t\t\t\t\t\t  \t\t\t\t\t\t<\/div>\n  \t\t\t\t\t\t  \t\t\t\t\t<\/div>\n          \t\t\t\t\t<div class=\"box-text text-left is-small\" style=\"padding:15px 0px 0px 0px;\">\n\t\t\t\t\t<div class=\"box-text-inner blog-post-inner\">\n\n\t\t\t\t\t\n\t\t\t\t\t\t\t\t\t\t<h5 class=\"post-title is-large \">\n\t\t\t\t\t\t<a href=\"https:\/\/startcircular.obreal.org\/fr\/startcircular-celebre-sa-conference-finale-et-une-session-publique-a-effet-multiplicateur-a-barcelone\/\" class=\"plain\">StartCircular c\u00e9l\u00e8bre sa conf\u00e9rence finale et une session publique \u00e0 effet multiplicateur \u00e0 Barcelone<\/a>\n\t\t\t\t\t<\/h5>\n\t\t\t\t\t\t\t\t\t\t<div class=\"is-divider\"><\/div>\n\t\t\t\t\t                    \n\t\t\t\t\t\n\t\t\t\t\t\n\t\t\t\t\t<\/div>\n\t\t\t\t\t<\/div>\n\t\t\t\t\t\t\t\t\t<\/div>\n\t\t\t<\/div>\n\t\t<\/div><div class=\"col post-item\" >\n\t\t\t<div class=\"col-inner\">\n\t\t\t\t<div class=\"box box-default box-text-bottom box-blog-post has-hover\">\n            \t\t\t\t\t<div class=\"box-image\" >\n  \t\t\t\t\t\t<div class=\"image-cover\" style=\"padding-top:56.25%;\">\n\t\t\t\t\t\t\t<a href=\"https:\/\/startcircular.obreal.org\/fr\/startcircular-organise-avec-succes-le-festival-ecocircular\/\" class=\"plain\" aria-label=\"StartCircular organise avec succ\u00e8s le festival EcoCircular\">\n\t\t\t\t\t\t\t\t<img loading=\"lazy\" decoding=\"async\" width=\"300\" height=\"225\" src=\"https:\/\/startcircular.obreal.org\/wp-content\/uploads\/sites\/3\/2024\/05\/Diseno-sin-titulo-59-300x225.jpg\" class=\"attachment-medium size-medium wp-post-image\" alt=\"StartCircular successfully organises the EcoCircular Festival\" srcset=\"https:\/\/startcircular.obreal.org\/wp-content\/uploads\/sites\/3\/2024\/05\/Diseno-sin-titulo-59-300x225.jpg 300w, https:\/\/startcircular.obreal.org\/wp-content\/uploads\/sites\/3\/2024\/05\/Diseno-sin-titulo-59.jpg 600w\" sizes=\"auto, (max-width: 300px) 100vw, 300px\" \/>\t\t\t\t\t\t\t<\/a>\n  \t\t\t\t\t\t\t  \t\t\t\t\t\t\t  \t\t\t\t\t\t<\/div>\n  \t\t\t\t\t\t  \t\t\t\t\t<\/div>\n          \t\t\t\t\t<div class=\"box-text text-left is-small\" style=\"padding:15px 0px 0px 0px;\">\n\t\t\t\t\t<div class=\"box-text-inner blog-post-inner\">\n\n\t\t\t\t\t\n\t\t\t\t\t\t\t\t\t\t<h5 class=\"post-title is-large \">\n\t\t\t\t\t\t<a href=\"https:\/\/startcircular.obreal.org\/fr\/startcircular-organise-avec-succes-le-festival-ecocircular\/\" class=\"plain\">StartCircular organise avec succ\u00e8s le festival EcoCircular<\/a>\n\t\t\t\t\t<\/h5>\n\t\t\t\t\t\t\t\t\t\t<div class=\"is-divider\"><\/div>\n\t\t\t\t\t                    \n\t\t\t\t\t\n\t\t\t\t\t\n\t\t\t\t\t<\/div>\n\t\t\t\t\t<\/div>\n\t\t\t\t\t\t\t\t\t<\/div>\n\t\t\t<\/div>\n\t\t<\/div><div class=\"col post-item\" >\n\t\t\t<div class=\"col-inner\">\n\t\t\t\t<div class=\"box box-default box-text-bottom box-blog-post has-hover\">\n            \t\t\t\t\t<div class=\"box-image\" >\n  \t\t\t\t\t\t<div class=\"image-cover\" style=\"padding-top:56.25%;\">\n\t\t\t\t\t\t\t<a href=\"https:\/\/startcircular.obreal.org\/fr\/les-partenaires-du-projet-start-circular-sont-les-protagonistes-du-podcast-obreal\/\" class=\"plain\" aria-label=\"Les partenaires du projet Start Circular sont les protagonistes du podcast OBREAL\">\n\t\t\t\t\t\t\t\t<img loading=\"lazy\" decoding=\"async\" width=\"300\" height=\"225\" src=\"https:\/\/startcircular.obreal.org\/wp-content\/uploads\/sites\/3\/2024\/03\/E2-FEATURED-IMAGE-600x450-1-300x225.jpg\" class=\"attachment-medium size-medium wp-post-image\" alt=\"\" srcset=\"https:\/\/startcircular.obreal.org\/wp-content\/uploads\/sites\/3\/2024\/03\/E2-FEATURED-IMAGE-600x450-1-300x225.jpg 300w, https:\/\/startcircular.obreal.org\/wp-content\/uploads\/sites\/3\/2024\/03\/E2-FEATURED-IMAGE-600x450-1.jpg 600w\" sizes=\"auto, (max-width: 300px) 100vw, 300px\" \/>\t\t\t\t\t\t\t<\/a>\n  \t\t\t\t\t\t\t  \t\t\t\t\t\t\t  \t\t\t\t\t\t<\/div>\n  \t\t\t\t\t\t  \t\t\t\t\t<\/div>\n          \t\t\t\t\t<div class=\"box-text text-left is-small\" style=\"padding:15px 0px 0px 0px;\">\n\t\t\t\t\t<div class=\"box-text-inner blog-post-inner\">\n\n\t\t\t\t\t\n\t\t\t\t\t\t\t\t\t\t<h5 class=\"post-title is-large \">\n\t\t\t\t\t\t<a href=\"https:\/\/startcircular.obreal.org\/fr\/les-partenaires-du-projet-start-circular-sont-les-protagonistes-du-podcast-obreal\/\" class=\"plain\">Les partenaires du projet Start Circular sont les protagonistes du podcast OBREAL<\/a>\n\t\t\t\t\t<\/h5>\n\t\t\t\t\t\t\t\t\t\t<div class=\"is-divider\"><\/div>\n\t\t\t\t\t                    \n\t\t\t\t\t\n\t\t\t\t\t\n\t\t\t\t\t<\/div>\n\t\t\t\t\t<\/div>\n\t\t\t\t\t\t\t\t\t<\/div>\n\t\t\t<\/div>\n\t\t<\/div><\/div>\n\n\n\t\t<\/div>\n\n\t\t\n<style>\n#section_2074477208 {\n  padding-top: 16px;\n  padding-bottom: 16px;\n  background-color: rgb(244, 244, 244);\n}\n@media (min-width:550px) {\n  #section_2074477208 {\n    padding-top: 50px;\n    padding-bottom: 50px;\n  }\n}\n<\/style>\n\t<\/section>\n\t\n\t<div id=\"gap-70956406\" class=\"gap-element clearfix\" style=\"display:block; height:auto;\">\n\t\t\n<style>\n#gap-70956406 {\n  padding-top: 30px;\n}\n<\/style>\n\t<\/div>\n\t\n\n<div class=\"social-icons follow-icons full-width text-center\" ><span>Suivez-nous sur les m\u00e9dias sociaux !<\/span><a href=\"https:\/\/www.facebook.com\/profile.php?id=100069233975007\" target=\"_blank\" data-label=\"Facebook\" class=\"icon button circle is-outline facebook tooltip\" title=\"Nous suivre sur Facebook\" aria-label=\"Nous suivre sur Facebook\" rel=\"noopener nofollow\"><i class=\"icon-facebook\" ><\/i><\/a><a href=\"https:\/\/twitter.com\/StartCircular_\" data-label=\"Twitter\" target=\"_blank\" class=\"icon button circle is-outline twitter tooltip\" title=\"Nous suivre sur Twitter\" aria-label=\"Nous suivre sur Twitter\" rel=\"noopener nofollow\"><i class=\"icon-twitter\" ><\/i><\/a><a href=\"https:\/\/www.linkedin.com\/company\/startcircular\/?viewAsMember=true\" data-label=\"LinkedIn\" target=\"_blank\" class=\"icon button circle is-outline linkedin tooltip\" title=\"Nous suivre sur LinkedIn\" aria-label=\"Nous suivre sur LinkedIn\" rel=\"noopener nofollow\"><i class=\"icon-linkedin\" ><\/i><\/a><\/div>\n\n\n","protected":false},"excerpt":{"rendered":"","protected":false},"author":3,"featured_media":0,"parent":0,"menu_order":0,"comment_status":"closed","ping_status":"closed","template":"page-blank.php","meta":{"_kad_blocks_custom_css":"","_kad_blocks_head_custom_js":"","_kad_blocks_body_custom_js":"","_kad_blocks_footer_custom_js":"","footnotes":""},"class_list":["post-2691","page","type-page","status-publish","hentry"],"taxonomy_info":[],"featured_image_src_large":false,"author_info":{"display_name":"Bea King","author_link":"https:\/\/startcircular.obreal.org\/fr\/author\/beaking\/"},"comment_info":"","_links":{"self":[{"href":"https:\/\/startcircular.obreal.org\/fr\/wp-json\/wp\/v2\/pages\/2691","targetHints":{"allow":["GET"]}}],"collection":[{"href":"https:\/\/startcircular.obreal.org\/fr\/wp-json\/wp\/v2\/pages"}],"about":[{"href":"https:\/\/startcircular.obreal.org\/fr\/wp-json\/wp\/v2\/types\/page"}],"author":[{"embeddable":true,"href":"https:\/\/startcircular.obreal.org\/fr\/wp-json\/wp\/v2\/users\/3"}],"replies":[{"embeddable":true,"href":"https:\/\/startcircular.obreal.org\/fr\/wp-json\/wp\/v2\/comments?post=2691"}],"version-history":[{"count":13,"href":"https:\/\/startcircular.obreal.org\/fr\/wp-json\/wp\/v2\/pages\/2691\/revisions"}],"predecessor-version":[{"id":5611,"href":"https:\/\/startcircular.obreal.org\/fr\/wp-json\/wp\/v2\/pages\/2691\/revisions\/5611"}],"wp:attachment":[{"href":"https:\/\/startcircular.obreal.org\/fr\/wp-json\/wp\/v2\/media?parent=2691"}],"curies":[{"name":"wp","href":"https:\/\/api.w.org\/{rel}","templated":true}]}}