{"id":2827,"date":"2021-06-11T20:01:33","date_gmt":"2021-06-11T23:01:33","guid":{"rendered":"https:\/\/startcircular.obreal.net\/actividades\/"},"modified":"2023-11-23T15:17:55","modified_gmt":"2023-11-23T18:17:55","slug":"actividades-2","status":"publish","type":"page","link":"https:\/\/startcircular.obreal.org\/es\/actividades-2\/","title":{"rendered":"Actividades"},"content":{"rendered":"\n  <div id=\"page-header-626845884\" class=\"page-header-wrapper\">\n  <div class=\"page-title light featured-title\">\n\n        <div class=\"page-title-bg\">\n      <div class=\"title-bg fill bg-fill\"\n        data-parallax-container=\".page-title\"\n        data-parallax-background\n        data-parallax=\"-\">\n      <\/div>\n      <div class=\"title-overlay fill\"><\/div>\n    <\/div>\n    \n    <div class=\"page-title-inner container align-center text-center flex-row-col medium-flex-wrap\" >\n              <div class=\"title-wrapper flex-col\">\n          <h1 class=\"entry-title mb-0\">\n            ACTIVIDADES Y FASES DEL PROYECTO          <\/h1>\n        <\/div>\n                    <div class=\"title-content flex-col\">\n        <ul class=\"nav sm-touch-scroll nav-line nav-uppercase text-center nav-center\"><li class=\"nav-single-page hidden\"><\/li><\/ul>      <\/div>\n    <\/div>\n\n     \n<style>\n#page-header-626845884 .page-title-inner {\n  min-height: 261px;\n}\n#page-header-626845884 .title-bg {\n  background-image: url(https:\/\/startcircular.obreal.org\/wp-content\/uploads\/sites\/3\/2022\/06\/banner-5.jpg);\n  background-position: 49% 82%;\n}\n#page-header-626845884 .title-overlay {\n  background-color: rgba(0, 0, 0, 0);\n}\n@media (min-width:550px) {\n  #page-header-626845884 .page-title-inner {\n    min-height: 300px;\n  }\n}\n<\/style>\n  <\/div>\n    <\/div>\n  \n\n\t<section class=\"section\" id=\"section_889078742\">\n\t\t<div class=\"bg section-bg fill bg-fill  bg-loaded\" >\n\n\t\t\t\n\t\t\t\n\t\t\t\n\n\t\t<\/div>\n\n\t\t\n\n\t\t<div class=\"section-content relative\">\n\t\t\t\n\n<div class=\"row\"  id=\"row-1827526898\">\n\n\n\t<div id=\"col-1137408274\" class=\"col small-12 large-12\"  >\n\t\t\t\t<div class=\"col-inner\" style=\"background-color:rgb(255,255,255);\" >\n\t\t\t\n\t\t\t\n\n<div class=\"row align-center\"  id=\"row-764539681\">\n\n\n\t<div id=\"col-273385764\" class=\"col medium-9 small-10 large-11\"  >\n\t\t\t\t<div class=\"col-inner text-center\"  >\n\t\t\t\n\t\t\t\n\n\t<div id=\"text-928464103\" class=\"text\">\n\t\t\n\n<h3> <\/h3>\n<h3><span data-text-color=\"primary\"><strong>El proyecto Start Circular se divide en 5 FASES: <\/strong><\/span><\/h3>\n<p><span style=\"font-weight: 400\"><span data-text-color=\"primary\" data-line-height=\"s\"><strong>Fase 1<\/strong> <span data-text-color=\"success\"><strong>M1-2 \u2013 Preparaci\u00f3n<\/strong><\/span><\/span> Preparaci\u00f3n: Consolidaci\u00f3n de m\u00e9todos de trabajo y plan operativo<\/span><\/p>\n<p><span style=\"font-weight: 400\"> <span data-text-color=\"primary\"><strong> Fase 2:<\/strong> <span style=\"color: #339966\" data-text-color=\"success\"><strong>M3 \u2013 M10 \u2013<\/strong><\/span><\/span> Desarrollar e implementar el Modelo de gesti\u00f3n integral del emprendimiento para la econom\u00eda circular <\/span><\/p>\n<p><span style=\"font-weight: 400\"><span data-text-color=\"primary\"><strong>Fase 3:<\/strong> <span data-text-color=\"success\"><strong>M10 \u2013 M20 Capacitaci\u00f3n del personal:<\/strong><\/span><\/span>Universidades y PYMES en sociedad para implementar el Modelo \u00bc M20 \u2013 28 &#8211; Laboratorios de Crecimiento Sostenible<\/span><\/p>\n<p><span style=\"font-weight: 400\"><span data-text-color=\"primary\"><strong>Fase 4:<\/strong><\/span>Implementaci\u00f3n del Laboratorio de Sostenibilidad.<\/span><\/p>\n<p><span style=\"font-weight: 400\"><span data-text-color=\"primary\"><strong>Fase 5:<\/strong> <span data-text-color=\"success\"><strong>M28-M36 \u2013 Consolidaci\u00f3n y sostenibilidad:<\/strong><\/span><\/span> Una plataforma para conectar Laboratorios de Crecimiento Sostenible Las Fases que se construyen unas sobre otras. <\/span><\/p>\n<p><span style=\"font-weight: 400\">La Fase 1 es fundamental para acordar el Plan Operativo, el Plan de Evaluaci\u00f3n y para consolidar relaciones de trabajo y generar confianza. Esto incluye un KOM y una capacitaci\u00f3n sobre el Plan de Evaluaci\u00f3n. <\/span><\/p>\n<p><span style=\"font-weight: 400\">La Fase 2 estar\u00e1 dedicada al desarrollo del<\/span><b>Modelo de Gesti\u00f3n del Emprendimiento para la Econom\u00eda Circular (Resultado del Proyecto &#8211; PR1).<\/b><span style=\"font-weight: 400\">Implicar\u00e1 grupos focales que se llevar\u00e1n a cabo en todas las instituciones, en cada pa\u00eds\/regi\u00f3n socio que examinen: <\/span> <\/p>\n<p><span style=\"font-weight: 400\">1) docencia universitaria para el emprendimiento en econom\u00eda circular, <\/span><\/p>\n<p><span style=\"font-weight: 400\">2) experiencias con laboratorios de innovaci\u00f3n existentes, incubadoras y estructuras similares y <\/span><\/p>\n<p><span style=\"font-weight: 400\">3) expectativas y percepciones del empleador. <\/span><\/p>\n<p><span style=\"font-weight: 400\">Adem\u00e1s, se organizar\u00e1 una Visita de Estudio a la UBI para el Partnership, donde se profundizar\u00e1 en los conceptos relacionados con el Modelo y se estudiar\u00e1 un ejemplo de laboratorio de innovaci\u00f3n. Se llevar\u00e1n a cabo reuniones de divulgaci\u00f3n con las PYME, junto con la visita de estudio, a fin de ampliar el grupo de participaci\u00f3n y retroalimentaci\u00f3n de las PYME. Para transformar esta informaci\u00f3n en un modelo viable, un grupo de trabajo (RECIS, ULPCG, Renteh y ELUM) producir\u00e1 un informe de alcance evaluando y analizando los resultados de los grupos focales y la visita de estudio y proponiendo un borrador del modelo, que ser\u00e1 revisado por pares y aprobado definitivamente por el PMG. A continuaci\u00f3n, cada universidad socia evaluar\u00e1 qu\u00e9 elementos del Modelo ya tiene implementados y qu\u00e9 elementos a\u00fan deben desarrollarse o articularse. Seguidamente, cada universidad asociada producir\u00e1 un \u00abPlan de implementaci\u00f3n\u00bb, donde se detallar\u00e1n las acciones inmediatas y a largo plazo. <\/span><\/p>\n<p><span style=\"font-weight: 400\">La Fase 3 implica<\/span><b>un paquete de formaci\u00f3n integral dirigido al personal docente y administrativo universitario, as\u00ed como a los mandos medios de las PYME (PR2).<\/b><span style=\"font-weight: 400\">. Est\u00e1 dise\u00f1ado para dotar al personal universitario y de las PYMES de las herramientas necesarias para implementar los distintos componentes del Modelo: ense\u00f1anza colaborativa, transdisciplinar, atenci\u00f3n al estudiante para el emprendimiento y Laboratorios de Sostenibilidad. Un Comit\u00e9 de Capacitaci\u00f3n se encargar\u00e1 de dise\u00f1ar un programa compuesto por 3 talleres virtuales y 1 f\u00edsico (enfoque combinado). El personal seleccionado de las universidades asociadas y las PYME completar\u00e1 los planes de aprendizaje. Se lanzar\u00e1 un Portal de Capacitaci\u00f3n din\u00e1mico, basado en un software de conferencias avanzado, que ser\u00e1 el medio para fomentar la comunicaci\u00f3n y el intercambio de recursos. <\/span><\/p>\n<p><span style=\"font-weight: 400\">En la Fase 4, los socios implementar\u00e1n un aspecto del Modelo: <\/span><b>TEl Laboratorio de Sostenibilidad (PR3).<\/b><span style=\"font-weight: 400\">. Esto ayudar\u00e1 a apoyar a sus graduados con herramientas comerciales pr\u00e1cticas para una econom\u00eda sostenible. En el transcurso de un semestre, los estudiantes seleccionados ser\u00e1n capacitados en la construcci\u00f3n de un concepto o proyecto de negocio, que tendr\u00e1n la oportunidad de presentar en un evento multiplicador, donde interactuar\u00e1n con las PYME. Al finalizar el semestre piloto, se realizar\u00e1 una evaluaci\u00f3n sobre lo que los estudiantes han aprendido, en qu\u00e9 medida han generado planes de negocios viables y la perspectiva de la Plataforma Lab. Finalmente, el proyecto tambi\u00e9n proporcionar\u00e1 <\/span><b>una plataforma a trav\u00e9s de la cual se conectar\u00e1 el Laboratorio de Sostenibilidad (PR4). <\/b><span style=\"font-weight: 400\">Esto constituir\u00e1 un medio para compartir recursos y permitir que los estudiantes y las PYME de un pa\u00eds o regi\u00f3n compartan ideas e incluso co-desarrollen con aquellos que participan en un laboratorio en otra regi\u00f3n. Esto internacionalizar\u00e1 los laboratorios y tambi\u00e9n proporcionar\u00e1 una plataforma para la colaboraci\u00f3n y la conectividad continuas.<\/span><\/p>\n\t\t\n<style>\n#text-928464103 {\n  text-align: left;\n}\n<\/style>\n\t<\/div>\n\t\n\n\t\t<\/div>\n\t\t\t\t\n<style>\n#col-273385764 > .col-inner {\n  margin: -25px 0px 20px 0px;\n}\n@media (min-width:550px) {\n  #col-273385764 > .col-inner {\n    margin: 20px 0px 20px 0px;\n  }\n}\n<\/style>\n\t<\/div>\n\n\t\n\n<\/div>\n\n\t\t<\/div>\n\t\t\t\t\n<style>\n#col-1137408274 > .col-inner {\n  padding: 50px 0px 0px 0px;\n  margin: -70px 0px 0px 0px;\n}\n<\/style>\n\t<\/div>\n\n\t\n\n<\/div>\n\n\t\t<\/div>\n\n\t\t\n<style>\n#section_889078742 {\n  padding-top: 0px;\n  padding-bottom: 0px;\n}\n@media (min-width:550px) {\n  #section_889078742 {\n    padding-top: 30px;\n    padding-bottom: 30px;\n  }\n}\n<\/style>\n\t<\/section>\n\t\n","protected":false},"excerpt":{"rendered":"","protected":false},"author":3,"featured_media":0,"parent":0,"menu_order":0,"comment_status":"closed","ping_status":"closed","template":"page-blank.php","meta":{"_kad_blocks_custom_css":"","_kad_blocks_head_custom_js":"","_kad_blocks_body_custom_js":"","_kad_blocks_footer_custom_js":"","footnotes":""},"class_list":["post-2827","page","type-page","status-publish","hentry"],"taxonomy_info":[],"featured_image_src_large":false,"author_info":{"display_name":"Bea King","author_link":"https:\/\/startcircular.obreal.org\/es\/author\/beaking\/"},"comment_info":"","_links":{"self":[{"href":"https:\/\/startcircular.obreal.org\/es\/wp-json\/wp\/v2\/pages\/2827","targetHints":{"allow":["GET"]}}],"collection":[{"href":"https:\/\/startcircular.obreal.org\/es\/wp-json\/wp\/v2\/pages"}],"about":[{"href":"https:\/\/startcircular.obreal.org\/es\/wp-json\/wp\/v2\/types\/page"}],"author":[{"embeddable":true,"href":"https:\/\/startcircular.obreal.org\/es\/wp-json\/wp\/v2\/users\/3"}],"replies":[{"embeddable":true,"href":"https:\/\/startcircular.obreal.org\/es\/wp-json\/wp\/v2\/comments?post=2827"}],"version-history":[{"count":2,"href":"https:\/\/startcircular.obreal.org\/es\/wp-json\/wp\/v2\/pages\/2827\/revisions"}],"predecessor-version":[{"id":5485,"href":"https:\/\/startcircular.obreal.org\/es\/wp-json\/wp\/v2\/pages\/2827\/revisions\/5485"}],"wp:attachment":[{"href":"https:\/\/startcircular.obreal.org\/es\/wp-json\/wp\/v2\/media?parent=2827"}],"curies":[{"name":"wp","href":"https:\/\/api.w.org\/{rel}","templated":true}]}}