{"id":2806,"date":"2021-06-11T18:09:09","date_gmt":"2021-06-11T21:09:09","guid":{"rendered":"https:\/\/startcircular.obreal.net\/fines-y-objetivos-del-proyecto\/"},"modified":"2023-11-24T14:04:39","modified_gmt":"2023-11-24T17:04:39","slug":"fines-y-objetivos-del-proyecto","status":"publish","type":"page","link":"https:\/\/startcircular.obreal.org\/es\/fines-y-objetivos-del-proyecto\/","title":{"rendered":"Fines y objetivos del proyecto"},"content":{"rendered":"\n  <div id=\"page-header-1577447855\" class=\"page-header-wrapper\">\n  <div class=\"page-title light featured-title\">\n\n        <div class=\"page-title-bg\">\n      <div class=\"title-bg fill bg-fill\"\n        data-parallax-container=\".page-title\"\n        data-parallax-background\n        data-parallax=\"-\">\n      <\/div>\n      <div class=\"title-overlay fill\"><\/div>\n    <\/div>\n    \n    <div class=\"page-title-inner container align-center text-center flex-row-col medium-flex-wrap\" >\n              <div class=\"title-wrapper flex-col\">\n          <h1 class=\"entry-title mb-0\">\n            RESULTADOS DEL PROYECTO          <\/h1>\n        <\/div>\n                    <div class=\"title-content flex-col\">\n        <ul class=\"nav sm-touch-scroll nav-line nav-uppercase text-center nav-center\"><li class=\"nav-single-page hidden\"><\/li><\/ul>      <\/div>\n    <\/div>\n\n     \n<style>\n#page-header-1577447855 .page-title-inner {\n  min-height: 200px;\n}\n#page-header-1577447855 .title-bg {\n  background-image: url(https:\/\/startcircular.obreal.org\/wp-content\/uploads\/sites\/3\/2022\/06\/banner-5.jpg);\n  background-position: 50% 53%;\n}\n#page-header-1577447855 .title-overlay {\n  background-color: rgba(0, 0, 0, 0);\n}\n@media (min-width:550px) {\n  #page-header-1577447855 .page-title-inner {\n    min-height: 300px;\n  }\n}\n<\/style>\n  <\/div>\n    <\/div>\n  \n\n\t<section class=\"section\" id=\"section_1443647136\">\n\t\t<div class=\"bg section-bg fill bg-fill  bg-loaded\" >\n\n\t\t\t\n\t\t\t\n\t\t\t\n\n\t\t<\/div>\n\n\t\t\n\n\t\t<div class=\"section-content relative\">\n\t\t\t\n\n<div class=\"row\"  id=\"row-699893713\">\n\n\n\t<div id=\"col-143549173\" class=\"col small-12 large-12\"  >\n\t\t\t\t<div class=\"col-inner\" style=\"background-color:rgb(255,255,255);\" >\n\t\t\t\n\t\t\t\n\n<div class=\"row align-center\"  id=\"row-200089658\">\n\n\n\t<div id=\"col-2103149573\" class=\"col medium-9 small-10 large-9\"  >\n\t\t\t\t<div class=\"col-inner text-center\"  >\n\t\t\t\n\t\t\t\n\n\t<div id=\"text-3337861361\" class=\"text\">\n\t\t\n\n<h3> <\/h3>\n<h3><span style=\"font-size: 110%\" data-text-color=\"primary\"><strong>El proyecto producir\u00e1 cuatro resultados interconectados: <\/strong><\/span><\/h3>\n<p><span style=\"font-weight: 400\"><strong>1)<\/strong> Un Modelo Integrado de Gesti\u00f3n del Emprendimiento para la Econom\u00eda Circular, aplicado por universidades en cooperaci\u00f3n con socios del sector industrial. <\/span><\/p>\n<p><span style=\"font-weight: 400\"><strong>2)<\/strong> Un programa de formaci\u00f3n integral dirigido al personal acad\u00e9mico y administrativo universitario, as\u00ed como a los mandos medios de las PYMES, que proporcionar\u00e1 a los socios un desarrollo de recursos humanos orientado a la implementaci\u00f3n del Modelo. <\/span><\/p>\n<p><span style=\"font-weight: 400\"><strong>3)<\/strong> El desarrollo y pilotaje del Laboratorio de Sostenibilidad, un elemento del Modelo y un medio importante para que los estudiantes desarrollen habilidades pr\u00e1cticas,<\/span><\/p>\n<p><span style=\"font-weight: 400\"><strong>4)<\/strong> La plataforma a trav\u00e9s de la cual se conectar\u00e1 el Laboratorio de Sostenibilidad<\/span><\/p>\n\t\t\n<style>\n#text-3337861361 {\n  text-align: left;\n}\n<\/style>\n\t<\/div>\n\t\n\n\t\t<\/div>\n\t\t\t\t\n<style>\n#col-2103149573 > .col-inner {\n  margin: -31px 0px 20px 0px;\n}\n@media (min-width:550px) {\n  #col-2103149573 > .col-inner {\n    margin: 20px 0px 20px 0px;\n  }\n}\n<\/style>\n\t<\/div>\n\n\t\n\n<\/div>\n\n\t\t<\/div>\n\t\t\t\t\n<style>\n#col-143549173 > .col-inner {\n  padding: 50px 0px 0px 0px;\n  margin: -70px 0px 0px 0px;\n}\n<\/style>\n\t<\/div>\n\n\t\n\n<\/div>\n\n\t\t<\/div>\n\n\t\t\n<style>\n#section_1443647136 {\n  padding-top: 30px;\n  padding-bottom: 30px;\n}\n<\/style>\n\t<\/section>\n\t\n","protected":false},"excerpt":{"rendered":"","protected":false},"author":3,"featured_media":0,"parent":0,"menu_order":0,"comment_status":"closed","ping_status":"closed","template":"page-blank.php","meta":{"_kad_blocks_custom_css":"","_kad_blocks_head_custom_js":"","_kad_blocks_body_custom_js":"","_kad_blocks_footer_custom_js":"","footnotes":""},"class_list":["post-2806","page","type-page","status-publish","hentry"],"taxonomy_info":[],"featured_image_src_large":false,"author_info":{"display_name":"Bea King","author_link":"https:\/\/startcircular.obreal.org\/es\/author\/beaking\/"},"comment_info":"","_links":{"self":[{"href":"https:\/\/startcircular.obreal.org\/es\/wp-json\/wp\/v2\/pages\/2806","targetHints":{"allow":["GET"]}}],"collection":[{"href":"https:\/\/startcircular.obreal.org\/es\/wp-json\/wp\/v2\/pages"}],"about":[{"href":"https:\/\/startcircular.obreal.org\/es\/wp-json\/wp\/v2\/types\/page"}],"author":[{"embeddable":true,"href":"https:\/\/startcircular.obreal.org\/es\/wp-json\/wp\/v2\/users\/3"}],"replies":[{"embeddable":true,"href":"https:\/\/startcircular.obreal.org\/es\/wp-json\/wp\/v2\/comments?post=2806"}],"version-history":[{"count":3,"href":"https:\/\/startcircular.obreal.org\/es\/wp-json\/wp\/v2\/pages\/2806\/revisions"}],"predecessor-version":[{"id":5496,"href":"https:\/\/startcircular.obreal.org\/es\/wp-json\/wp\/v2\/pages\/2806\/revisions\/5496"}],"wp:attachment":[{"href":"https:\/\/startcircular.obreal.org\/es\/wp-json\/wp\/v2\/media?parent=2806"}],"curies":[{"name":"wp","href":"https:\/\/api.w.org\/{rel}","templated":true}]}}