{"id":2798,"date":"2021-06-11T20:01:34","date_gmt":"2021-06-11T23:01:34","guid":{"rendered":"https:\/\/startcircular.obreal.net\/noticias-y-eventos\/"},"modified":"2023-11-23T16:55:01","modified_gmt":"2023-11-23T19:55:01","slug":"noticias-y-eventos","status":"publish","type":"page","link":"https:\/\/startcircular.obreal.org\/es\/noticias-y-eventos\/","title":{"rendered":"Noticias y eventos"},"content":{"rendered":"\n  <div id=\"page-header-350020490\" class=\"page-header-wrapper\">\n  <div class=\"page-title light featured-title\">\n\n        <div class=\"page-title-bg\">\n      <div class=\"title-bg fill bg-fill\"\n        data-parallax-container=\".page-title\"\n        data-parallax-background\n        data-parallax=\"-\">\n      <\/div>\n      <div class=\"title-overlay fill\"><\/div>\n    <\/div>\n    \n    <div class=\"page-title-inner container align-center text-center flex-row-col medium-flex-wrap\" >\n              <div class=\"title-wrapper flex-col\">\n          <h1 class=\"entry-title mb-0\">\n            Noticias y eventos          <\/h1>\n        <\/div>\n                    <div class=\"title-content flex-col\">\n        <ul class=\"nav sm-touch-scroll nav-line nav-uppercase text-center nav-center\"><li class=\"nav-single-page hidden\"><\/li><\/ul>      <\/div>\n    <\/div>\n\n     \n<style>\n#page-header-350020490 .page-title-inner {\n  min-height: 200px;\n}\n#page-header-350020490 .title-bg {\n  background-image: url(https:\/\/startcircular.obreal.org\/wp-content\/uploads\/sites\/3\/2022\/06\/banner-5.jpg);\n  background-position: 42% 31%;\n}\n#page-header-350020490 .title-overlay {\n  background-color: rgba(0, 0, 0, 0);\n}\n@media (min-width:550px) {\n  #page-header-350020490 .page-title-inner {\n    min-height: 300px;\n  }\n}\n<\/style>\n  <\/div>\n    <\/div>\n  \n\n\t<div id=\"gap-456324614\" class=\"gap-element clearfix\" style=\"display:block; height:auto;\">\n\t\t\n<style>\n#gap-456324614 {\n  padding-top: 40px;\n}\n<\/style>\n\t<\/div>\n\t\n\n\n  \n    <div class=\"row large-columns-1 medium-columns- small-columns-1 row-large has-shadow row-box-shadow-2\" >\n  <div class=\"col post-item\" >\n\t\t\t<div class=\"col-inner\">\n\t\t\t\t<div class=\"box box-vertical box-text-bottom box-blog-post has-hover\">\n            \t\t\t\t\t<div class=\"box-image\" style=\"width:35%;\">\n  \t\t\t\t\t\t<div class=\"image-cover\" style=\"padding-top:70%;\">\n\t\t\t\t\t\t\t<a href=\"https:\/\/startcircular.obreal.org\/es\/startcircular-celebra-su-conferencia-final-y-una-sesion-publica-multiplicadora-en-barcelona\/\" class=\"plain\" aria-label=\"StartCircular celebra su Conferencia Final y una Sesi\u00f3n P\u00fablica Multiplicadora en Barcelona\">\n\t\t\t\t\t\t\t\t<img loading=\"lazy\" decoding=\"async\" width=\"600\" height=\"360\" src=\"https:\/\/startcircular.obreal.org\/wp-content\/uploads\/sites\/3\/2024\/10\/Feaztured-Image-article-SC.jpg\" class=\"attachment-original size-original wp-post-image\" alt=\"\" srcset=\"https:\/\/startcircular.obreal.org\/wp-content\/uploads\/sites\/3\/2024\/10\/Feaztured-Image-article-SC.jpg 600w, https:\/\/startcircular.obreal.org\/wp-content\/uploads\/sites\/3\/2024\/10\/Feaztured-Image-article-SC-300x180.jpg 300w\" sizes=\"auto, (max-width: 600px) 100vw, 600px\" \/>\t\t\t\t\t\t\t<\/a>\n  \t\t\t\t\t\t\t  \t\t\t\t\t\t\t  \t\t\t\t\t\t<\/div>\n  \t\t\t\t\t\t  \t\t\t\t\t<\/div>\n          \t\t\t\t\t<div class=\"box-text text-left\" style=\"padding:0px 0px 0px 45px;\">\n\t\t\t\t\t<div class=\"box-text-inner blog-post-inner\">\n\n\t\t\t\t\t\n\t\t\t\t\t\t\t\t\t\t<h5 class=\"post-title is-large \">\n\t\t\t\t\t\t<a href=\"https:\/\/startcircular.obreal.org\/es\/startcircular-celebra-su-conferencia-final-y-una-sesion-publica-multiplicadora-en-barcelona\/\" class=\"plain\">StartCircular celebra su Conferencia Final y una Sesi\u00f3n P\u00fablica Multiplicadora en Barcelona<\/a>\n\t\t\t\t\t<\/h5>\n\t\t\t\t\t\t\t\t\t\t<div class=\"is-divider\"><\/div>\n\t\t\t\t\t\t\t\t\t\t<p class=\"from_the_blog_excerpt \">\n\t\t\t\t\t\tEl proyecto Start Circular est\u00e1 llegando a su fin y [...]\t\t\t\t\t<\/p>\n\t\t\t\t\t                    \n\t\t\t\t\t\t\t\t\t\t\t<a href=\"https:\/\/startcircular.obreal.org\/es\/startcircular-celebra-su-conferencia-final-y-una-sesion-publica-multiplicadora-en-barcelona\/\" class=\"button secondary is-shade is-small mb-0\">\n\t\t\t\t\t\t\tMore information\t\t\t\t\t\t<\/a>\n\t\t\t\t\t\n\t\t\t\t\t\n\t\t\t\t\t<\/div>\n\t\t\t\t\t<\/div>\n\t\t\t\t\t\t\t\t\t<\/div>\n\t\t\t<\/div>\n\t\t<\/div><div class=\"col post-item\" >\n\t\t\t<div class=\"col-inner\">\n\t\t\t\t<div class=\"box box-vertical box-text-bottom box-blog-post has-hover\">\n            \t\t\t\t\t<div class=\"box-image\" style=\"width:35%;\">\n  \t\t\t\t\t\t<div class=\"image-cover\" style=\"padding-top:70%;\">\n\t\t\t\t\t\t\t<a href=\"https:\/\/startcircular.obreal.org\/es\/startcircular-organiza-con-exito-el-festival-ecocircular\/\" class=\"plain\" aria-label=\"StartCircular organiza con \u00e9xito el Festival EcoCircular\">\n\t\t\t\t\t\t\t\t<img loading=\"lazy\" decoding=\"async\" width=\"600\" height=\"450\" src=\"https:\/\/startcircular.obreal.org\/wp-content\/uploads\/sites\/3\/2024\/05\/Diseno-sin-titulo-59.jpg\" class=\"attachment-original size-original wp-post-image\" alt=\"StartCircular successfully organises the EcoCircular Festival\" srcset=\"https:\/\/startcircular.obreal.org\/wp-content\/uploads\/sites\/3\/2024\/05\/Diseno-sin-titulo-59.jpg 600w, https:\/\/startcircular.obreal.org\/wp-content\/uploads\/sites\/3\/2024\/05\/Diseno-sin-titulo-59-300x225.jpg 300w\" sizes=\"auto, (max-width: 600px) 100vw, 600px\" \/>\t\t\t\t\t\t\t<\/a>\n  \t\t\t\t\t\t\t  \t\t\t\t\t\t\t  \t\t\t\t\t\t<\/div>\n  \t\t\t\t\t\t  \t\t\t\t\t<\/div>\n          \t\t\t\t\t<div class=\"box-text text-left\" style=\"padding:0px 0px 0px 45px;\">\n\t\t\t\t\t<div class=\"box-text-inner blog-post-inner\">\n\n\t\t\t\t\t\n\t\t\t\t\t\t\t\t\t\t<h5 class=\"post-title is-large \">\n\t\t\t\t\t\t<a href=\"https:\/\/startcircular.obreal.org\/es\/startcircular-organiza-con-exito-el-festival-ecocircular\/\" class=\"plain\">StartCircular organiza con \u00e9xito el Festival EcoCircular<\/a>\n\t\t\t\t\t<\/h5>\n\t\t\t\t\t\t\t\t\t\t<div class=\"is-divider\"><\/div>\n\t\t\t\t\t\t\t\t\t\t<p class=\"from_the_blog_excerpt \">\n\t\t\t\t\t\tEl proyecto Start Circular organiz\u00f3 con \u00e9xito el Festival EcoCircular [...]\t\t\t\t\t<\/p>\n\t\t\t\t\t                    \n\t\t\t\t\t\t\t\t\t\t\t<a href=\"https:\/\/startcircular.obreal.org\/es\/startcircular-organiza-con-exito-el-festival-ecocircular\/\" class=\"button secondary is-shade is-small mb-0\">\n\t\t\t\t\t\t\tMore information\t\t\t\t\t\t<\/a>\n\t\t\t\t\t\n\t\t\t\t\t\n\t\t\t\t\t<\/div>\n\t\t\t\t\t<\/div>\n\t\t\t\t\t\t\t\t\t<\/div>\n\t\t\t<\/div>\n\t\t<\/div><div class=\"col post-item\" >\n\t\t\t<div class=\"col-inner\">\n\t\t\t\t<div class=\"box box-vertical box-text-bottom box-blog-post has-hover\">\n            \t\t\t\t\t<div class=\"box-image\" style=\"width:35%;\">\n  \t\t\t\t\t\t<div class=\"image-cover\" style=\"padding-top:70%;\">\n\t\t\t\t\t\t\t<a href=\"https:\/\/startcircular.obreal.org\/es\/socios-del-proyecto-start-circular-protagonizan-el-podcast-de-obreal\/\" class=\"plain\" aria-label=\"Socios del proyecto Start Circular protagonizan el Podcast de OBREAL\">\n\t\t\t\t\t\t\t\t<img loading=\"lazy\" decoding=\"async\" width=\"600\" height=\"450\" src=\"https:\/\/startcircular.obreal.org\/wp-content\/uploads\/sites\/3\/2024\/03\/E2-FEATURED-IMAGE-600x450-1.jpg\" class=\"attachment-original size-original wp-post-image\" alt=\"\" srcset=\"https:\/\/startcircular.obreal.org\/wp-content\/uploads\/sites\/3\/2024\/03\/E2-FEATURED-IMAGE-600x450-1.jpg 600w, https:\/\/startcircular.obreal.org\/wp-content\/uploads\/sites\/3\/2024\/03\/E2-FEATURED-IMAGE-600x450-1-300x225.jpg 300w\" sizes=\"auto, (max-width: 600px) 100vw, 600px\" \/>\t\t\t\t\t\t\t<\/a>\n  \t\t\t\t\t\t\t  \t\t\t\t\t\t\t  \t\t\t\t\t\t<\/div>\n  \t\t\t\t\t\t  \t\t\t\t\t<\/div>\n          \t\t\t\t\t<div class=\"box-text text-left\" style=\"padding:0px 0px 0px 45px;\">\n\t\t\t\t\t<div class=\"box-text-inner blog-post-inner\">\n\n\t\t\t\t\t\n\t\t\t\t\t\t\t\t\t\t<h5 class=\"post-title is-large \">\n\t\t\t\t\t\t<a href=\"https:\/\/startcircular.obreal.org\/es\/socios-del-proyecto-start-circular-protagonizan-el-podcast-de-obreal\/\" class=\"plain\">Socios del proyecto Start Circular protagonizan el Podcast de OBREAL<\/a>\n\t\t\t\t\t<\/h5>\n\t\t\t\t\t\t\t\t\t\t<div class=\"is-divider\"><\/div>\n\t\t\t\t\t\t\t\t\t\t<p class=\"from_the_blog_excerpt \">\n\t\t\t\t\t\tMarcos Segovia, director de la ONG\u00a0Circular Change; Valdis Bisters, Consejero [...]\t\t\t\t\t<\/p>\n\t\t\t\t\t                    \n\t\t\t\t\t\t\t\t\t\t\t<a href=\"https:\/\/startcircular.obreal.org\/es\/socios-del-proyecto-start-circular-protagonizan-el-podcast-de-obreal\/\" class=\"button secondary is-shade is-small mb-0\">\n\t\t\t\t\t\t\tMore information\t\t\t\t\t\t<\/a>\n\t\t\t\t\t\n\t\t\t\t\t\n\t\t\t\t\t<\/div>\n\t\t\t\t\t<\/div>\n\t\t\t\t\t\t\t\t\t<\/div>\n\t\t\t<\/div>\n\t\t<\/div><div class=\"col post-item\" >\n\t\t\t<div class=\"col-inner\">\n\t\t\t\t<div class=\"box box-vertical box-text-bottom box-blog-post has-hover\">\n            \t\t\t\t\t<div class=\"box-image\" style=\"width:35%;\">\n  \t\t\t\t\t\t<div class=\"image-cover\" style=\"padding-top:70%;\">\n\t\t\t\t\t\t\t<a href=\"https:\/\/startcircular.obreal.org\/es\/visita-de-estudio-y-reunion-de-socios-en-la-universidad-de-beira-interior\/\" class=\"plain\" aria-label=\"Visita de estudio y reuni\u00f3n de socios en la Universidad de Beira Interior\">\n\t\t\t\t\t\t\t\t<img loading=\"lazy\" decoding=\"async\" width=\"1600\" height=\"1200\" src=\"https:\/\/startcircular.obreal.org\/wp-content\/uploads\/sites\/3\/2024\/03\/WhatsApp-Image-2023-02-24-at-11.02.01-1.jpeg\" class=\"attachment-original size-original wp-post-image\" alt=\"\" srcset=\"https:\/\/startcircular.obreal.org\/wp-content\/uploads\/sites\/3\/2024\/03\/WhatsApp-Image-2023-02-24-at-11.02.01-1.jpeg 1600w, https:\/\/startcircular.obreal.org\/wp-content\/uploads\/sites\/3\/2024\/03\/WhatsApp-Image-2023-02-24-at-11.02.01-1-300x225.jpeg 300w, https:\/\/startcircular.obreal.org\/wp-content\/uploads\/sites\/3\/2024\/03\/WhatsApp-Image-2023-02-24-at-11.02.01-1-1024x768.jpeg 1024w, https:\/\/startcircular.obreal.org\/wp-content\/uploads\/sites\/3\/2024\/03\/WhatsApp-Image-2023-02-24-at-11.02.01-1-768x576.jpeg 768w, https:\/\/startcircular.obreal.org\/wp-content\/uploads\/sites\/3\/2024\/03\/WhatsApp-Image-2023-02-24-at-11.02.01-1-1536x1152.jpeg 1536w\" sizes=\"auto, (max-width: 1600px) 100vw, 1600px\" \/>\t\t\t\t\t\t\t<\/a>\n  \t\t\t\t\t\t\t  \t\t\t\t\t\t\t  \t\t\t\t\t\t<\/div>\n  \t\t\t\t\t\t  \t\t\t\t\t<\/div>\n          \t\t\t\t\t<div class=\"box-text text-left\" style=\"padding:0px 0px 0px 45px;\">\n\t\t\t\t\t<div class=\"box-text-inner blog-post-inner\">\n\n\t\t\t\t\t\n\t\t\t\t\t\t\t\t\t\t<h5 class=\"post-title is-large \">\n\t\t\t\t\t\t<a href=\"https:\/\/startcircular.obreal.org\/es\/visita-de-estudio-y-reunion-de-socios-en-la-universidad-de-beira-interior\/\" class=\"plain\">Visita de estudio y reuni\u00f3n de socios en la Universidad de Beira Interior<\/a>\n\t\t\t\t\t<\/h5>\n\t\t\t\t\t\t\t\t\t\t<div class=\"is-divider\"><\/div>\n\t\t\t\t\t\t\t\t\t\t<p class=\"from_the_blog_excerpt \">\n\t\t\t\t\t\tLos d\u00edas 23 y 24 de febrero, el proyecto Start [...]\t\t\t\t\t<\/p>\n\t\t\t\t\t                    \n\t\t\t\t\t\t\t\t\t\t\t<a href=\"https:\/\/startcircular.obreal.org\/es\/visita-de-estudio-y-reunion-de-socios-en-la-universidad-de-beira-interior\/\" class=\"button secondary is-shade is-small mb-0\">\n\t\t\t\t\t\t\tMore information\t\t\t\t\t\t<\/a>\n\t\t\t\t\t\n\t\t\t\t\t\n\t\t\t\t\t<\/div>\n\t\t\t\t\t<\/div>\n\t\t\t\t\t\t\t\t\t<\/div>\n\t\t\t<\/div>\n\t\t<\/div><div class=\"col post-item\" >\n\t\t\t<div class=\"col-inner\">\n\t\t\t\t<div class=\"box box-vertical box-text-bottom box-blog-post has-hover\">\n            \t\t\t\t\t<div class=\"box-image\" style=\"width:35%;\">\n  \t\t\t\t\t\t<div class=\"image-cover\" style=\"padding-top:70%;\">\n\t\t\t\t\t\t\t<a href=\"https:\/\/startcircular.obreal.org\/es\/festival-ecocircular-un-dia-de-celebracion-de-la-sostenibilidad\/\" class=\"plain\" aria-label=\"Festival EcoCircular: un d\u00eda de celebraci\u00f3n de la sostenibilidad\">\n\t\t\t\t\t\t\t\t<img loading=\"lazy\" decoding=\"async\" width=\"600\" height=\"450\" src=\"https:\/\/startcircular.obreal.org\/wp-content\/uploads\/sites\/3\/2024\/02\/Diseno-sin-titulo-25.jpg\" class=\"attachment-original size-original wp-post-image\" alt=\"\" srcset=\"https:\/\/startcircular.obreal.org\/wp-content\/uploads\/sites\/3\/2024\/02\/Diseno-sin-titulo-25.jpg 600w, https:\/\/startcircular.obreal.org\/wp-content\/uploads\/sites\/3\/2024\/02\/Diseno-sin-titulo-25-300x225.jpg 300w\" sizes=\"auto, (max-width: 600px) 100vw, 600px\" \/>\t\t\t\t\t\t\t<\/a>\n  \t\t\t\t\t\t\t  \t\t\t\t\t\t\t  \t\t\t\t\t\t<\/div>\n  \t\t\t\t\t\t  \t\t\t\t\t<\/div>\n          \t\t\t\t\t<div class=\"box-text text-left\" style=\"padding:0px 0px 0px 45px;\">\n\t\t\t\t\t<div class=\"box-text-inner blog-post-inner\">\n\n\t\t\t\t\t\n\t\t\t\t\t\t\t\t\t\t<h5 class=\"post-title is-large \">\n\t\t\t\t\t\t<a href=\"https:\/\/startcircular.obreal.org\/es\/festival-ecocircular-un-dia-de-celebracion-de-la-sostenibilidad\/\" class=\"plain\">Festival EcoCircular: un d\u00eda de celebraci\u00f3n de la sostenibilidad<\/a>\n\t\t\t\t\t<\/h5>\n\t\t\t\t\t\t\t\t\t\t<div class=\"is-divider\"><\/div>\n\t\t\t\t\t\t\t\t\t\t<p class=\"from_the_blog_excerpt \">\n\t\t\t\t\t\tPrep\u00e1rese para un d\u00eda lleno de iniciativas ecol\u00f3gicas y concienciaci\u00f3n [...]\t\t\t\t\t<\/p>\n\t\t\t\t\t                    \n\t\t\t\t\t\t\t\t\t\t\t<a href=\"https:\/\/startcircular.obreal.org\/es\/festival-ecocircular-un-dia-de-celebracion-de-la-sostenibilidad\/\" class=\"button secondary is-shade is-small mb-0\">\n\t\t\t\t\t\t\tMore information\t\t\t\t\t\t<\/a>\n\t\t\t\t\t\n\t\t\t\t\t\n\t\t\t\t\t<\/div>\n\t\t\t\t\t<\/div>\n\t\t\t\t\t\t\t\t\t<\/div>\n\t\t\t<\/div>\n\t\t<\/div><div class=\"col post-item\" >\n\t\t\t<div class=\"col-inner\">\n\t\t\t\t<div class=\"box box-vertical box-text-bottom box-blog-post has-hover\">\n            \t\t\t\t\t<div class=\"box-image\" style=\"width:35%;\">\n  \t\t\t\t\t\t<div class=\"image-cover\" style=\"padding-top:70%;\">\n\t\t\t\t\t\t\t<a href=\"https:\/\/startcircular.obreal.org\/es\/potenciando-la-educacion-y-el-espiritu-empresarial-presentacion-de-la-formacion-de-tres-dias-de-start-circular\/\" class=\"plain\" aria-label=\"Potenciando la educaci\u00f3n y el esp\u00edritu empresarial: Presentaci\u00f3n de la formaci\u00f3n de tres d\u00edas de Start Circular\">\n\t\t\t\t\t\t\t\t<img loading=\"lazy\" decoding=\"async\" width=\"600\" height=\"450\" src=\"https:\/\/startcircular.obreal.org\/wp-content\/uploads\/sites\/3\/2024\/02\/Diseno-sin-titulo-10.jpg\" class=\"attachment-original size-original wp-post-image\" alt=\"\" srcset=\"https:\/\/startcircular.obreal.org\/wp-content\/uploads\/sites\/3\/2024\/02\/Diseno-sin-titulo-10.jpg 600w, https:\/\/startcircular.obreal.org\/wp-content\/uploads\/sites\/3\/2024\/02\/Diseno-sin-titulo-10-300x225.jpg 300w\" sizes=\"auto, (max-width: 600px) 100vw, 600px\" \/>\t\t\t\t\t\t\t<\/a>\n  \t\t\t\t\t\t\t  \t\t\t\t\t\t\t  \t\t\t\t\t\t<\/div>\n  \t\t\t\t\t\t  \t\t\t\t\t<\/div>\n          \t\t\t\t\t<div class=\"box-text text-left\" style=\"padding:0px 0px 0px 45px;\">\n\t\t\t\t\t<div class=\"box-text-inner blog-post-inner\">\n\n\t\t\t\t\t\n\t\t\t\t\t\t\t\t\t\t<h5 class=\"post-title is-large \">\n\t\t\t\t\t\t<a href=\"https:\/\/startcircular.obreal.org\/es\/potenciando-la-educacion-y-el-espiritu-empresarial-presentacion-de-la-formacion-de-tres-dias-de-start-circular\/\" class=\"plain\">Potenciando la educaci\u00f3n y el esp\u00edritu empresarial: Presentaci\u00f3n de la formaci\u00f3n de tres d\u00edas de Start Circular<\/a>\n\t\t\t\t\t<\/h5>\n\t\t\t\t\t\t\t\t\t\t<div class=\"is-divider\"><\/div>\n\t\t\t\t\t\t\t\t\t\t<p class=\"from_the_blog_excerpt \">\n\t\t\t\t\t\tEstamos encantados de presentar Start Circular Training: un programa de [...]\t\t\t\t\t<\/p>\n\t\t\t\t\t                    \n\t\t\t\t\t\t\t\t\t\t\t<a href=\"https:\/\/startcircular.obreal.org\/es\/potenciando-la-educacion-y-el-espiritu-empresarial-presentacion-de-la-formacion-de-tres-dias-de-start-circular\/\" class=\"button secondary is-shade is-small mb-0\">\n\t\t\t\t\t\t\tMore information\t\t\t\t\t\t<\/a>\n\t\t\t\t\t\n\t\t\t\t\t\n\t\t\t\t\t<\/div>\n\t\t\t\t\t<\/div>\n\t\t\t\t\t\t\t\t\t<\/div>\n\t\t\t<\/div>\n\t\t<\/div><div class=\"col post-item\" >\n\t\t\t<div class=\"col-inner\">\n\t\t\t\t<div class=\"box box-vertical box-text-bottom box-blog-post has-hover\">\n            \t\t\t\t\t<div class=\"box-image\" style=\"width:35%;\">\n  \t\t\t\t\t\t<div class=\"image-cover\" style=\"padding-top:70%;\">\n\t\t\t\t\t\t\t<a href=\"https:\/\/startcircular.obreal.org\/es\/el-proyecto-start-circular-organiza-tres-jornadas-de-sesiones-de-formacion-en-linea\/\" class=\"plain\" aria-label=\"El proyecto Start Circular organiza tres jornadas de sesiones de formaci\u00f3n en l\u00ednea\">\n\t\t\t\t\t\t\t\t<img loading=\"lazy\" decoding=\"async\" width=\"500\" height=\"500\" src=\"https:\/\/startcircular.obreal.org\/wp-content\/uploads\/sites\/3\/2023\/12\/22.png\" class=\"attachment-original size-original wp-post-image\" alt=\"\" srcset=\"https:\/\/startcircular.obreal.org\/wp-content\/uploads\/sites\/3\/2023\/12\/22.png 500w, https:\/\/startcircular.obreal.org\/wp-content\/uploads\/sites\/3\/2023\/12\/22-300x300.png 300w, https:\/\/startcircular.obreal.org\/wp-content\/uploads\/sites\/3\/2023\/12\/22-150x150.png 150w\" sizes=\"auto, (max-width: 500px) 100vw, 500px\" \/>\t\t\t\t\t\t\t<\/a>\n  \t\t\t\t\t\t\t  \t\t\t\t\t\t\t  \t\t\t\t\t\t<\/div>\n  \t\t\t\t\t\t  \t\t\t\t\t<\/div>\n          \t\t\t\t\t<div class=\"box-text text-left\" style=\"padding:0px 0px 0px 45px;\">\n\t\t\t\t\t<div class=\"box-text-inner blog-post-inner\">\n\n\t\t\t\t\t\n\t\t\t\t\t\t\t\t\t\t<h5 class=\"post-title is-large \">\n\t\t\t\t\t\t<a href=\"https:\/\/startcircular.obreal.org\/es\/el-proyecto-start-circular-organiza-tres-jornadas-de-sesiones-de-formacion-en-linea\/\" class=\"plain\">El proyecto Start Circular organiza tres jornadas de sesiones de formaci\u00f3n en l\u00ednea<\/a>\n\t\t\t\t\t<\/h5>\n\t\t\t\t\t\t\t\t\t\t<div class=\"is-divider\"><\/div>\n\t\t\t\t\t\t\t\t\t\t<p class=\"from_the_blog_excerpt \">\n\t\t\t\t\t\t\t\t\t\t\t<\/p>\n\t\t\t\t\t                    \n\t\t\t\t\t\t\t\t\t\t\t<a href=\"https:\/\/startcircular.obreal.org\/es\/el-proyecto-start-circular-organiza-tres-jornadas-de-sesiones-de-formacion-en-linea\/\" class=\"button secondary is-shade is-small mb-0\">\n\t\t\t\t\t\t\tMore information\t\t\t\t\t\t<\/a>\n\t\t\t\t\t\n\t\t\t\t\t\n\t\t\t\t\t<\/div>\n\t\t\t\t\t<\/div>\n\t\t\t\t\t\t\t\t\t<\/div>\n\t\t\t<\/div>\n\t\t<\/div><div class=\"col post-item\" >\n\t\t\t<div class=\"col-inner\">\n\t\t\t\t<div class=\"box box-vertical box-text-bottom box-blog-post has-hover\">\n            \t\t\t\t\t<div class=\"box-image\" style=\"width:35%;\">\n  \t\t\t\t\t\t<div class=\"image-cover\" style=\"padding-top:70%;\">\n\t\t\t\t\t\t\t<a href=\"https:\/\/startcircular.obreal.org\/es\/arminda-do-paco-coordinadora-de-start-circular-presento-el-proyecto-en-nece-talks\/\" class=\"plain\" aria-label=\"Arminda do Pa\u00e7o, coordinadora de Start Circular, present\u00f3 el proyecto en NECE TALKS\">\n\t\t\t\t\t\t\t\t<img loading=\"lazy\" decoding=\"async\" width=\"1080\" height=\"810\" src=\"https:\/\/startcircular.obreal.org\/wp-content\/uploads\/sites\/3\/2023\/12\/processed-1.jpeg\" class=\"attachment-original size-original wp-post-image\" alt=\"\" srcset=\"https:\/\/startcircular.obreal.org\/wp-content\/uploads\/sites\/3\/2023\/12\/processed-1.jpeg 1080w, https:\/\/startcircular.obreal.org\/wp-content\/uploads\/sites\/3\/2023\/12\/processed-1-300x225.jpeg 300w, https:\/\/startcircular.obreal.org\/wp-content\/uploads\/sites\/3\/2023\/12\/processed-1-1024x768.jpeg 1024w, https:\/\/startcircular.obreal.org\/wp-content\/uploads\/sites\/3\/2023\/12\/processed-1-768x576.jpeg 768w\" sizes=\"auto, (max-width: 1080px) 100vw, 1080px\" \/>\t\t\t\t\t\t\t<\/a>\n  \t\t\t\t\t\t\t  \t\t\t\t\t\t\t  \t\t\t\t\t\t<\/div>\n  \t\t\t\t\t\t  \t\t\t\t\t<\/div>\n          \t\t\t\t\t<div class=\"box-text text-left\" style=\"padding:0px 0px 0px 45px;\">\n\t\t\t\t\t<div class=\"box-text-inner blog-post-inner\">\n\n\t\t\t\t\t\n\t\t\t\t\t\t\t\t\t\t<h5 class=\"post-title is-large \">\n\t\t\t\t\t\t<a href=\"https:\/\/startcircular.obreal.org\/es\/arminda-do-paco-coordinadora-de-start-circular-presento-el-proyecto-en-nece-talks\/\" class=\"plain\">Arminda do Pa\u00e7o, coordinadora de Start Circular, present\u00f3 el proyecto en NECE TALKS<\/a>\n\t\t\t\t\t<\/h5>\n\t\t\t\t\t\t\t\t\t\t<div class=\"is-divider\"><\/div>\n\t\t\t\t\t\t\t\t\t\t<p class=\"from_the_blog_excerpt \">\n\t\t\t\t\t\t\t\t\t\t\t<\/p>\n\t\t\t\t\t                    \n\t\t\t\t\t\t\t\t\t\t\t<a href=\"https:\/\/startcircular.obreal.org\/es\/arminda-do-paco-coordinadora-de-start-circular-presento-el-proyecto-en-nece-talks\/\" class=\"button secondary is-shade is-small mb-0\">\n\t\t\t\t\t\t\tMore information\t\t\t\t\t\t<\/a>\n\t\t\t\t\t\n\t\t\t\t\t\n\t\t\t\t\t<\/div>\n\t\t\t\t\t<\/div>\n\t\t\t\t\t\t\t\t\t<\/div>\n\t\t\t<\/div>\n\t\t<\/div><div class=\"col post-item\" >\n\t\t\t<div class=\"col-inner\">\n\t\t\t\t<div class=\"box box-vertical box-text-bottom box-blog-post has-hover\">\n            \t\t\t\t\t<div class=\"box-image\" style=\"width:35%;\">\n  \t\t\t\t\t\t<div class=\"image-cover\" style=\"padding-top:70%;\">\n\t\t\t\t\t\t\t<a href=\"https:\/\/startcircular.obreal.org\/es\/lanzamiento-del-proyecto-start-circular\/\" class=\"plain\" aria-label=\"Lanzamiento del proyecto Start Circular\">\n\t\t\t\t\t\t\t\t<img loading=\"lazy\" decoding=\"async\" width=\"512\" height=\"512\" src=\"https:\/\/startcircular.obreal.org\/wp-content\/uploads\/sites\/3\/2022\/06\/cropped-24.png\" class=\"attachment-original size-original wp-post-image\" alt=\"\" srcset=\"https:\/\/startcircular.obreal.org\/wp-content\/uploads\/sites\/3\/2022\/06\/cropped-24.png 512w, https:\/\/startcircular.obreal.org\/wp-content\/uploads\/sites\/3\/2022\/06\/cropped-24-300x300.png 300w, https:\/\/startcircular.obreal.org\/wp-content\/uploads\/sites\/3\/2022\/06\/cropped-24-150x150.png 150w, https:\/\/startcircular.obreal.org\/wp-content\/uploads\/sites\/3\/2022\/06\/cropped-24-270x270.png 270w, https:\/\/startcircular.obreal.org\/wp-content\/uploads\/sites\/3\/2022\/06\/cropped-24-192x192.png 192w, https:\/\/startcircular.obreal.org\/wp-content\/uploads\/sites\/3\/2022\/06\/cropped-24-180x180.png 180w, https:\/\/startcircular.obreal.org\/wp-content\/uploads\/sites\/3\/2022\/06\/cropped-24-32x32.png 32w\" sizes=\"auto, (max-width: 512px) 100vw, 512px\" \/>\t\t\t\t\t\t\t<\/a>\n  \t\t\t\t\t\t\t  \t\t\t\t\t\t\t  \t\t\t\t\t\t<\/div>\n  \t\t\t\t\t\t  \t\t\t\t\t<\/div>\n          \t\t\t\t\t<div class=\"box-text text-left\" style=\"padding:0px 0px 0px 45px;\">\n\t\t\t\t\t<div class=\"box-text-inner blog-post-inner\">\n\n\t\t\t\t\t\n\t\t\t\t\t\t\t\t\t\t<h5 class=\"post-title is-large \">\n\t\t\t\t\t\t<a href=\"https:\/\/startcircular.obreal.org\/es\/lanzamiento-del-proyecto-start-circular\/\" class=\"plain\">Lanzamiento del proyecto Start Circular<\/a>\n\t\t\t\t\t<\/h5>\n\t\t\t\t\t\t\t\t\t\t<div class=\"is-divider\"><\/div>\n\t\t\t\t\t\t\t\t\t\t<p class=\"from_the_blog_excerpt \">\n\t\t\t\t\t\tEl proyecto Start Circular pretende fusionar dos temas clave en [...]\t\t\t\t\t<\/p>\n\t\t\t\t\t                    \n\t\t\t\t\t\t\t\t\t\t\t<a href=\"https:\/\/startcircular.obreal.org\/es\/lanzamiento-del-proyecto-start-circular\/\" class=\"button secondary is-shade is-small mb-0\">\n\t\t\t\t\t\t\tMore information\t\t\t\t\t\t<\/a>\n\t\t\t\t\t\n\t\t\t\t\t\n\t\t\t\t\t<\/div>\n\t\t\t\t\t<\/div>\n\t\t\t\t\t\t\t\t\t<\/div>\n\t\t\t<\/div>\n\t\t<\/div><\/div>\n","protected":false},"excerpt":{"rendered":"","protected":false},"author":3,"featured_media":0,"parent":0,"menu_order":0,"comment_status":"closed","ping_status":"closed","template":"page-blank.php","meta":{"_kad_blocks_custom_css":"","_kad_blocks_head_custom_js":"","_kad_blocks_body_custom_js":"","_kad_blocks_footer_custom_js":"","footnotes":""},"class_list":["post-2798","page","type-page","status-publish","hentry"],"taxonomy_info":[],"featured_image_src_large":false,"author_info":{"display_name":"Bea King","author_link":"https:\/\/startcircular.obreal.org\/es\/author\/beaking\/"},"comment_info":"","_links":{"self":[{"href":"https:\/\/startcircular.obreal.org\/es\/wp-json\/wp\/v2\/pages\/2798","targetHints":{"allow":["GET"]}}],"collection":[{"href":"https:\/\/startcircular.obreal.org\/es\/wp-json\/wp\/v2\/pages"}],"about":[{"href":"https:\/\/startcircular.obreal.org\/es\/wp-json\/wp\/v2\/types\/page"}],"author":[{"embeddable":true,"href":"https:\/\/startcircular.obreal.org\/es\/wp-json\/wp\/v2\/users\/3"}],"replies":[{"embeddable":true,"href":"https:\/\/startcircular.obreal.org\/es\/wp-json\/wp\/v2\/comments?post=2798"}],"version-history":[{"count":2,"href":"https:\/\/startcircular.obreal.org\/es\/wp-json\/wp\/v2\/pages\/2798\/revisions"}],"predecessor-version":[{"id":5503,"href":"https:\/\/startcircular.obreal.org\/es\/wp-json\/wp\/v2\/pages\/2798\/revisions\/5503"}],"wp:attachment":[{"href":"https:\/\/startcircular.obreal.org\/es\/wp-json\/wp\/v2\/media?parent=2798"}],"curies":[{"name":"wp","href":"https:\/\/api.w.org\/{rel}","templated":true}]}}