{"id":2791,"date":"2021-06-11T18:08:29","date_gmt":"2021-06-11T21:08:29","guid":{"rendered":"https:\/\/startcircular.obreal.net\/sobre-nosotros\/"},"modified":"2023-11-23T16:46:48","modified_gmt":"2023-11-23T19:46:48","slug":"sobre-nosotros","status":"publish","type":"page","link":"https:\/\/startcircular.obreal.org\/es\/sobre-nosotros\/","title":{"rendered":"Sobre nosotros"},"content":{"rendered":"\n  <div id=\"page-header-1839174569\" class=\"page-header-wrapper\">\n  <div class=\"page-title light featured-title\">\n\n        <div class=\"page-title-bg\">\n      <div class=\"title-bg fill bg-fill\"\n        data-parallax-container=\".page-title\"\n        data-parallax-background\n        data-parallax=\"-\">\n      <\/div>\n      <div class=\"title-overlay fill\"><\/div>\n    <\/div>\n    \n    <div class=\"page-title-inner container align-center text-center flex-row-col medium-flex-wrap\" >\n              <div class=\"title-wrapper flex-col\">\n          <h1 class=\"entry-title mb-0\">\n            SOBRE START CIRCULAR          <\/h1>\n        <\/div>\n                    <div class=\"title-content flex-col\">\n        <ul class=\"nav sm-touch-scroll nav-line nav-uppercase text-center nav-center\"><li class=\"nav-single-page hidden\"><\/li><\/ul>      <\/div>\n    <\/div>\n\n     \n<style>\n#page-header-1839174569 .page-title-inner {\n  min-height: 200px;\n}\n#page-header-1839174569 .title-bg {\n  background-image: url(https:\/\/startcircular.obreal.org\/wp-content\/uploads\/sites\/3\/2022\/06\/banner-5.jpg);\n  background-position: 40% 39%;\n}\n#page-header-1839174569 .title-overlay {\n  background-color: rgba(0, 0, 0, 0);\n}\n#page-header-1839174569 .featured-title {\n  background-color: rgba(0, 0, 0, 0.14);\n}\n@media (min-width:550px) {\n  #page-header-1839174569 .page-title-inner {\n    min-height: 300px;\n  }\n}\n<\/style>\n  <\/div>\n    <\/div>\n  \n\n\t<section class=\"section\" id=\"section_447024028\">\n\t\t<div class=\"bg section-bg fill bg-fill  bg-loaded\" >\n\n\t\t\t\n\t\t\t\n\t\t\t\n\n\t\t<\/div>\n\n\t\t\n\n\t\t<div class=\"section-content relative\">\n\t\t\t\n\n<div class=\"row\"  id=\"row-1575972629\">\n\n\n\t<div id=\"col-1418970092\" class=\"col small-12 large-12\"  >\n\t\t\t\t<div class=\"col-inner\" style=\"background-color:rgb(255,255,255);\" >\n\t\t\t\n\t\t\t\n\n<div class=\"row align-center\"  id=\"row-1056010125\">\n\n\n\t<div id=\"col-205081497\" class=\"col medium-9 small-10 large-10\"  >\n\t\t\t\t<div class=\"col-inner text-center\"  >\n\t\t\t\n\t\t\t\n\n\t<div id=\"text-1259507377\" class=\"text\">\n\t\t\n\n<p style=\"text-align: left\"><span style=\"font-weight: 400\" data-line-height=\"xl\">START CIRCULAR tiene como objetivo fusionar dos temas clave en Europa: preparar a los graduados emprendedores para trabajar y desarrollar negocios sostenibles y reforzar la colaboraci\u00f3n universidad-PYME en la ense\u00f1anza, el aprendizaje y la formaci\u00f3n a tal efecto. Por lo tanto, para crear empleos verdes, Europa tiene que invertir en un enfoque regenerativo que contraste con la econom\u00eda lineal tradicional. Seg\u00fan el Pacto Verde Europeo, existe la necesidad de impulsar el uso eficiente de los recursos pasando a una econom\u00eda limpia y circular. Reducir los desechos y las fugas en nuestro sistema actual de producci\u00f3n y consumo y en los modelos comerciales conserva los recursos y ayuda a reducir la contaminaci\u00f3n ambiental. START CIRCULAR se basa en el hecho de que esta transici\u00f3n depende de sistemas s\u00f3lidos de educaci\u00f3n superior que generen l\u00edderes y emprendedores en este campo, en colaboraci\u00f3n con la industria y las ONG. El proyecto responde espec\u00edficamente al Plan de Acci\u00f3n Europeo de Econom\u00eda Circular (CEAP 2021), el plan m\u00e1s reciente de la UE para la transici\u00f3n a la econom\u00eda circular que destaca la creaci\u00f3n de empleo y crecimiento sostenible. Es particularmente pertinente en un momento en el que a) las universidades europeas se han enfrentado al desaf\u00edo de cooperar de formas nuevas e innovadoras y redefinir la ense\u00f1anza y el aprendizaje a trav\u00e9s de las fronteras (v\u00e9ase la Comunicaci\u00f3n de la UE sobre el Espacio Europeo de Educaci\u00f3n) y b) los responsables pol\u00edticos se enfrentan a un problema de salud y crisis econ\u00f3mica de escala astron\u00f3mica (COVID 19), que est\u00e1 impactando dram\u00e1ticamente la forma en que trabajamos, ense\u00f1amos, aprendemos y vivimos. Es evidentemente claro es que la recuperaci\u00f3n econ\u00f3mica y el eventual crecimiento de Europa dependen de su capacidad para generar respuestas innovadoras y sostenibles a los desaf\u00edos econ\u00f3micos. Los modelos de negocio centrados en el esp\u00edritu empresarial y la sostenibilidad son, por tanto, esenciales. El objetivo de la Comisi\u00f3n es animar a las personas a crear y hacer crecer sus empresas (Plan de Acci\u00f3n para el Emprendimiento 2020). Al mismo tiempo, est\u00e1 aumentando la presi\u00f3n de los consumidores por el desarrollo sostenible, as\u00ed como el inter\u00e9s por reducir el impacto medioambiental de las PYME. La disminuci\u00f3n de la huella ambiental tambi\u00e9n puede verse como una importante oportunidad comercial para las PYME; sin embargo, a menudo enfrentan una limitaci\u00f3n para mejorar su desempe\u00f1o ambiental, tales como, obst\u00e1culos relacionados con el tama\u00f1o, limitaciones financieras, d\u00e9ficit de habilidades y restricciones de conocimiento. Adem\u00e1s, dado que la desaceleraci\u00f3n econ\u00f3mica actual se ha contra\u00eddo debido a la pandemia, los responsables pol\u00edticos y las empresas est\u00e1n bajo presi\u00f3n para relanzar la actividad econ\u00f3mica a toda costa. Esto puede poner en riesgo los avances previos que se han hecho en la generaci\u00f3n de empleos verdes. Por lo tanto, es fundamental generar graduados innovadores comprometidos con la sostenibilidad en el desarrollo empresarial. Si bien varias universidades en Europa han demostrado innovaci\u00f3n en la ense\u00f1anza empresarial y capacidad para ense\u00f1ar principios comerciales sostenibles y circulares, Europa necesita enfoques y recursos m\u00e1s estrat\u00e9gicos, interdisciplinarios, transfronterizos y aplicados para abordar estos campos, manteniendo as\u00ed la econom\u00eda circular en primer plano. Se desarrollar\u00e1 un \u2018Modelo integrado de gesti\u00f3n del emprendimiento para la econom\u00eda circular\u2019 para universidades y PYMEs, uno de los principales resultados de este proyecto, al igual que la formaci\u00f3n para implementarlo y los Laboratorios de Sostenibilidad, con los que todos los socios comparten un compromiso conjunto.<\/span><\/p>\n\t\t\n<style>\n#text-1259507377 {\n  line-height: 1.4;\n}\n@media (min-width:550px) {\n  #text-1259507377 {\n    line-height: 1.85;\n  }\n}\n<\/style>\n\t<\/div>\n\t\n\t<div id=\"gap-617939382\" class=\"gap-element clearfix\" style=\"display:block; height:auto;\">\n\t\t\n<style>\n#gap-617939382 {\n  padding-top: 30px;\n}\n<\/style>\n\t<\/div>\n\t\n\n\n\t\t<\/div>\n\t\t\t\t\n<style>\n#col-205081497 > .col-inner {\n  margin: 20px 0px 20px 0px;\n}\n<\/style>\n\t<\/div>\n\n\t\n\n<\/div>\n\n\t\t<\/div>\n\t\t\t\t\n<style>\n#col-1418970092 > .col-inner {\n  padding: 25px 0px 0px 0px;\n  margin: -70px 0px 0px 0px;\n}\n@media (min-width:550px) {\n  #col-1418970092 > .col-inner {\n    padding: 50px 0px 0px 0px;\n  }\n}\n<\/style>\n\t<\/div>\n\n\t\n\n<\/div>\n\n\t\t<\/div>\n\n\t\t\n<style>\n#section_447024028 {\n  padding-top: 30px;\n  padding-bottom: 30px;\n}\n<\/style>\n\t<\/section>\n\t\n","protected":false},"excerpt":{"rendered":"","protected":false},"author":3,"featured_media":0,"parent":0,"menu_order":0,"comment_status":"closed","ping_status":"closed","template":"page-blank.php","meta":{"_kad_blocks_custom_css":"","_kad_blocks_head_custom_js":"","_kad_blocks_body_custom_js":"","_kad_blocks_footer_custom_js":"","footnotes":""},"class_list":["post-2791","page","type-page","status-publish","hentry"],"taxonomy_info":[],"featured_image_src_large":false,"author_info":{"display_name":"Bea King","author_link":"https:\/\/startcircular.obreal.org\/es\/author\/beaking\/"},"comment_info":"","_links":{"self":[{"href":"https:\/\/startcircular.obreal.org\/es\/wp-json\/wp\/v2\/pages\/2791","targetHints":{"allow":["GET"]}}],"collection":[{"href":"https:\/\/startcircular.obreal.org\/es\/wp-json\/wp\/v2\/pages"}],"about":[{"href":"https:\/\/startcircular.obreal.org\/es\/wp-json\/wp\/v2\/types\/page"}],"author":[{"embeddable":true,"href":"https:\/\/startcircular.obreal.org\/es\/wp-json\/wp\/v2\/users\/3"}],"replies":[{"embeddable":true,"href":"https:\/\/startcircular.obreal.org\/es\/wp-json\/wp\/v2\/comments?post=2791"}],"version-history":[{"count":2,"href":"https:\/\/startcircular.obreal.org\/es\/wp-json\/wp\/v2\/pages\/2791\/revisions"}],"predecessor-version":[{"id":5512,"href":"https:\/\/startcircular.obreal.org\/es\/wp-json\/wp\/v2\/pages\/2791\/revisions\/5512"}],"wp:attachment":[{"href":"https:\/\/startcircular.obreal.org\/es\/wp-json\/wp\/v2\/media?parent=2791"}],"curies":[{"name":"wp","href":"https:\/\/api.w.org\/{rel}","templated":true}]}}